{"id":10,"date":"2015-12-31T00:07:56","date_gmt":"2015-12-30T23:07:56","guid":{"rendered":"http:\/\/qenergi.pl\/?page_id=10"},"modified":"2025-03-19T23:43:10","modified_gmt":"2025-03-19T22:43:10","slug":"kontakt-i-adres","status":"publish","type":"page","link":"https:\/\/qenergi.pl\/pl\/kontakt-i-adres\/","title":{"rendered":"Kontakt"},"content":{"rendered":"<div id=\"pl-10\"  class=\"panel-layout\" ><div id=\"pg-10-0\"  class=\"panel-grid panel-has-style\" ><div style=\"padding: 30px 0; \" class=\"panel-row-style panel-row-style-for-10-0\" ><div id=\"pgc-10-0-0\"  class=\"panel-grid-cell\" ><div id=\"panel-10-0-0-0\" class=\"so-panel widget widget_sow-editor panel-first-child\" data-index=\"0\" ><div class=\"panel-widget-style panel-widget-style-for-10-0-0-0\" ><div\n\t\t\t\n\t\t\tclass=\"so-widget-sow-editor so-widget-sow-editor-base\"\n\t\t\t\n\t\t>\n<div class=\"siteorigin-widget-tinymce textwidget\">\n\t<p><strong>QENERGI Sp. z&nbsp;o.o.<br \/>\n<\/strong><br \/>\nul. Henryka Dul\u0119by 7, 40-833 Katowice<\/p>\n<p>Zarz\u0105d:<\/p>\n<p>Prezes Zarz\u0105du<br \/>\nMarcin Ku\u015bnierczyk<br \/>\nDyrektor Generalny<\/p>\n<p>tel.: +48 603 888 150<br \/>\ne-mail: <a href=\"&#x6d;&#x61;&#x69;&#x6c;&#x74;&#x6f;&#x3a;&#x6d;&#x61;&#x72;&#x63;&#x69;&#x6e;&#x2e;&#x6b;&#x75;&#x73;&#x6e;&#x69;&#x65;&#x72;&#x63;&#122;&#121;&#107;&#64;&#113;&#101;&#110;&#101;rgi.pl\">&#x6d;ar&#x63;in&#x2e;ku&#x73;ni&#x65;rc&#x7a;yk&#x40;&#113;e&#x6e;&#101;r&#x67;&#105;.&#x70;&#108;<\/a><\/p>\n<p>NIP: 6321974766<br \/>\nREGON: 241208969<br \/>\nKRS: 0000333266<\/p>\n<p>S\u0105d Rejonowy Katowice-Wsch\u00f3d, VIII Wydzia\u0142 Gospodarczy KRS<\/p>\n<p>Kapita\u0142 zak\u0142adowy: 500 000,00 z\u0142<\/p>\n<\/div>\n<\/div><\/div><\/div><div id=\"panel-10-0-0-1\" class=\"so-panel widget widget_sow-google-map panel-last-child\" data-index=\"1\" ><div\n\t\t\t\n\t\t\tclass=\"so-widget-sow-google-map so-widget-sow-google-map-default-ae958db06d5f-10\"\n\t\t\t\n\t\t>\n<div class=\"sow-google-map-canvas\"\n\tstyle=\"\"\n\tid=\"map-canvas-efa383228777a4ee6dcead8d1feafc6e\"\n\tdata-options=\"{&quot;address&quot;:&quot;Dul\\u0119by 7, Katowice&quot;,&quot;zoom&quot;:12,&quot;mobileZoom&quot;:12,&quot;gestureHandling&quot;:&quot;none&quot;,&quot;disableUi&quot;:false,&quot;markerIcon&quot;:&quot;&quot;,&quot;markersDraggable&quot;:false,&quot;markerAtCenter&quot;:true,&quot;markerInfoDisplay&quot;:&quot;mouseover&quot;,&quot;markerInfoMultiple&quot;:true,&quot;markerPositions&quot;:[{&quot;place&quot;:&quot;Dul\\u0119by 7, Katowice&quot;,&quot;info&quot;:&quot;&lt;p&gt;Qenergi Sp. z o. o.&lt;br \\\/&gt;ul. Henryka Dul\\u0119by 7&lt;br \\\/&gt;40-833 Katowice&lt;\\\/p&gt;&quot;,&quot;infoSelectedEditor&quot;:&quot;tinymce&quot;,&quot;infoMaxWidth&quot;:&quot;&quot;,&quot;customMarkerIcon&quot;:&quot;&quot;,&quot;customMarkerIconSize&quot;:&quot;&quot;}],&quot;mapName&quot;:&quot;&quot;,&quot;mapStyles&quot;:&quot;&quot;,&quot;directions&quot;:&quot;&quot;,&quot;apiKey&quot;:&quot;AIzaSyCHKzh-bE6X2APDcTvaJ9TSfAXfuN7CBm0&quot;,&quot;breakpoint&quot;:780}\"\n\tdata-fallback-image=\"{&quot;img&quot;:&quot;&quot;}\"><\/div>\n<\/div><\/div><\/div><div id=\"pgc-10-0-1\"  class=\"panel-grid-cell\" ><div id=\"panel-10-0-1-0\" class=\"so-panel widget widget_black-studio-tinymce widget_black_studio_tinymce panel-first-child panel-last-child\" data-index=\"2\" ><div class=\"textwidget\"><p><div role=\"form\" class=\"wpcf7\" id=\"wpcf7-f7523-o1\" lang=\"pl-PL\" dir=\"ltr\">\n<div class=\"screen-reader-response\"><p role=\"status\" aria-live=\"polite\" aria-atomic=\"true\"><\/p> <ul><\/ul><\/div>\n<form action=\"\/pl\/wp-json\/wp\/v2\/pages\/10#wpcf7-f7523-o1\" method=\"post\" class=\"wpcf7-form init\" novalidate=\"novalidate\" data-status=\"init\">\n<div style=\"display: none;\">\n<input type=\"hidden\" name=\"_wpcf7\" value=\"7523\" \/>\n<input type=\"hidden\" name=\"_wpcf7_version\" value=\"5.4\" \/>\n<input type=\"hidden\" name=\"_wpcf7_locale\" value=\"pl_PL\" \/>\n<input type=\"hidden\" name=\"_wpcf7_unit_tag\" value=\"wpcf7-f7523-o1\" \/>\n<input type=\"hidden\" name=\"_wpcf7_container_post\" value=\"0\" \/>\n<input type=\"hidden\" name=\"_wpcf7_posted_data_hash\" value=\"\" \/>\n<\/div>\n<p><span class=\"wpcf7-form-control-wrap kontakt-odbiorca\"><select name=\"kontakt-odbiorca\" class=\"wpcf7-form-control wpcf7-select wpcf7-validates-as-required\" aria-required=\"true\" aria-invalid=\"false\"><option value=\"Zapytania ofertowe\">Zapytania ofertowe<\/option><option value=\"Sprawy techniczne\">Sprawy techniczne<\/option><option value=\"Serwis\">Serwis<\/option><option value=\"Marketing, administracja\">Marketing, administracja<\/option><option value=\"Inne\">Inne<\/option><\/select><\/span><\/p>\n<p><span class=\"wpcf7-form-control-wrap your-name\"><input type=\"text\" name=\"your-name\" value=\"\" size=\"40\" maxlength=\"100\" minlength=\"5\" class=\"wpcf7-form-control wpcf7-text wpcf7-validates-as-required\" aria-required=\"true\" aria-invalid=\"false\" placeholder=\"Imi\u0119 i nazwisko\" \/><\/span><\/p>\n<p><span class=\"wpcf7-form-control-wrap your-email\"><input type=\"email\" name=\"your-email\" value=\"\" size=\"40\" maxlength=\"90\" class=\"wpcf7-form-control wpcf7-text wpcf7-email wpcf7-validates-as-required wpcf7-validates-as-email\" aria-required=\"true\" aria-invalid=\"false\" placeholder=\"E-mail\" \/><\/span><\/p>\n<p><span class=\"wpcf7-form-control-wrap your-tel\"><input type=\"tel\" name=\"your-tel\" value=\"\" size=\"40\" maxlength=\"20\" minlength=\"9\" class=\"wpcf7-form-control wpcf7-text wpcf7-tel wpcf7-validates-as-tel\" aria-invalid=\"false\" placeholder=\"Telefon\" \/><\/span> <\/p>\n<p><span class=\"wpcf7-form-control-wrap tresc-wiadomosci\"><textarea name=\"tresc-wiadomosci\" cols=\"40\" rows=\"10\" class=\"wpcf7-form-control wpcf7-textarea wpcf7-validates-as-required\" aria-required=\"true\" aria-invalid=\"false\" placeholder=\"Tre\u015b\u0107 wiadomo\u015bci\"><\/textarea><\/span><\/p>\n<p><input type=\"submit\" value=\"Wy\u015blij\" class=\"wpcf7-form-control wpcf7-submit\" \/><\/p>\n<div class=\"wpcf7-response-output\" aria-hidden=\"true\"><\/div><\/form><\/div><\/p>\n<\/div><\/div><\/div><\/div><\/div><\/div>","protected":false},"excerpt":{"rendered":"<p>QENERGI Sp. z o.o. ul. Henryka Dul\u0119by 7, 40-833 Katowice Zarz\u0105d: Prezes Zarz\u0105du Marcin Ku\u015bnierczyk Dyrektor Generalny tel.: +48 603 888 150 e-mail: marci&#110;&#46;&#x6b;&#x75;&#x73;&#x6e;&#x69;&#x65;&#x72;czyk&#64;&#113;&#101;&#110;&#x65;&#x72;&#x67;&#x69;&#x2e;&#x70;l NIP: 6321974766 REGON: 241208969 KRS: 0000333266 S\u0105d Rejonowy Katowice-Wsch\u00f3d, VIII Wydzia\u0142 Gospodarczy KRS Kapita\u0142 zak\u0142adowy: 500 000,00 z\u0142<\/p>\n","protected":false},"author":2,"featured_media":1582,"parent":0,"menu_order":0,"comment_status":"closed","ping_status":"closed","template":"page-templates\/page_front-page.php","meta":{"ngg_post_thumbnail":0},"_links":{"self":[{"href":"https:\/\/qenergi.pl\/pl\/wp-json\/wp\/v2\/pages\/10"}],"collection":[{"href":"https:\/\/qenergi.pl\/pl\/wp-json\/wp\/v2\/pages"}],"about":[{"href":"https:\/\/qenergi.pl\/pl\/wp-json\/wp\/v2\/types\/page"}],"author":[{"embeddable":true,"href":"https:\/\/qenergi.pl\/pl\/wp-json\/wp\/v2\/users\/2"}],"replies":[{"embeddable":true,"href":"https:\/\/qenergi.pl\/pl\/wp-json\/wp\/v2\/comments?post=10"}],"version-history":[{"count":1,"href":"https:\/\/qenergi.pl\/pl\/wp-json\/wp\/v2\/pages\/10\/revisions"}],"predecessor-version":[{"id":14747,"href":"https:\/\/qenergi.pl\/pl\/wp-json\/wp\/v2\/pages\/10\/revisions\/14747"}],"wp:featuredmedia":[{"embeddable":true,"href":"https:\/\/qenergi.pl\/pl\/wp-json\/wp\/v2\/media\/1582"}],"wp:attachment":[{"href":"https:\/\/qenergi.pl\/pl\/wp-json\/wp\/v2\/media?parent=10"}],"curies":[{"name":"wp","href":"https:\/\/api.w.org\/{rel}","templated":true}]}}