{"id":101,"date":"2016-01-06T01:51:14","date_gmt":"2016-01-06T00:51:14","guid":{"rendered":"http:\/\/qenergi.pl\/?page_id=101"},"modified":"2016-10-09T18:12:47","modified_gmt":"2016-10-09T16:12:47","slug":"inteligentne-systemy-sterowania-i-nadzoru-ssin","status":"publish","type":"page","link":"https:\/\/qenergi.pl\/pl\/inteligentne-systemy-sterowania-i-nadzoru-ssin\/","title":{"rendered":"Inteligentne systemy sterowania i nadzoru (SSIN)"},"content":{"rendered":"<div id=\"pl-101\"  class=\"panel-layout\" ><div id=\"pg-101-0\"  class=\"panel-grid panel-has-style\" ><div style=\"padding: 0px 0; \" class=\"panel-row-style panel-row-style-for-101-0\" ><div id=\"pgc-101-0-0\"  class=\"panel-grid-cell\" ><div id=\"panel-101-0-0-0\" class=\"so-panel widget widget_sow-hero panel-first-child panel-last-child\" data-index=\"0\" ><div class=\"panel-widget-style panel-widget-style-for-101-0-0-0\" ><div\n\t\t\t\n\t\t\tclass=\"so-widget-sow-hero so-widget-sow-hero-default-e92b513ed6ee-101 so-widget-fittext-wrapper\"\n\t\t\t data-fit-text-compressor=\"0.85\"\n\t\t>\t\t\t\t<div class=\"sow-slider-base\" style=\"display: none\" tabindex=\"0\">\n\t\t\t\t\t<ul\n\t\t\t\t\tclass=\"sow-slider-images\"\n\t\t\t\t\tdata-settings=\"{&quot;pagination&quot;:true,&quot;speed&quot;:800,&quot;timeout&quot;:3000,&quot;paused&quot;:false,&quot;pause_on_hover&quot;:false,&quot;swipe&quot;:true,&quot;nav_always_show_desktop&quot;:&quot;&quot;,&quot;nav_always_show_mobile&quot;:&quot;&quot;,&quot;breakpoint&quot;:&quot;780px&quot;,&quot;unmute&quot;:false,&quot;anchor&quot;:null}\"\n\t\t\t\t\t\t\t\t\t\tdata-anchor-id=\"\"\n\t\t\t\t>\t\t<li class=\"sow-slider-image  sow-slider-image-cover\" style=\"visibility: visible;;background-color: #333333;background-image: url(https:\/\/qenergi.pl\/wp-content\/uploads\/2016\/01\/ssin5.jpg)\" >\n\t\t\t\t\t<div class=\"sow-slider-image-container\">\n\t\t\t<div class=\"sow-slider-image-wrapper\">\n\t\t\t\t\t\t\t<\/div>\n\t\t<\/div>\n\t\t\t\t<\/li>\n\t\t<\/ul>\t\t\t\t<ol class=\"sow-slider-pagination\">\n\t\t\t\t\t\t\t\t\t\t\t<li><a href=\"#\" data-goto=\"0\" aria-label=\"display slide 1\"><\/a><\/li>\n\t\t\t\t\t\t\t\t\t<\/ol>\n\n\t\t\t\t<div class=\"sow-slide-nav sow-slide-nav-next\">\n\t\t\t\t\t<a href=\"#\" data-goto=\"next\" aria-label=\"next slide\" data-action=\"next\">\n\t\t\t\t\t\t<em class=\"sow-sld-icon-thin-right\"><\/em>\n\t\t\t\t\t<\/a>\n\t\t\t\t<\/div>\n\n\t\t\t\t<div class=\"sow-slide-nav sow-slide-nav-prev\">\n\t\t\t\t\t<a href=\"#\" data-goto=\"previous\" aria-label=\"previous slide\" data-action=\"prev\">\n\t\t\t\t\t\t<em class=\"sow-sld-icon-thin-left\"><\/em>\n\t\t\t\t\t<\/a>\n\t\t\t\t<\/div>\n\t\t\t\t<\/div><\/div><\/div><\/div><\/div><\/div><\/div><div id=\"pg-101-1\"  class=\"panel-grid panel-has-style\" ><div style=\"padding: 0px 0; \" class=\"panel-row-style panel-row-style-for-101-1\" ><div id=\"pgc-101-1-0\"  class=\"panel-grid-cell\" ><div id=\"panel-101-1-0-0\" class=\"so-panel widget widget_sow-headline panel-first-child panel-last-child\" data-index=\"1\" ><div class=\"panel-widget-style panel-widget-style-for-101-1-0-0\" ><div\n\t\t\t\n\t\t\tclass=\"so-widget-sow-headline so-widget-sow-headline-default-5fd69398a141-101 so-widget-fittext-wrapper\"\n\t\t\t data-fit-text-compressor=\"0.85\"\n\t\t><div class=\"sow-headline-container \">\n\t\t\t\t\t\t\t<h1 class=\"sow-headline\">\n\t\t\t\t\t\tInteligentne systemy sterowania i&nbsp;nadzoru&nbsp;(SSIN)\t\t\t\t\t\t<\/h1>\n\t\t\t\t\t\t\t\t\t\t\t<div class=\"decoration\">\n\t\t\t\t\t\t<div class=\"decoration-inside\"><\/div>\n\t\t\t\t\t<\/div>\n\t\t\t\t\t<\/div>\n<\/div><\/div><\/div><\/div><\/div><\/div><div id=\"pg-101-2\"  class=\"panel-grid panel-has-style\" ><div style=\"padding: 0px 0; \" class=\"panel-row-style panel-row-style-for-101-2\" ><div id=\"pgc-101-2-0\"  class=\"panel-grid-cell\" ><div id=\"panel-101-2-0-0\" class=\"so-panel widget widget_sow-editor panel-first-child panel-last-child\" data-index=\"2\" ><div class=\"panel-widget-style panel-widget-style-for-101-2-0-0\" ><div\n\t\t\t\n\t\t\tclass=\"so-widget-sow-editor so-widget-sow-editor-base\"\n\t\t\t\n\t\t>\n<div class=\"siteorigin-widget-tinymce textwidget\">\n\t<p style=\"text-align: justify;\" align=\"justify\">W&nbsp;naszej ofercie znajduj\u0105 si\u0119 r\u00f3wnie\u017c us\u0142ugi w&nbsp;zakresie realizacji komputerowych system\u00f3w sterowania, nadzoru i&nbsp;wizualizacji oraz automatyzacji proces\u00f3w produkcyjnych i&nbsp;technologicznych.<\/p>\n<p style=\"text-align: left;\"><b><i> Oferta us\u0142ug w&nbsp;zakresie system\u00f3w obejmuje: <\/i><\/b><\/p>\n<ul class=\"services\" style=\"text-align: left;\">\n<li>doradztwo i&nbsp;inwentaryzacj\u0119 stanu istniej\u0105cego<\/li>\n<li>opracowania koncepcji rozwi\u0105za\u0144<\/li>\n<li>opracowanie gotowego rozwi\u0105zania w&nbsp;postaci projektu technicznego<\/li>\n<li>dob\u00f3r odpowiednich urz\u0105dze\u0144 pomiarowych i&nbsp;wykonawczych<\/li>\n<li>dob\u00f3r oprogramowania narz\u0119dziowego, stacji komputerowych, oprogramowania sterownik\u00f3w<\/li>\n<li>kompletacja dostaw sprz\u0119tu, urz\u0105dze\u0144, komputer\u00f3w, stanowisk dyspozytorskich<\/li>\n<li>instalacja sieci wewn\u0119trznej<\/li>\n<li>instalacja systemu, oprogramowa\u0144 i&nbsp;uruchomienie proces\u00f3w<\/li>\n<li>rozruch technologiczny<\/li>\n<li>szkolenia personelu\n<\/li>\n<\/ul>\n<p style=\"text-align: left;\"><b><i> Inteligentny system sterowania, nadzoru i&nbsp;wizualizacji ma za&nbsp;zadanie:<\/i><\/b><\/p>\n<ul class=\"services\" style=\"text-align: left;\">\n<li>sterowanie procesami technologicznym<\/li>\n<li>nadz\u00f3r i&nbsp;kontrol\u0119 poprawno\u015bci pracy<\/li>\n<li>komputerowe wspomaganie zespo\u0142u obs\u0142uguj\u0105cego<\/li>\n<li>diagnostyk\u0119 pracuj\u0105cych urz\u0105dze\u0144<\/li>\n<li>monitorowanie i&nbsp;rejestracja pracy<\/li>\n<li>planowanie pracy, przegl\u0105d\u00f3w i&nbsp;remont\u00f3w<\/li>\n<li>analizowanie, obliczenia, opomiarowanie<\/li>\n<li>przetwarzanie danych i&nbsp;prezentacj\u0119 wykres\u00f3w<\/li>\n<li>optymalizacj\u0119 koszt\u00f3w i&nbsp;pracy proces\u00f3w produkcyjno-technologicznych\n<\/li>\n<\/ul>\n<p style=\"text-align: left;\"><b><i> Zastosowanie:<\/i><\/b><\/p>\n<ul class=\"services\" style=\"text-align: left;\">\n<li>zak\u0142ady przemys\u0142owe i&nbsp;produkcyjne<\/li>\n<li>elektrownie wodne, wiatrowe, elektrociep\u0142ownie, zak\u0142ady ciep\u0142ownicze<\/li>\n<li>stacje rozdzielcze<\/li>\n<li>rozdzielnice nN, SN, WN<\/li>\n<li>regulacja prac\u0105 urz\u0105dze\u0144 i&nbsp;maszyn\n<\/li>\n<\/ul>\n<p style=\"text-align: left;\"><b><i> Zalety naszych system\u00f3w:<\/i><\/b><\/p>\n<ul class=\"services\">\n<li style=\"text-align: left;\">uwzgl\u0119dnianie wymaga\u0144 klient\u00f3w<\/li>\n<li style=\"text-align: left;\">elastyczne rozwi\u0105zania umo\u017cliwiaj\u0105ce rozbudow\u0119 i&nbsp;modernizacj\u0119<\/li>\n<li style=\"text-align: left;\">rozwojowe mechanizmy i&nbsp;architektura<\/li>\n<li style=\"text-align: left;\">propozycja w\u0142asnych rozwi\u0105za\u0144 wed\u0142ug okre\u015blonych potrzeb<\/li>\n<li style=\"text-align: left;\">samotestowanie funkcjonalne<\/li>\n<li style=\"text-align: left;\">synchronizacja czasu<\/li>\n<li style=\"text-align: left;\">niezawodno\u015b\u0107 poprzez zastosowanie redundancji<\/li>\n<li style=\"text-align: left;\">wsp\u00f3\u0142praca z&nbsp;innymi urz\u0105dzeniami pomiarowymi i&nbsp;wykonawczymi<\/li>\n<li style=\"text-align: left;\">przyjazny interfejs u\u017cytkownika<\/li>\n<li style=\"text-align: left;\">standardowe i&nbsp;powszechnie u\u017cywane \u0142\u0105cza komunikacyjne<\/li>\n<li style=\"text-align: left;\">dost\u0119pno\u015b\u0107 rynkowa do&nbsp;osprz\u0119tu w&nbsp;okresie d\u0142ugoterminowym<\/li>\n<li style=\"text-align: left;\">zgodno\u015b\u0107 z&nbsp;obowi\u0105zuj\u0105cymi normami i&nbsp;standardami<\/li>\n<li style=\"text-align: left;\">sterowanie i&nbsp;kontrola na&nbsp;odleg\u0142o\u015b\u0107 poprzez Internet\/Intranet<\/li>\n<li style=\"text-align: left;\">zdalny nadz\u00f3r i&nbsp;serwisowanie<\/li>\n<li style=\"text-align: left;\">integracja systemu z&nbsp;innymi systemami i&nbsp;urz\u0105dzeniami o&nbsp;odpowiednim protokole komunikacyjnym<\/li>\n<li style=\"text-align: left;\">mo\u017cliwo\u015b\u0107 zastosowania sieci \u015bwiat\u0142owodowej lub&nbsp;w&nbsp;zale\u017cno\u015bci od protoko\u0142u Ethernet, Profibus, Modbus, DNP3, S-BUS, IEC 60870, IEC 61850<\/li>\n<li style=\"text-align: left;\">wykorzystanie technologii GSM\/GPRS i&nbsp;radiowych<\/li>\n<\/ul>\n<p>\u00a0<\/p>\n<p style=\"text-align: justify;\" align=\"justify\">Do&nbsp;realizacji naszych system\u00f3w wykorzystujemy sterowniki i&nbsp;osprz\u0119t renomowanych firm m.in.: Siemens, SAIA, Beckhoff, Schneider, Wago, Fanuc, Omron, Mitsubishi oraz inne w&nbsp;zale\u017cno\u015bci od potrzeb lub&nbsp;\u017cycze\u0144 klient\u00f3w.<\/p>\n<\/div>\n<\/div><\/div><\/div><\/div><div id=\"pgc-101-2-1\"  class=\"panel-grid-cell\" ><div id=\"panel-101-2-1-0\" class=\"so-panel widget widget_sow-editor panel-first-child panel-last-child\" data-index=\"3\" ><div class=\"panel-widget-style panel-widget-style-for-101-2-1-0\" ><div\n\t\t\t\n\t\t\tclass=\"so-widget-sow-editor so-widget-sow-editor-base\"\n\t\t\t\n\t\t>\n<div class=\"siteorigin-widget-tinymce textwidget\">\n\t<p><strong>Oferta<\/strong><\/p>\n<ul>\n<li><a href=\"http:\/\/qenergi.pl\/projektowanie-i-doradztwo-techniczne\/\">Projektowanie i&nbsp;doradztwo techniczne<\/a><\/li>\n<li><a href=\"http:\/\/qenergi.pl\/produkcja-i-prefabrykacja\/\">Produkcja i&nbsp;prefabrykacja<\/a><\/li>\n<li><a href=\"http:\/\/qenergi.pl\/wykonawstwo-obiektowe\/\">Wykonawstwo obiektowe<\/a><\/li>\n<li><a href=\"http:\/\/qenergi.pl\/automatyka-elektroenergetyczna-i-eaz\/\">Automatyka elektroenergetyczna i&nbsp;EAZ<\/a><\/li>\n<li><a href=\"http:\/\/qenergi.pl\/inteligentne-systemy-sterowania-i-nadzoru-ssin\/\">Inteligentne systemy sterowania i&nbsp;nadzoru (SSIN)<\/a><\/li>\n<li><a href=\"http:\/\/qenergi.pl\/pomiary-i-uruchomienia\/\">Pomiary i&nbsp;uruchomienia<\/a><\/li>\n<li><a href=\"http:\/\/qenergi.pl\/serwis-gwarancyjny-i-pogwarancyjny\/\">Serwis gwarancyjny i&nbsp;pogwarancyjny<\/a><\/li>\n<li><a href=\"http:\/\/qenergi.pl\/generalna-realizacja-inwestycji\/\">Generalna realizacja inwestycji<\/a><\/li>\n<\/ul>\n<p><strong>Przydatne linki<\/strong><\/p>\n<ul class=\"services\">\n<li><a href=\"http:\/\/www.ure.gov.pl\"> Urz\u0105d Regulacji Energetyki<\/a><\/li>\n<li><a href=\"http:\/\/www.cire.pl\">Centrum Informacji o&nbsp;Rynku Energii<\/a><\/li>\n<li><a href=\"http:\/\/www.sep.katowice.pl\">SEP Katowice<\/a><\/li>\n<\/ul>\n<\/div>\n<\/div><\/div><\/div><\/div><\/div><\/div><\/div>","protected":false},"excerpt":{"rendered":"<p>Inteligentne systemy sterowania i&nbsp;nadzoru&nbsp;(SSIN) W&nbsp;naszej ofercie znajduj\u0105 si\u0119 r\u00f3wnie\u017c us\u0142ugi w&nbsp;zakresie realizacji komputerowych system\u00f3w sterowania, nadzoru i&nbsp;wizualizacji oraz automatyzacji proces\u00f3w produkcyjnych i&nbsp;technologicznych. Oferta us\u0142ug w&nbsp;zakresie system\u00f3w obejmuje: doradztwo i&nbsp;inwentaryzacj\u0119 stanu istniej\u0105cego opracowania koncepcji rozwi\u0105za\u0144 opracowanie gotowego rozwi\u0105zania w&nbsp;postaci projektu technicznego dob\u00f3r odpowiednich urz\u0105dze\u0144 pomiarowych i&nbsp;wykonawczych dob\u00f3r oprogramowania narz\u0119dziowego, stacji komputerowych, oprogramowania sterownik\u00f3w kompletacja dostaw sprz\u0119tu, [&hellip;]<\/p>\n","protected":false},"author":2,"featured_media":1581,"parent":0,"menu_order":0,"comment_status":"closed","ping_status":"closed","template":"page-templates\/page_front-page.php","meta":{"ngg_post_thumbnail":0},"_links":{"self":[{"href":"https:\/\/qenergi.pl\/pl\/wp-json\/wp\/v2\/pages\/101"}],"collection":[{"href":"https:\/\/qenergi.pl\/pl\/wp-json\/wp\/v2\/pages"}],"about":[{"href":"https:\/\/qenergi.pl\/pl\/wp-json\/wp\/v2\/types\/page"}],"author":[{"embeddable":true,"href":"https:\/\/qenergi.pl\/pl\/wp-json\/wp\/v2\/users\/2"}],"replies":[{"embeddable":true,"href":"https:\/\/qenergi.pl\/pl\/wp-json\/wp\/v2\/comments?post=101"}],"version-history":[{"count":0,"href":"https:\/\/qenergi.pl\/pl\/wp-json\/wp\/v2\/pages\/101\/revisions"}],"wp:featuredmedia":[{"embeddable":true,"href":"https:\/\/qenergi.pl\/pl\/wp-json\/wp\/v2\/media\/1581"}],"wp:attachment":[{"href":"https:\/\/qenergi.pl\/pl\/wp-json\/wp\/v2\/media?parent=101"}],"curies":[{"name":"wp","href":"https:\/\/api.w.org\/{rel}","templated":true}]}}