{"id":107,"date":"2016-01-06T01:52:09","date_gmt":"2016-01-06T00:52:09","guid":{"rendered":"http:\/\/qenergi.pl\/?page_id=107"},"modified":"2016-10-09T18:55:17","modified_gmt":"2016-10-09T16:55:17","slug":"serwis-gwarancyjny-i-pogwarancyjny","status":"publish","type":"page","link":"https:\/\/qenergi.pl\/pl\/serwis-gwarancyjny-i-pogwarancyjny\/","title":{"rendered":"Serwis gwarancyjny i pogwarancyjny"},"content":{"rendered":"<div id=\"pl-107\"  class=\"panel-layout\" ><div id=\"pg-107-0\"  class=\"panel-grid panel-has-style\" ><div style=\"padding: 0px 0; \" class=\"panel-row-style panel-row-style-for-107-0\" ><div id=\"pgc-107-0-0\"  class=\"panel-grid-cell\" ><div id=\"panel-107-0-0-0\" class=\"so-panel widget widget_sow-hero panel-first-child panel-last-child\" data-index=\"0\" ><div class=\"panel-widget-style panel-widget-style-for-107-0-0-0\" ><div\n\t\t\t\n\t\t\tclass=\"so-widget-sow-hero so-widget-sow-hero-default-e92b513ed6ee-107 so-widget-fittext-wrapper\"\n\t\t\t data-fit-text-compressor=\"0.85\"\n\t\t>\t\t\t\t<div class=\"sow-slider-base\" style=\"display: none\" tabindex=\"0\">\n\t\t\t\t\t<ul\n\t\t\t\t\tclass=\"sow-slider-images\"\n\t\t\t\t\tdata-settings=\"{&quot;pagination&quot;:true,&quot;speed&quot;:800,&quot;timeout&quot;:3000,&quot;paused&quot;:false,&quot;pause_on_hover&quot;:false,&quot;swipe&quot;:true,&quot;nav_always_show_desktop&quot;:&quot;&quot;,&quot;nav_always_show_mobile&quot;:&quot;&quot;,&quot;breakpoint&quot;:&quot;780px&quot;,&quot;unmute&quot;:false,&quot;anchor&quot;:null}\"\n\t\t\t\t\t\t\t\t\t\tdata-anchor-id=\"\"\n\t\t\t\t>\t\t<li class=\"sow-slider-image  sow-slider-image-cover\" style=\"visibility: visible;;background-color: #333333;background-image: url(https:\/\/qenergi.pl\/wp-content\/uploads\/2016\/09\/serwis-gwarancyjny-i-pogwarancyjny.jpeg)\" >\n\t\t\t\t\t<div class=\"sow-slider-image-container\">\n\t\t\t<div class=\"sow-slider-image-wrapper\">\n\t\t\t\t\t\t\t<\/div>\n\t\t<\/div>\n\t\t\t\t<\/li>\n\t\t<\/ul>\t\t\t\t<ol class=\"sow-slider-pagination\">\n\t\t\t\t\t\t\t\t\t\t\t<li><a href=\"#\" data-goto=\"0\" aria-label=\"display slide 1\"><\/a><\/li>\n\t\t\t\t\t\t\t\t\t<\/ol>\n\n\t\t\t\t<div class=\"sow-slide-nav sow-slide-nav-next\">\n\t\t\t\t\t<a href=\"#\" data-goto=\"next\" aria-label=\"next slide\" data-action=\"next\">\n\t\t\t\t\t\t<em class=\"sow-sld-icon-thin-right\"><\/em>\n\t\t\t\t\t<\/a>\n\t\t\t\t<\/div>\n\n\t\t\t\t<div class=\"sow-slide-nav sow-slide-nav-prev\">\n\t\t\t\t\t<a href=\"#\" data-goto=\"previous\" aria-label=\"previous slide\" data-action=\"prev\">\n\t\t\t\t\t\t<em class=\"sow-sld-icon-thin-left\"><\/em>\n\t\t\t\t\t<\/a>\n\t\t\t\t<\/div>\n\t\t\t\t<\/div><\/div><\/div><\/div><\/div><\/div><\/div><div id=\"pg-107-1\"  class=\"panel-grid panel-has-style\" ><div style=\"padding: 0px 0; \" class=\"panel-row-style panel-row-style-for-107-1\" ><div id=\"pgc-107-1-0\"  class=\"panel-grid-cell\" ><div id=\"panel-107-1-0-0\" class=\"so-panel widget widget_sow-headline panel-first-child panel-last-child\" data-index=\"1\" ><div class=\"panel-widget-style panel-widget-style-for-107-1-0-0\" ><div\n\t\t\t\n\t\t\tclass=\"so-widget-sow-headline so-widget-sow-headline-default-5fd69398a141-107 so-widget-fittext-wrapper\"\n\t\t\t data-fit-text-compressor=\"0.85\"\n\t\t><div class=\"sow-headline-container \">\n\t\t\t\t\t\t\t<h1 class=\"sow-headline\">\n\t\t\t\t\t\tSerwis gwarancyjny i&nbsp;pogwarancyjny\t\t\t\t\t\t<\/h1>\n\t\t\t\t\t\t\t\t\t\t\t<div class=\"decoration\">\n\t\t\t\t\t\t<div class=\"decoration-inside\"><\/div>\n\t\t\t\t\t<\/div>\n\t\t\t\t\t<\/div>\n<\/div><\/div><\/div><\/div><\/div><\/div><div id=\"pg-107-2\"  class=\"panel-grid panel-has-style\" ><div style=\"padding: 0px 0; \" class=\"panel-row-style panel-row-style-for-107-2\" ><div id=\"pgc-107-2-0\"  class=\"panel-grid-cell\" ><div id=\"panel-107-2-0-0\" class=\"so-panel widget widget_sow-editor panel-first-child panel-last-child\" data-index=\"2\" ><div class=\"panel-widget-style panel-widget-style-for-107-2-0-0\" ><div\n\t\t\t\n\t\t\tclass=\"so-widget-sow-editor so-widget-sow-editor-base\"\n\t\t\t\n\t\t>\n<div class=\"siteorigin-widget-tinymce textwidget\">\n\t<p style=\"text-align: justify;\" align=\"justify\">Maj\u0105c na&nbsp;uwadze stale rosn\u0105ce potrzeby i&nbsp;wymagania klient\u00f3w, na&nbsp;wszystkie nasze us\u0142ugi i&nbsp;wyroby udzielamy gwarancji. Zapewniamy profesjonaln\u0105 konserwacj\u0119 i&nbsp;opiek\u0119 techniczn\u0105 nad&nbsp;naszymi produktami w&nbsp;celu ich d\u0142ugotrwa\u0142ej i&nbsp;bezawaryjnej pracy.<\/p>\n<p style=\"text-align: justify;\">Posiadamy zesp\u00f3\u0142 wykwalifikowanych pracownik\u00f3w, kt\u00f3rzy potrafi\u0105 sprosta\u0107 oczekiwaniom Inwestor\u00f3w poprzez poprawn\u0105 i&nbsp;szybk\u0105 analiz\u0119 ewentualnego problemu oraz usuni\u0119cie wszelkich nieprawid\u0142owo\u015bci.<br \/> Dbaj\u0105c o&nbsp;komfort naszych klient\u00f3w \u015bwiadczymy r\u00f3wnie\u017c us\u0142ugi pogwarancyjne w&nbsp;pe\u0142nym zakresie naszej oferty.<\/p>\n<p style=\"text-align: justify;\">Jeste\u015bmy autorami ekspertyz technicznych, reprezentujemy tak\u017ce klienta w&nbsp;sytuacjach spornych awarii jakiegokolwiek urz\u0105dzenia lub&nbsp;aparatu wykorzystywanego przez&nbsp;nas b\u0105d\u017a&nbsp;zasilanego z&nbsp;naszych instalacji.<\/p>\n<p style=\"text-align: justify;\">O&nbsp;skuteczno\u015bci naszego serwisu \u015bwiadczy fakt, \u017ce&nbsp;jeste\u015bmy w&nbsp;stanie zareagowa\u0107 bezzw\u0142ocznie oraz odpowiedzie\u0107 na&nbsp;wezwanie klienta na&nbsp;terenie kraju w&nbsp;czasie nie d\u0142u\u017cszym ni\u017c 24 godziny od\u00a0momentu skutecznego zg\u0142oszenia.<\/p>\n<\/div>\n<\/div><\/div><\/div><\/div><div id=\"pgc-107-2-1\"  class=\"panel-grid-cell\" ><div id=\"panel-107-2-1-0\" class=\"so-panel widget widget_sow-editor panel-first-child panel-last-child\" data-index=\"3\" ><div class=\"panel-widget-style panel-widget-style-for-107-2-1-0\" ><div\n\t\t\t\n\t\t\tclass=\"so-widget-sow-editor so-widget-sow-editor-base\"\n\t\t\t\n\t\t>\n<div class=\"siteorigin-widget-tinymce textwidget\">\n\t<p><strong>Oferta<\/strong><\/p>\n<ul>\n<li><a href=\"http:\/\/qenergi.pl\/projektowanie-i-doradztwo-techniczne\/\">Projektowanie i&nbsp;doradztwo techniczne<\/a><\/li>\n<li><a href=\"http:\/\/qenergi.pl\/produkcja-i-prefabrykacja\/\">Produkcja i&nbsp;prefabrykacja<\/a><\/li>\n<li><a href=\"http:\/\/qenergi.pl\/wykonawstwo-obiektowe\/\">Wykonawstwo obiektowe<\/a><\/li>\n<li><a href=\"http:\/\/qenergi.pl\/automatyka-elektroenergetyczna-i-eaz\/\">Automatyka elektroenergetyczna i&nbsp;EAZ<\/a><\/li>\n<li><a href=\"http:\/\/qenergi.pl\/inteligentne-systemy-sterowania-i-nadzoru-ssin\/\">Inteligentne systemy sterowania i&nbsp;nadzoru (SSIN)<\/a><\/li>\n<li><a href=\"http:\/\/qenergi.pl\/pomiary-i-uruchomienia\/\">Pomiary i&nbsp;uruchomienia<\/a><\/li>\n<li><a href=\"http:\/\/qenergi.pl\/serwis-gwarancyjny-i-pogwarancyjny\/\">Serwis gwarancyjny i&nbsp;pogwarancyjny<\/a><\/li>\n<li><a href=\"http:\/\/qenergi.pl\/generalna-realizacja-inwestycji\/\">Generalna realizacja inwestycji<\/a><\/li>\n<\/ul>\n<p><strong>Przydatne linki<\/strong><\/p>\n<ul class=\"services\">\n<li><a href=\"http:\/\/www.ure.gov.pl\"> Urz\u0105d Regulacji Energetyki<\/a><\/li>\n<li><a href=\"http:\/\/www.cire.pl\">Centrum Informacji o&nbsp;Rynku Energii<\/a><\/li>\n<li><a href=\"http:\/\/www.sep.katowice.pl\">SEP Katowice<\/a><\/li>\n<\/ul>\n<\/div>\n<\/div><\/div><\/div><\/div><\/div><\/div><\/div>","protected":false},"excerpt":{"rendered":"<p>Serwis gwarancyjny i&nbsp;pogwarancyjny Maj\u0105c na&nbsp;uwadze stale rosn\u0105ce potrzeby i&nbsp;wymagania klient\u00f3w, na&nbsp;wszystkie nasze us\u0142ugi i&nbsp;wyroby udzielamy gwarancji. Zapewniamy profesjonaln\u0105 konserwacj\u0119 i&nbsp;opiek\u0119 techniczn\u0105 nad&nbsp;naszymi produktami w&nbsp;celu ich d\u0142ugotrwa\u0142ej i&nbsp;bezawaryjnej pracy. Posiadamy zesp\u00f3\u0142 wykwalifikowanych pracownik\u00f3w, kt\u00f3rzy potrafi\u0105 sprosta\u0107 oczekiwaniom Inwestor\u00f3w poprzez poprawn\u0105 i&nbsp;szybk\u0105 analiz\u0119 ewentualnego problemu oraz usuni\u0119cie wszelkich nieprawid\u0142owo\u015bci. Dbaj\u0105c o&nbsp;komfort naszych klient\u00f3w \u015bwiadczymy r\u00f3wnie\u017c us\u0142ugi pogwarancyjne [&hellip;]<\/p>\n","protected":false},"author":2,"featured_media":1562,"parent":0,"menu_order":0,"comment_status":"closed","ping_status":"closed","template":"page-templates\/page_front-page.php","meta":{"ngg_post_thumbnail":0},"_links":{"self":[{"href":"https:\/\/qenergi.pl\/pl\/wp-json\/wp\/v2\/pages\/107"}],"collection":[{"href":"https:\/\/qenergi.pl\/pl\/wp-json\/wp\/v2\/pages"}],"about":[{"href":"https:\/\/qenergi.pl\/pl\/wp-json\/wp\/v2\/types\/page"}],"author":[{"embeddable":true,"href":"https:\/\/qenergi.pl\/pl\/wp-json\/wp\/v2\/users\/2"}],"replies":[{"embeddable":true,"href":"https:\/\/qenergi.pl\/pl\/wp-json\/wp\/v2\/comments?post=107"}],"version-history":[{"count":0,"href":"https:\/\/qenergi.pl\/pl\/wp-json\/wp\/v2\/pages\/107\/revisions"}],"wp:featuredmedia":[{"embeddable":true,"href":"https:\/\/qenergi.pl\/pl\/wp-json\/wp\/v2\/media\/1562"}],"wp:attachment":[{"href":"https:\/\/qenergi.pl\/pl\/wp-json\/wp\/v2\/media?parent=107"}],"curies":[{"name":"wp","href":"https:\/\/api.w.org\/{rel}","templated":true}]}}