{"id":110,"date":"2016-01-06T01:52:51","date_gmt":"2016-01-06T00:52:51","guid":{"rendered":"http:\/\/qenergi.pl\/?page_id=110"},"modified":"2016-10-09T18:28:19","modified_gmt":"2016-10-09T16:28:19","slug":"pomiary-i-uruchomienia","status":"publish","type":"page","link":"https:\/\/qenergi.pl\/pl\/pomiary-i-uruchomienia\/","title":{"rendered":"Pomiary i uruchomienia"},"content":{"rendered":"<div id=\"pl-110\"  class=\"panel-layout\" ><div id=\"pg-110-0\"  class=\"panel-grid panel-has-style\" ><div style=\"padding: 0px 0; \" class=\"panel-row-style panel-row-style-for-110-0\" ><div id=\"pgc-110-0-0\"  class=\"panel-grid-cell\" ><div id=\"panel-110-0-0-0\" class=\"so-panel widget widget_sow-hero panel-first-child panel-last-child\" data-index=\"0\" ><div class=\"panel-widget-style panel-widget-style-for-110-0-0-0\" ><div\n\t\t\t\n\t\t\tclass=\"so-widget-sow-hero so-widget-sow-hero-default-0e6989de9c48-110 so-widget-fittext-wrapper\"\n\t\t\t data-fit-text-compressor=\"0.85\"\n\t\t>\t\t\t\t<div class=\"sow-slider-base\" style=\"display: none\" tabindex=\"0\">\n\t\t\t\t\t<ul\n\t\t\t\t\tclass=\"sow-slider-images\"\n\t\t\t\t\tdata-settings=\"{&quot;pagination&quot;:true,&quot;speed&quot;:800,&quot;timeout&quot;:3000,&quot;paused&quot;:false,&quot;pause_on_hover&quot;:false,&quot;swipe&quot;:true,&quot;nav_always_show_desktop&quot;:&quot;&quot;,&quot;nav_always_show_mobile&quot;:&quot;&quot;,&quot;breakpoint&quot;:&quot;780px&quot;,&quot;unmute&quot;:false,&quot;anchor&quot;:null}\"\n\t\t\t\t\t\t\t\t\t\tdata-anchor-id=\"\"\n\t\t\t\t>\t\t<li class=\"sow-slider-image  sow-slider-image-cover\" style=\"visibility: visible;;background-color: #333333;background-image: url(https:\/\/qenergi.pl\/wp-content\/uploads\/2016\/01\/pomiary-i-uruchomienia-agw_0351.jpg)\" >\n\t\t\t\t\t<div class=\"sow-slider-image-container\">\n\t\t\t<div class=\"sow-slider-image-wrapper\">\n\t\t\t\t\t\t\t<\/div>\n\t\t<\/div>\n\t\t\t\t<\/li>\n\t\t\t\t<li class=\"sow-slider-image  sow-slider-image-cover\" style=\"visibility: hidden;;background-color: #333333\" data-background=\"url(https:\/\/qenergi.pl\/wp-content\/uploads\/2016\/01\/pomiary-i-uruchomienia-agw_0411-cut.jpg)\" >\n\t\t\t\t\t<div class=\"sow-slider-image-container\">\n\t\t\t<div class=\"sow-slider-image-wrapper\">\n\t\t\t\t\t\t\t<\/div>\n\t\t<\/div>\n\t\t\t\t<\/li>\n\t\t\t\t<li class=\"sow-slider-image  sow-slider-image-cover\" style=\"visibility: hidden;;background-color: #333333\" data-background=\"url(https:\/\/qenergi.pl\/wp-content\/uploads\/2016\/01\/agw_0064.jpg)\" >\n\t\t\t\t\t<div class=\"sow-slider-image-container\">\n\t\t\t<div class=\"sow-slider-image-wrapper\">\n\t\t\t\t\t\t\t<\/div>\n\t\t<\/div>\n\t\t\t\t<\/li>\n\t\t<\/ul>\t\t\t\t<ol class=\"sow-slider-pagination\">\n\t\t\t\t\t\t\t\t\t\t\t<li><a href=\"#\" data-goto=\"0\" aria-label=\"display slide 1\"><\/a><\/li>\n\t\t\t\t\t\t\t\t\t\t\t<li><a href=\"#\" data-goto=\"1\" aria-label=\"display slide 2\"><\/a><\/li>\n\t\t\t\t\t\t\t\t\t\t\t<li><a href=\"#\" data-goto=\"2\" aria-label=\"display slide 3\"><\/a><\/li>\n\t\t\t\t\t\t\t\t\t<\/ol>\n\n\t\t\t\t<div class=\"sow-slide-nav sow-slide-nav-next\">\n\t\t\t\t\t<a href=\"#\" data-goto=\"next\" aria-label=\"next slide\" data-action=\"next\">\n\t\t\t\t\t\t<em class=\"sow-sld-icon-thin-right\"><\/em>\n\t\t\t\t\t<\/a>\n\t\t\t\t<\/div>\n\n\t\t\t\t<div class=\"sow-slide-nav sow-slide-nav-prev\">\n\t\t\t\t\t<a href=\"#\" data-goto=\"previous\" aria-label=\"previous slide\" data-action=\"prev\">\n\t\t\t\t\t\t<em class=\"sow-sld-icon-thin-left\"><\/em>\n\t\t\t\t\t<\/a>\n\t\t\t\t<\/div>\n\t\t\t\t<\/div><\/div><\/div><\/div><\/div><\/div><\/div><div id=\"pg-110-1\"  class=\"panel-grid panel-has-style\" ><div style=\"padding: 0px 0; \" class=\"panel-row-style panel-row-style-for-110-1\" ><div id=\"pgc-110-1-0\"  class=\"panel-grid-cell\" ><div id=\"panel-110-1-0-0\" class=\"so-panel widget widget_sow-headline panel-first-child panel-last-child\" data-index=\"1\" ><div class=\"panel-widget-style panel-widget-style-for-110-1-0-0\" ><div\n\t\t\t\n\t\t\tclass=\"so-widget-sow-headline so-widget-sow-headline-default-5fd69398a141-110 so-widget-fittext-wrapper\"\n\t\t\t data-fit-text-compressor=\"0.85\"\n\t\t><div class=\"sow-headline-container \">\n\t\t\t\t\t\t\t<h1 class=\"sow-headline\">\n\t\t\t\t\t\tPomiary i uruchomienia\t\t\t\t\t\t<\/h1>\n\t\t\t\t\t\t\t\t\t\t\t<div class=\"decoration\">\n\t\t\t\t\t\t<div class=\"decoration-inside\"><\/div>\n\t\t\t\t\t<\/div>\n\t\t\t\t\t<\/div>\n<\/div><\/div><\/div><\/div><\/div><\/div><div id=\"pg-110-2\"  class=\"panel-grid panel-has-style\" ><div style=\"padding: 0px 0; \" class=\"panel-row-style panel-row-style-for-110-2\" ><div id=\"pgc-110-2-0\"  class=\"panel-grid-cell\" ><div id=\"panel-110-2-0-0\" class=\"so-panel widget widget_sow-editor panel-first-child panel-last-child\" data-index=\"2\" ><div class=\"panel-widget-style panel-widget-style-for-110-2-0-0\" ><div\n\t\t\t\n\t\t\tclass=\"so-widget-sow-editor so-widget-sow-editor-base\"\n\t\t\t\n\t\t>\n<div class=\"siteorigin-widget-tinymce textwidget\">\n\t<p style=\"text-align: left;\"><b><i>Nasza firma \u015bwiadczy specjalistyczne us\u0142ugi in\u017cynierskie w&nbsp;zakresie:<\/i><\/b><\/p>\n<ul class=\"services\" style=\"text-align: left;\">\n<li>statycznych uk\u0142ad\u00f3w wzbudzenia i&nbsp;regulacji napi\u0119cia generator\u00f3w synchronicznych ma\u0142ych i\u00a0du\u017cych\u00a0mocy<\/li>\n<li>uk\u0142ad\u00f3w synchronizacji, sterowania, rejestracji, wizualizacji i&nbsp;sygnalizacji<\/li>\n<li>uk\u0142ad\u00f3w elektroenergetycznej automatyki zabezpieczeniowej EAZ<\/li>\n<li>uk\u0142ad\u00f3w nap\u0119dowych i&nbsp;przemiennik\u00f3w cz\u0119stotliwo\u015bci dla&nbsp;p\u0142ynnej regulacji pr\u0119dko\u015bci obrotowej silnik\u00f3w asynchronicznych klatkowych.<\/li>\n<\/ul>\n<p style=\"text-align: left;\"><b><i>\u015awiadczone us\u0142ugi obejmuj\u0105:<\/i><\/b><\/p>\n<ul class=\"services\" style=\"text-align: left;\">\n<li>badania laboratoryjne aparatury i&nbsp;urz\u0105dze\u0144<\/li>\n<li>badania uk\u0142ad\u00f3w automatyki zabezpieczeniowej z&nbsp;wykorzystaniem specjalistycznych urz\u0105dze\u0144 testuj\u0105cych, np.: OMICRON CMC356 firmy Siemens<\/li>\n<li>pomiary przeciwpora\u017ceniowe<\/li>\n<li>badania i&nbsp;sprawdzenia pomonta\u017cowe<\/li>\n<li>pr\u00f3by funkcjonalne, uruchomienia i&nbsp;rozruchy<\/li>\n<li>przegl\u0105dy okresowe urz\u0105dze\u0144 i&nbsp;uk\u0142ad\u00f3w na&nbsp;obiektach<\/li>\n<li>serwisowanie uk\u0142ad\u00f3w i&nbsp;zainstalowanej aparatury<\/li>\n<li>pomiary jako\u015bci energii, elektrycznych sieci zasilaj\u0105cych oraz odbior\u00f3w.<\/li>\n<\/ul>\n<p style=\"text-align: left;\"><b><i>Ponadto wykonujemy nast\u0119puj\u0105ce us\u0142ugi:<\/i><\/b><\/p>\n<ul class=\"services\" style=\"text-align: left;\">\n<li>badania aparatury rozdzielczej niskiego napi\u0119cia:\n<ul>\n<li>\u0142\u0105cznik\u00f3w pr\u0105du przemiennego<\/li>\n<li>wy\u0142\u0105cznik\u00f3w pr\u0105du sta\u0142ego<\/li>\n<li>przek\u0142adnik\u00f3w pr\u0105dowych i&nbsp;napi\u0119ciowych<\/li>\n<li>szyn zbiorczych, \u0142\u0105czeniowych<\/li>\n<\/ul>\n<\/li>\n<\/ul>\n<ul>\n<li style=\"text-align: left;\">badania, przegl\u0105dy i&nbsp;pomiary rozdzielnic \u015bredniego napi\u0119cia<\/li>\n<li style=\"text-align: left;\">badania i&nbsp;pr\u00f3by napi\u0119ciowe linii kablowych \u015bredniego napi\u0119cia z&nbsp;wykorzystaniem specjalistycznej aparatury, np.: wymuszalnik ABK 55C<\/li>\n<li style=\"text-align: left;\">badania linii sterowniczych i&nbsp;sygnalizacyjnych<\/li>\n<li style=\"text-align: left;\">badania obwod\u00f3w i&nbsp;element\u00f3w instalacji elektrycznych na&nbsp;napi\u0119cie do&nbsp;1 kV<\/li>\n<li style=\"text-align: left;\">pomiary skuteczno\u015bci ochrony przeciwpora\u017ceniowej<\/li>\n<li style=\"text-align: left;\">pomiary instalacji odgromowych i&nbsp;uziomowych<\/li>\n<li style=\"text-align: left;\">pomiary pojemno\u015bci i&nbsp;doziemienia baterii akumulator\u00f3w stacyjnych i&nbsp;trakcyjnych<\/li>\n<li>pr\u00f3by, badania i&nbsp;pomiary, m.in.:\n<ul>\n<li style=\"text-align: left;\">oscylograficzne przebieg\u00f3w nieustalonych<\/li>\n<li style=\"text-align: left;\">ekspertyzy warunk\u00f3w zasilania urz\u0105dze\u0144 elektrycznych<\/li>\n<li style=\"text-align: left;\">inne wed\u0142ug indywidualnymi potrzebami klienta.<\/li>\n<\/ul>\n<\/li>\n<\/ul>\n<p style=\"text-align: justify;\" align=\"justify\">Jeste\u015bmy wyposa\u017ceni w&nbsp;wysokiej jako\u015bci aparatur\u0119 badawczo-pomiarow\u0105 oraz zatrudniamy specjalist\u00f3w i&nbsp;fachowc\u00f3w najwy\u017cszej klasy z&nbsp;wieloletnim do\u015bwiadczeniem nabytym podczas realizacji inwestycji dla&nbsp;energetyki zawodowej. Posiadamy niezb\u0119dne kwalifikacje zawodowe i&nbsp;legitymujemy si\u0119 odpowiednimi uprawnieniami elektrycznymi.<\/p>\n<\/div>\n<\/div><\/div><\/div><\/div><div id=\"pgc-110-2-1\"  class=\"panel-grid-cell\" ><div id=\"panel-110-2-1-0\" class=\"so-panel widget widget_sow-editor panel-first-child panel-last-child\" data-index=\"3\" ><div class=\"panel-widget-style panel-widget-style-for-110-2-1-0\" ><div\n\t\t\t\n\t\t\tclass=\"so-widget-sow-editor so-widget-sow-editor-base\"\n\t\t\t\n\t\t>\n<div class=\"siteorigin-widget-tinymce textwidget\">\n\t<p><strong>Oferta<\/strong><\/p>\n<ul>\n<li><a href=\"http:\/\/qenergi.pl\/projektowanie-i-doradztwo-techniczne\/\">Projektowanie i&nbsp;doradztwo techniczne<\/a><\/li>\n<li><a href=\"http:\/\/qenergi.pl\/produkcja-i-prefabrykacja\/\">Produkcja i&nbsp;prefabrykacja<\/a><\/li>\n<li><a href=\"http:\/\/qenergi.pl\/wykonawstwo-obiektowe\/\">Wykonawstwo obiektowe<\/a><\/li>\n<li><a href=\"http:\/\/qenergi.pl\/automatyka-elektroenergetyczna-i-eaz\/\">Automatyka elektroenergetyczna i&nbsp;EAZ<\/a><\/li>\n<li><a href=\"http:\/\/qenergi.pl\/inteligentne-systemy-sterowania-i-nadzoru-ssin\/\">Inteligentne systemy sterowania i&nbsp;nadzoru (SSIN)<\/a><\/li>\n<li><a href=\"http:\/\/qenergi.pl\/pomiary-i-uruchomienia\/\">Pomiary i&nbsp;uruchomienia<\/a><\/li>\n<li><a href=\"http:\/\/qenergi.pl\/serwis-gwarancyjny-i-pogwarancyjny\/\">Serwis gwarancyjny i&nbsp;pogwarancyjny<\/a><\/li>\n<li><a href=\"http:\/\/qenergi.pl\/generalna-realizacja-inwestycji\/\">Generalna realizacja inwestycji<\/a><\/li>\n<\/ul>\n<p><strong>Przydatne linki<\/strong><\/p>\n<ul class=\"services\">\n<li><a href=\"http:\/\/www.ure.gov.pl\"> Urz\u0105d Regulacji Energetyki<\/a><\/li>\n<li><a href=\"http:\/\/www.cire.pl\">Centrum Informacji o&nbsp;Rynku Energii<\/a><\/li>\n<li><a href=\"http:\/\/www.sep.katowice.pl\">SEP Katowice<\/a><\/li>\n<\/ul>\n<\/div>\n<\/div><\/div><\/div><\/div><\/div><\/div><\/div>","protected":false},"excerpt":{"rendered":"<p>Pomiary i uruchomienia Nasza firma \u015bwiadczy specjalistyczne us\u0142ugi in\u017cynierskie w&nbsp;zakresie: statycznych uk\u0142ad\u00f3w wzbudzenia i&nbsp;regulacji napi\u0119cia generator\u00f3w synchronicznych ma\u0142ych i\u00a0du\u017cych\u00a0mocy uk\u0142ad\u00f3w synchronizacji, sterowania, rejestracji, wizualizacji i&nbsp;sygnalizacji uk\u0142ad\u00f3w elektroenergetycznej automatyki zabezpieczeniowej EAZ uk\u0142ad\u00f3w nap\u0119dowych i&nbsp;przemiennik\u00f3w cz\u0119stotliwo\u015bci dla&nbsp;p\u0142ynnej regulacji pr\u0119dko\u015bci obrotowej silnik\u00f3w asynchronicznych klatkowych. \u015awiadczone us\u0142ugi obejmuj\u0105: badania laboratoryjne aparatury i&nbsp;urz\u0105dze\u0144 badania uk\u0142ad\u00f3w automatyki zabezpieczeniowej z&nbsp;wykorzystaniem specjalistycznych urz\u0105dze\u0144 [&hellip;]<\/p>\n","protected":false},"author":1,"featured_media":1583,"parent":0,"menu_order":0,"comment_status":"closed","ping_status":"closed","template":"page-templates\/page_front-page.php","meta":{"ngg_post_thumbnail":0},"_links":{"self":[{"href":"https:\/\/qenergi.pl\/pl\/wp-json\/wp\/v2\/pages\/110"}],"collection":[{"href":"https:\/\/qenergi.pl\/pl\/wp-json\/wp\/v2\/pages"}],"about":[{"href":"https:\/\/qenergi.pl\/pl\/wp-json\/wp\/v2\/types\/page"}],"author":[{"embeddable":true,"href":"https:\/\/qenergi.pl\/pl\/wp-json\/wp\/v2\/users\/1"}],"replies":[{"embeddable":true,"href":"https:\/\/qenergi.pl\/pl\/wp-json\/wp\/v2\/comments?post=110"}],"version-history":[{"count":0,"href":"https:\/\/qenergi.pl\/pl\/wp-json\/wp\/v2\/pages\/110\/revisions"}],"wp:featuredmedia":[{"embeddable":true,"href":"https:\/\/qenergi.pl\/pl\/wp-json\/wp\/v2\/media\/1583"}],"wp:attachment":[{"href":"https:\/\/qenergi.pl\/pl\/wp-json\/wp\/v2\/media?parent=110"}],"curies":[{"name":"wp","href":"https:\/\/api.w.org\/{rel}","templated":true}]}}