{"id":1212,"date":"2016-03-07T17:58:27","date_gmt":"2016-03-07T16:58:27","guid":{"rendered":"http:\/\/qenergi.pl\/?page_id=1212"},"modified":"2016-03-07T18:00:46","modified_gmt":"2016-03-07T17:00:46","slug":"polityka-prywatnosci","status":"publish","type":"page","link":"https:\/\/qenergi.pl\/pl\/polityka-prywatnosci\/","title":{"rendered":"Polityka prywatno\u015bci"},"content":{"rendered":"<p>Polityka prywatno\u015bci sporz\u0105dzona zosta\u0142a zgodnie z&nbsp;obowi\u0105zkami wynikaj\u0105cymi z&nbsp;nowelizacji Prawa Telekomunikacyjnego, kt\u00f3re wesz\u0142y w&nbsp;\u017cycie 22 marca 2013 roku. Obowi\u0105zki te podobnie s\u0105 realizowane w&nbsp;ca\u0142ej Europie wskutek implementowania dyrektywy europejskiej.<\/p>\n<p>Niniejsza polityka prywatno\u015bci dotyczy us\u0142ug oferowanych w&nbsp;ramach strony http:\/\/qenergi.pl (Serwis).<br \/>\nSerwis nie zbiera w&nbsp;spos\u00f3b automatyczny \u017cadnych informacji, z&nbsp;wyj\u0105tkiem informacji zawartych w&nbsp;plikach cookies.<\/p>\n<p>Pliki cookies (tzw. ciasteczka) stanowi\u0105 dane informatyczne, w&nbsp;szczeg\u00f3lno\u015bci pliki tekstowe, kt\u00f3re przechowywane s\u0105 w&nbsp;urz\u0105dzeniu ko\u0144cowym U\u017cytkownika Serwisu i&nbsp;przeznaczone s\u0105 do&nbsp;korzystania ze stron internetowych http:\/\/qenergi.pl. Cookies zazwyczaj zawieraj\u0105 nazw\u0119 strony internetowej, z&nbsp;kt\u00f3rej pochodz\u0105, czas przechowywania ich na&nbsp;urz\u0105dzeniu ko\u0144cowym oraz unikalny numer.<br \/>\nPodmiotem zamieszczaj\u0105cym na&nbsp;urz\u0105dzeniu ko\u0144cowym U\u017cytkownika Serwisu pliki cookies oraz uzyskuj\u0105cym do&nbsp;nich dost\u0119p jest operator strony http:\/\/qenergi.pl.<\/p>\n<p><strong>Pliki cookies wykorzystywane s\u0105 w&nbsp;celu:<\/strong><br \/>\n1. dostosowania zawarto\u015bci stron internetowych do&nbsp;preferencji U\u017cytkownika oraz optymalizacji korzystania ze stron internetowych; w&nbsp;szczeg\u00f3lno\u015bci pliki te pozwalaj\u0105 rozpozna\u0107 urz\u0105dzenie U\u017cytkownika Serwisu i&nbsp;odpowiednio wy\u015bwietli\u0107 stron\u0119 internetow\u0105, dostosowan\u0105 do&nbsp;jego indywidualnych potrzeb;<br \/>\n2. tworzenia statystyk, kt\u00f3re pomagaj\u0105 zrozumie\u0107, w&nbsp;jaki spos\u00f3b U\u017cytkownicy Serwisu korzystaj\u0105 ze stron internetowych, co umo\u017cliwia ulepszanie ich struktury i&nbsp;zawarto\u015bci;<\/p>\n<p>W&nbsp;ramach Serwisu stosowane s\u0105 dwa zasadnicze typy plik\u00f3w cookies: sesyjne (session cookies) oraz sta\u0142e (persistent cookies). Cookies sesyjne s\u0105 plikami tymczasowymi, kt\u00f3re przechowywane s\u0105 w&nbsp;urz\u0105dzeniu ko\u0144cowym U\u017cytkownika do&nbsp;czasu wylogowania, opuszczenia strony internetowej lub&nbsp;wy\u0142\u0105czenia oprogramowania (przegl\u0105darki internetowej). Sta\u0142e pliki cookies przechowywane s\u0105 w&nbsp;urz\u0105dzeniu ko\u0144cowym U\u017cytkownika przez&nbsp;czas okre\u015blony w&nbsp;parametrach plik\u00f3w cookies lub&nbsp;do&nbsp;czasu ich usuni\u0119cia przez&nbsp;U\u017cytkownika.<\/p>\n<p><strong>W&nbsp;ramach Serwisu stosowane s\u0105 nast\u0119puj\u0105ce rodzaje plik\u00f3w cookies:<\/strong><br \/>\n1. niezb\u0119dne pliki cookies, umo\u017cliwiaj\u0105ce korzystanie z&nbsp;us\u0142ug dost\u0119pnych w&nbsp;ramach Serwisu, np.&nbsp;uwierzytelniaj\u0105ce pliki cookies wykorzystywane do&nbsp;us\u0142ug wymagaj\u0105cych uwierzytelniania w&nbsp;ramach Serwisu;<br \/>\n2. pliki cookies s\u0142u\u017c\u0105ce do&nbsp;zapewnienia bezpiecze\u0144stwa, np.&nbsp;wykorzystywane do&nbsp;wykrywania nadu\u017cy\u0107 w&nbsp;zakresie uwierzytelniania w&nbsp;ramach Serwisu;<br \/>\n3. wydajno\u015bciowe pliki cookies, umo\u017cliwiaj\u0105ce zbieranie informacji o&nbsp;sposobie korzystania ze stron internetowych Serwisu;<br \/>\n4. funkcjonalne pliki cookies, umo\u017cliwiaj\u0105ce zapami\u0119tanie wybranych przez&nbsp;U\u017cytkownika ustawie\u0144 i&nbsp;personalizacj\u0119 interfejsu U\u017cytkownika, np.&nbsp;w&nbsp;zakresie wybranego j\u0119zyka lub&nbsp;regionu, z&nbsp;kt\u00f3rego pochodzi U\u017cytkownik, rozmiaru czcionki, wygl\u0105du strony internetowej itp.;<br \/>\n5. reklamowe pliki cookies, umo\u017cliwiaj\u0105ce dostarczanie U\u017cytkownikom tre\u015bci reklamowych bardziej dostosowanych do&nbsp;ich zainteresowa\u0144.<\/p>\n<p>W&nbsp;wielu przypadkach oprogramowanie s\u0142u\u017c\u0105ce do&nbsp;przegl\u0105dania stron internetowych (przegl\u0105darka internetowa) domy\u015blnie dopuszcza przechowywanie plik\u00f3w cookies w&nbsp;urz\u0105dzeniu ko\u0144cowym U\u017cytkownika. U\u017cytkownicy Serwisu mog\u0105 dokona\u0107 w&nbsp;ka\u017cdym czasie zmiany ustawie\u0144 dotycz\u0105cych plik\u00f3w cookies. Ustawienia te mog\u0105 zosta\u0107 zmienione w&nbsp;szczeg\u00f3lno\u015bci w&nbsp;taki spos\u00f3b, aby&nbsp;blokowa\u0107 automatyczn\u0105 obs\u0142ug\u0119 plik\u00f3w cookies w&nbsp;ustawieniach przegl\u0105darki internetowej b\u0105d\u017a&nbsp;informowa\u0107 o&nbsp;ich ka\u017cdorazowym zamieszczeniu w&nbsp;urz\u0105dzeniu U\u017cytkownika Serwisu. Szczeg\u00f3\u0142owe informacje o&nbsp;mo\u017cliwo\u015bci i&nbsp;sposobach obs\u0142ugi plik\u00f3w cookies dost\u0119pne s\u0105 w&nbsp;ustawieniach oprogramowania (przegl\u0105darki internetowej).<\/p>\n<p>Operator Serwisu informuje, \u017ce&nbsp;ograniczenia stosowania plik\u00f3w cookies mog\u0105 wp\u0142yn\u0105\u0107 na&nbsp;niekt\u00f3re funkcjonalno\u015bci dost\u0119pne na&nbsp;stronach internetowych Serwisu.<\/p>\n<p>Pliki cookies zamieszczane w&nbsp;urz\u0105dzeniu ko\u0144cowym U\u017cytkownika Serwisu i&nbsp;wykorzystywane mog\u0105 by\u0107 r\u00f3wnie\u017c przez&nbsp;wsp\u00f3\u0142pracuj\u0105cych z&nbsp;operatorem Serwisu reklamodawc\u00f3w oraz partner\u00f3w.<\/p>\n<p>Wi\u0119cej informacji na&nbsp;temat plik\u00f3w cookies dost\u0119pnych jest pod&nbsp;adresem www.wszystkoociasteczkach.pl lub&nbsp;w&nbsp;sekcji Pomoc w&nbsp;menu przegl\u0105darki internetowej.<\/p>\n","protected":false},"excerpt":{"rendered":"<p>Polityka prywatno\u015bci sporz\u0105dzona zosta\u0142a zgodnie z&nbsp;obowi\u0105zkami wynikaj\u0105cymi z&nbsp;nowelizacji Prawa Telekomunikacyjnego, kt\u00f3re wesz\u0142y w&nbsp;\u017cycie 22 marca 2013 roku. Obowi\u0105zki te podobnie s\u0105 realizowane w&nbsp;ca\u0142ej Europie wskutek implementowania dyrektywy europejskiej. Niniejsza polityka prywatno\u015bci dotyczy us\u0142ug oferowanych w&nbsp;ramach strony http:\/\/qenergi.pl (Serwis). Serwis nie zbiera w&nbsp;spos\u00f3b automatyczny \u017cadnych informacji, z&nbsp;wyj\u0105tkiem informacji zawartych w&nbsp;plikach cookies. Pliki cookies (tzw. ciasteczka) stanowi\u0105 [&hellip;]<\/p>\n","protected":false},"author":1,"featured_media":0,"parent":0,"menu_order":0,"comment_status":"closed","ping_status":"closed","template":"page-templates\/page_oferta_page.php","meta":{"ngg_post_thumbnail":0},"_links":{"self":[{"href":"https:\/\/qenergi.pl\/pl\/wp-json\/wp\/v2\/pages\/1212"}],"collection":[{"href":"https:\/\/qenergi.pl\/pl\/wp-json\/wp\/v2\/pages"}],"about":[{"href":"https:\/\/qenergi.pl\/pl\/wp-json\/wp\/v2\/types\/page"}],"author":[{"embeddable":true,"href":"https:\/\/qenergi.pl\/pl\/wp-json\/wp\/v2\/users\/1"}],"replies":[{"embeddable":true,"href":"https:\/\/qenergi.pl\/pl\/wp-json\/wp\/v2\/comments?post=1212"}],"version-history":[{"count":0,"href":"https:\/\/qenergi.pl\/pl\/wp-json\/wp\/v2\/pages\/1212\/revisions"}],"wp:attachment":[{"href":"https:\/\/qenergi.pl\/pl\/wp-json\/wp\/v2\/media?parent=1212"}],"curies":[{"name":"wp","href":"https:\/\/api.w.org\/{rel}","templated":true}]}}