{"id":17,"date":"2015-12-31T00:09:09","date_gmt":"2015-12-30T23:09:09","guid":{"rendered":"http:\/\/qenergi.pl\/?page_id=17"},"modified":"2016-10-09T18:40:15","modified_gmt":"2016-10-09T16:40:15","slug":"projektowanie-i-doradztwo-techniczne","status":"publish","type":"page","link":"https:\/\/qenergi.pl\/pl\/projektowanie-i-doradztwo-techniczne\/","title":{"rendered":"Projektowanie i doradztwo techniczne"},"content":{"rendered":"<div id=\"pl-17\"  class=\"panel-layout\" ><div id=\"pg-17-0\"  class=\"panel-grid panel-has-style\" ><div style=\"padding: 0px 0; \" class=\"panel-row-style panel-row-style-for-17-0\" ><div id=\"pgc-17-0-0\"  class=\"panel-grid-cell\" ><div id=\"panel-17-0-0-0\" class=\"so-panel widget widget_sow-hero panel-first-child panel-last-child\" data-index=\"0\" ><div class=\"panel-widget-style panel-widget-style-for-17-0-0-0\" ><div\n\t\t\t\n\t\t\tclass=\"so-widget-sow-hero so-widget-sow-hero-default-e92b513ed6ee-17 so-widget-fittext-wrapper\"\n\t\t\t data-fit-text-compressor=\"0.85\"\n\t\t>\t\t\t\t<div class=\"sow-slider-base\" style=\"display: none\" tabindex=\"0\">\n\t\t\t\t\t<ul\n\t\t\t\t\tclass=\"sow-slider-images\"\n\t\t\t\t\tdata-settings=\"{&quot;pagination&quot;:true,&quot;speed&quot;:800,&quot;timeout&quot;:3000,&quot;paused&quot;:false,&quot;pause_on_hover&quot;:false,&quot;swipe&quot;:true,&quot;nav_always_show_desktop&quot;:&quot;&quot;,&quot;nav_always_show_mobile&quot;:&quot;&quot;,&quot;breakpoint&quot;:&quot;780px&quot;,&quot;unmute&quot;:false,&quot;anchor&quot;:null}\"\n\t\t\t\t\t\t\t\t\t\tdata-anchor-id=\"\"\n\t\t\t\t>\t\t<li class=\"sow-slider-image  sow-slider-image-cover\" style=\"visibility: visible;;background-color: #333333;background-image: url(https:\/\/qenergi.pl\/wp-content\/uploads\/2015\/12\/agw_0707.jpg)\" >\n\t\t\t\t\t<div class=\"sow-slider-image-container\">\n\t\t\t<div class=\"sow-slider-image-wrapper\">\n\t\t\t\t\t\t\t<\/div>\n\t\t<\/div>\n\t\t\t\t<\/li>\n\t\t\t\t<li class=\"sow-slider-image  sow-slider-image-cover\" style=\"visibility: hidden;;background-color: #333333\" data-background=\"url(https:\/\/qenergi.pl\/wp-content\/uploads\/2015\/12\/agw_0511.jpg)\" >\n\t\t\t\t\t<div class=\"sow-slider-image-container\">\n\t\t\t<div class=\"sow-slider-image-wrapper\">\n\t\t\t\t\t\t\t<\/div>\n\t\t<\/div>\n\t\t\t\t<\/li>\n\t\t\t\t<li class=\"sow-slider-image  sow-slider-image-cover\" style=\"visibility: hidden;;background-color: #333333\" data-background=\"url(https:\/\/qenergi.pl\/wp-content\/uploads\/2015\/12\/agw_2076.jpg)\" >\n\t\t\t\t\t<div class=\"sow-slider-image-container\">\n\t\t\t<div class=\"sow-slider-image-wrapper\">\n\t\t\t\t\t\t\t<\/div>\n\t\t<\/div>\n\t\t\t\t<\/li>\n\t\t<\/ul>\t\t\t\t<ol class=\"sow-slider-pagination\">\n\t\t\t\t\t\t\t\t\t\t\t<li><a href=\"#\" data-goto=\"0\" aria-label=\"display slide 1\"><\/a><\/li>\n\t\t\t\t\t\t\t\t\t\t\t<li><a href=\"#\" data-goto=\"1\" aria-label=\"display slide 2\"><\/a><\/li>\n\t\t\t\t\t\t\t\t\t\t\t<li><a href=\"#\" data-goto=\"2\" aria-label=\"display slide 3\"><\/a><\/li>\n\t\t\t\t\t\t\t\t\t<\/ol>\n\n\t\t\t\t<div class=\"sow-slide-nav sow-slide-nav-next\">\n\t\t\t\t\t<a href=\"#\" data-goto=\"next\" aria-label=\"next slide\" data-action=\"next\">\n\t\t\t\t\t\t<em class=\"sow-sld-icon-thin-right\"><\/em>\n\t\t\t\t\t<\/a>\n\t\t\t\t<\/div>\n\n\t\t\t\t<div class=\"sow-slide-nav sow-slide-nav-prev\">\n\t\t\t\t\t<a href=\"#\" data-goto=\"previous\" aria-label=\"previous slide\" data-action=\"prev\">\n\t\t\t\t\t\t<em class=\"sow-sld-icon-thin-left\"><\/em>\n\t\t\t\t\t<\/a>\n\t\t\t\t<\/div>\n\t\t\t\t<\/div><\/div><\/div><\/div><\/div><\/div><\/div><div id=\"pg-17-1\"  class=\"panel-grid panel-has-style\" ><div style=\"padding: 0px 0; \" class=\"panel-row-style panel-row-style-for-17-1\" ><div id=\"pgc-17-1-0\"  class=\"panel-grid-cell\" ><div id=\"panel-17-1-0-0\" class=\"so-panel widget widget_sow-headline panel-first-child panel-last-child\" data-index=\"1\" ><div class=\"panel-widget-style panel-widget-style-for-17-1-0-0\" ><div\n\t\t\t\n\t\t\tclass=\"so-widget-sow-headline so-widget-sow-headline-default-5fd69398a141-17 so-widget-fittext-wrapper\"\n\t\t\t data-fit-text-compressor=\"0.85\"\n\t\t><div class=\"sow-headline-container \">\n\t\t\t\t\t\t\t<h1 class=\"sow-headline\">\n\t\t\t\t\t\tProjektowanie\u00a0i&nbsp;doradztwo techniczne\t\t\t\t\t\t<\/h1>\n\t\t\t\t\t\t\t\t\t\t\t<div class=\"decoration\">\n\t\t\t\t\t\t<div class=\"decoration-inside\"><\/div>\n\t\t\t\t\t<\/div>\n\t\t\t\t\t<\/div>\n<\/div><\/div><\/div><\/div><\/div><\/div><div id=\"pg-17-2\"  class=\"panel-grid panel-has-style\" ><div style=\"padding: 0px 0; \" class=\"panel-row-style panel-row-style-for-17-2\" ><div id=\"pgc-17-2-0\"  class=\"panel-grid-cell\" ><div id=\"panel-17-2-0-0\" class=\"so-panel widget widget_sow-editor panel-first-child panel-last-child\" data-index=\"2\" ><div class=\"panel-widget-style panel-widget-style-for-17-2-0-0\" ><div\n\t\t\t\n\t\t\tclass=\"so-widget-sow-editor so-widget-sow-editor-base\"\n\t\t\t\n\t\t>\n<div class=\"siteorigin-widget-tinymce textwidget\">\n\t<p style=\"text-align: justify;\" align=\"justify\">QENERGI Sp. z&nbsp;o.o. oferuje us\u0142ugi doradztwa i&nbsp;projektowania w&nbsp;bran\u017cy elektroenergetycznej i&nbsp;automatyki, kt\u00f3re obejmuj\u0105:<\/p>\n<ul class=\"services\" style=\"text-align: justify;\">\n<li style=\"text-align: left;\"><em><b>Statyczne uk\u0142ady wzbudzenia i&nbsp;uk\u0142ady regulacji napi\u0119cia generator\u00f3w<br \/> <\/b><\/em>W&nbsp;zakresie kompetencji tej pracowni wchodzi dob\u00f3r oraz projekt najlepszego uk\u0142adu wzbudzenia do&nbsp;potrzeb generatora. Uk\u0142ady regulacji napi\u0119cia oraz uk\u0142ady wzbudzenia statycznego projektujemy w&nbsp;oparciu o&nbsp;cyfrowe sterowniki i&nbsp;zabezpieczenia og\u00f3lno\u015bwiatowego producenta podzespo\u0142\u00f3w Basler Electric.\n<\/li>\n<li style=\"text-align: left;\"><em><b>Uk\u0142ady elektroenergetycznej automatyki zabezpieczeniowej (EAZ)<br \/> <\/b><\/em>Projektujemy uk\u0142ady z&nbsp;wykorzystaniem EAZ do&nbsp;sterowania i&nbsp;zabezpiecze\u0144: generator\u00f3w, transformator\u00f3w, silnik\u00f3w oraz linii w&nbsp;obszarze nN, SN oraz WN w&nbsp;nowych oraz modernizowanych instalacjach. W&nbsp;projektowanych uk\u0142adach wykorzystujemy najnowsze rozwi\u0105zania techniczne EAZ takich firm jak Siemens, Alstom, ABB, Schneider Electric, JM-Tronik, itp.\n<\/li>\n<li style=\"text-align: left;\"><em><b>Uk\u0142ady synchronizacji, samoczynnego za\u0142\u0105czania rezerwy (SZR), planowego prze\u0142\u0105czania zasila\u0144 (PPZ) i&nbsp;samoczynnego cz\u0119stotliwo\u015bciowego odci\u0105\u017cania (SCO)<br \/> <\/b><\/em>Poprzez lata zdobytej praktyki potrafimy dobra\u0107 najlepsze rozwi\u0105zanie dla&nbsp;Inwestora w&nbsp;uk\u0142adach synchronizacji, SZR, PPZ i&nbsp;SCO w&nbsp;nowo projektowanych oraz modernizowanych uk\u0142adach. W&nbsp;naszych projektach wykorzystujemy najbardziej dopracowane i&nbsp;sprawdzone rozwi\u0105zania takich producent\u00f3w jak Woodward, Energotest, Socomec, Eaton, Siemens, ABB, itp.\n<\/li>\n<li style=\"text-align: left;\"><em><b>Rozdzielnie elektryczne<br \/> <\/b><\/em>Specjalizujemy si\u0119 w&nbsp;projektowaniu rozdzielnic \u015bredniego oraz niskiego napi\u0119cia, rozdzielnic pr\u0105du sta\u0142ego oraz uk\u0142ad\u00f3w gwarantowanych w&nbsp;wykonaniach specjalnych z&nbsp;wykorzystaniem baterii akumulator\u00f3w w&nbsp;celu uzyskania wysokiej niezawodno\u015bci zasilania. Projektujemy rozdzielnice w&nbsp;oparciu o&nbsp;systemy dystrybucji i&nbsp;rozdzia\u0142u mocy najwi\u0119kszych \u015bwiatowych firm takich jak Rittal, Schrack, Eaton, ABB, Siemens, Schneider Electric, Legrand, itp.\n<\/li>\n<li style=\"text-align: left;\"><em><b>Uk\u0142ady pomiaru rozliczeniowego energii elektrycznej<br \/> <\/b><\/em>Projektujemy uk\u0142ady rozliczenia energii spe\u0142niaj\u0105ce wymagania norm oraz obowi\u0105zuj\u0105cych przepis\u00f3w z&nbsp;wykorzystaniem urz\u0105dze\u0144 posiadaj\u0105cych wszystkie niezb\u0119dne certyfikaty, atesty, aprobaty i&nbsp;oceny techniczne. W&nbsp;naszych projektach stosujemy z&nbsp;powodzeniem aparatur\u0119 pomiarow\u0105 najwi\u0119kszych \u015bwiatowych i&nbsp;krajowych producent\u00f3w, m.in. Landis &amp; Gyr, Elster, Pozyton, itp.\n<\/li>\n<li style=\"text-align: left;\"><em><b>Uk\u0142ady sterowania automatycznego<br \/> <\/b><\/em>Projektujemy uk\u0142ady sterowania procesami technologicznymi w&nbsp;energetyce, przemy\u015ble hutniczym, chemicznym, spo\u017cywczym. Do&nbsp;grona naszych klient\u00f3w nale\u017c\u0105 zar\u00f3wno polskie zak\u0142ady przemys\u0142owe, jak i&nbsp;mi\u0119dzynarodowe koncerny. W&nbsp;projektowanych uk\u0142adach wykorzystujemy aparatur\u0119 firm takich jak Beckhoff, Siemens, Eaton, Schneider Electric, General Electric, itp.\n<\/li>\n<li style=\"text-align: left;\"><em><b>Narz\u0119dzia wykorzystywane w&nbsp;procesie projektowym<br \/> <\/b><\/em>Do&nbsp;realizacji powierzonych nam projekt\u00f3w wykorzystujemy oprogramowania See Electrical Expert oraz Bricscad. Opr\u00f3cz ww. program\u00f3w w&nbsp;procesie oblicze\u0144 oraz analiz wykorzystujemy oprogramowanie See Calculation LT oraz inne programy do&nbsp;oblicze\u0144 rozp\u0142yw\u00f3w pr\u0105d\u00f3w roboczych i&nbsp;zwarciowych w&nbsp;celu najlepszego doboru urz\u0105dze\u0144 oraz nastaw zabezpiecze\u0144.\n<\/li>\n<\/ul>\n<p style=\"text-align: justify;\" align=\"justify\">Oferujemy r\u00f3wnie\u017c bezpo\u015brednie i&nbsp;telefoniczne doradztwo oraz wsparcie techniczne w&nbsp;odpowiedzi na&nbsp;zg\u0142aszane problemy.<\/p>\n<\/div>\n<\/div><\/div><\/div><\/div><div id=\"pgc-17-2-1\"  class=\"panel-grid-cell\" ><div id=\"panel-17-2-1-0\" class=\"so-panel widget widget_sow-editor panel-first-child panel-last-child\" data-index=\"3\" ><div class=\"panel-widget-style panel-widget-style-for-17-2-1-0\" ><div\n\t\t\t\n\t\t\tclass=\"so-widget-sow-editor so-widget-sow-editor-base\"\n\t\t\t\n\t\t>\n<div class=\"siteorigin-widget-tinymce textwidget\">\n\t<p><strong>Oferta<\/strong><\/p>\n<ul>\n<li><a href=\"http:\/\/qenergi.pl\/projektowanie-i-doradztwo-techniczne\/\">Projektowanie i&nbsp;doradztwo techniczne<\/a><\/li>\n<li><a href=\"http:\/\/qenergi.pl\/produkcja-i-prefabrykacja\/\">Produkcja i&nbsp;prefabrykacja<\/a><\/li>\n<li><a href=\"http:\/\/qenergi.pl\/wykonawstwo-obiektowe\/\">Wykonawstwo obiektowe<\/a><\/li>\n<li><a href=\"http:\/\/qenergi.pl\/automatyka-elektroenergetyczna-i-eaz\/\">Automatyka elektroenergetyczna i&nbsp;EAZ<\/a><\/li>\n<li><a href=\"http:\/\/qenergi.pl\/inteligentne-systemy-sterowania-i-nadzoru-ssin\/\">Inteligentne systemy sterowania i&nbsp;nadzoru (SSIN)<\/a><\/li>\n<li><a href=\"http:\/\/qenergi.pl\/pomiary-i-uruchomienia\/\">Pomiary i&nbsp;uruchomienia<\/a><\/li>\n<li><a href=\"http:\/\/qenergi.pl\/serwis-gwarancyjny-i-pogwarancyjny\/\">Serwis gwarancyjny i&nbsp;pogwarancyjny<\/a><\/li>\n<li><a href=\"http:\/\/qenergi.pl\/generalna-realizacja-inwestycji\/\">Generalna realizacja inwestycji<\/a><\/li>\n<\/ul>\n<p><strong>Przydatne linki<\/strong><\/p>\n<ul class=\"services\">\n<li><a href=\"http:\/\/www.ure.gov.pl\"> Urz\u0105d Regulacji Energetyki<\/a><\/li>\n<li><a href=\"http:\/\/www.cire.pl\">Centrum Informacji o&nbsp;Rynku Energii<\/a><\/li>\n<li><a href=\"http:\/\/www.sep.katowice.pl\">SEP Katowice<\/a><\/li>\n<\/ul>\n<\/div>\n<\/div><\/div><\/div><\/div><\/div><\/div><\/div>","protected":false},"excerpt":{"rendered":"<p>Projektowanie\u00a0i&nbsp;doradztwo techniczne QENERGI Sp. z&nbsp;o.o. oferuje us\u0142ugi doradztwa i&nbsp;projektowania w&nbsp;bran\u017cy elektroenergetycznej i&nbsp;automatyki, kt\u00f3re obejmuj\u0105: Statyczne uk\u0142ady wzbudzenia i&nbsp;uk\u0142ady regulacji napi\u0119cia generator\u00f3w W&nbsp;zakresie kompetencji tej pracowni wchodzi dob\u00f3r oraz projekt najlepszego uk\u0142adu wzbudzenia do&nbsp;potrzeb generatora. Uk\u0142ady regulacji napi\u0119cia oraz uk\u0142ady wzbudzenia statycznego projektujemy w&nbsp;oparciu o&nbsp;cyfrowe sterowniki i&nbsp;zabezpieczenia og\u00f3lno\u015bwiatowego producenta podzespo\u0142\u00f3w Basler Electric. Uk\u0142ady elektroenergetycznej automatyki zabezpieczeniowej [&hellip;]<\/p>\n","protected":false},"author":2,"featured_media":1586,"parent":0,"menu_order":0,"comment_status":"closed","ping_status":"closed","template":"page-templates\/page_front-page.php","meta":{"ngg_post_thumbnail":0},"_links":{"self":[{"href":"https:\/\/qenergi.pl\/pl\/wp-json\/wp\/v2\/pages\/17"}],"collection":[{"href":"https:\/\/qenergi.pl\/pl\/wp-json\/wp\/v2\/pages"}],"about":[{"href":"https:\/\/qenergi.pl\/pl\/wp-json\/wp\/v2\/types\/page"}],"author":[{"embeddable":true,"href":"https:\/\/qenergi.pl\/pl\/wp-json\/wp\/v2\/users\/2"}],"replies":[{"embeddable":true,"href":"https:\/\/qenergi.pl\/pl\/wp-json\/wp\/v2\/comments?post=17"}],"version-history":[{"count":0,"href":"https:\/\/qenergi.pl\/pl\/wp-json\/wp\/v2\/pages\/17\/revisions"}],"wp:featuredmedia":[{"embeddable":true,"href":"https:\/\/qenergi.pl\/pl\/wp-json\/wp\/v2\/media\/1586"}],"wp:attachment":[{"href":"https:\/\/qenergi.pl\/pl\/wp-json\/wp\/v2\/media?parent=17"}],"curies":[{"name":"wp","href":"https:\/\/api.w.org\/{rel}","templated":true}]}}