{"id":1816,"date":"2018-01-20T13:17:41","date_gmt":"2018-01-20T12:17:41","guid":{"rendered":"http:\/\/qenergi.pl\/?page_id=1816"},"modified":"2018-01-25T13:19:45","modified_gmt":"2018-01-25T12:19:45","slug":"generalauftragnahme","status":"publish","type":"page","link":"https:\/\/qenergi.pl\/pl\/de\/generalauftragnahme\/","title":{"rendered":"Generalauftragnahme"},"content":{"rendered":"<div id=\"pl-1816\"  class=\"panel-layout\" ><div id=\"pg-1816-0\"  class=\"panel-grid panel-has-style\" ><div style=\"padding: 0px 0; \" class=\"panel-row-style panel-row-style-for-1816-0\" ><div id=\"pgc-1816-0-0\"  class=\"panel-grid-cell\" ><div id=\"panel-1816-0-0-0\" class=\"so-panel widget widget_sow-hero panel-first-child panel-last-child\" data-index=\"0\" ><div class=\"panel-widget-style panel-widget-style-for-1816-0-0-0\" ><div\n\t\t\t\n\t\t\tclass=\"so-widget-sow-hero so-widget-sow-hero-default-e92b513ed6ee-1816 so-widget-fittext-wrapper\"\n\t\t\t data-fit-text-compressor=\"0.85\"\n\t\t>\t\t\t\t<div class=\"sow-slider-base\" style=\"display: none\" tabindex=\"0\">\n\t\t\t\t\t<ul\n\t\t\t\t\tclass=\"sow-slider-images\"\n\t\t\t\t\tdata-settings=\"{&quot;pagination&quot;:true,&quot;speed&quot;:800,&quot;timeout&quot;:3000,&quot;paused&quot;:false,&quot;pause_on_hover&quot;:false,&quot;swipe&quot;:true,&quot;nav_always_show_desktop&quot;:&quot;&quot;,&quot;nav_always_show_mobile&quot;:&quot;&quot;,&quot;breakpoint&quot;:&quot;780px&quot;,&quot;unmute&quot;:false,&quot;anchor&quot;:null}\"\n\t\t\t\t\t\t\t\t\t\tdata-anchor-id=\"\"\n\t\t\t\t>\t\t<li class=\"sow-slider-image  sow-slider-image-cover\" style=\"visibility: visible;;background-color: #333333;background-image: url(https:\/\/qenergi.pl\/wp-content\/uploads\/2016\/01\/agw_0432.jpg)\" >\n\t\t\t\t\t<div class=\"sow-slider-image-container\">\n\t\t\t<div class=\"sow-slider-image-wrapper\">\n\t\t\t\t\t\t\t<\/div>\n\t\t<\/div>\n\t\t\t\t<\/li>\n\t\t<\/ul>\t\t\t\t<ol class=\"sow-slider-pagination\">\n\t\t\t\t\t\t\t\t\t\t\t<li><a href=\"#\" data-goto=\"0\" aria-label=\"display slide 1\"><\/a><\/li>\n\t\t\t\t\t\t\t\t\t<\/ol>\n\n\t\t\t\t<div class=\"sow-slide-nav sow-slide-nav-next\">\n\t\t\t\t\t<a href=\"#\" data-goto=\"next\" aria-label=\"next slide\" data-action=\"next\">\n\t\t\t\t\t\t<em class=\"sow-sld-icon-thin-right\"><\/em>\n\t\t\t\t\t<\/a>\n\t\t\t\t<\/div>\n\n\t\t\t\t<div class=\"sow-slide-nav sow-slide-nav-prev\">\n\t\t\t\t\t<a href=\"#\" data-goto=\"previous\" aria-label=\"previous slide\" data-action=\"prev\">\n\t\t\t\t\t\t<em class=\"sow-sld-icon-thin-left\"><\/em>\n\t\t\t\t\t<\/a>\n\t\t\t\t<\/div>\n\t\t\t\t<\/div><\/div><\/div><\/div><\/div><\/div><\/div><div id=\"pg-1816-1\"  class=\"panel-grid panel-has-style\" ><div style=\"padding: 0px 0; \" class=\"panel-row-style panel-row-style-for-1816-1\" ><div id=\"pgc-1816-1-0\"  class=\"panel-grid-cell\" ><div id=\"panel-1816-1-0-0\" class=\"so-panel widget widget_sow-headline panel-first-child panel-last-child\" data-index=\"1\" ><div class=\"panel-widget-style panel-widget-style-for-1816-1-0-0\" ><div\n\t\t\t\n\t\t\tclass=\"so-widget-sow-headline so-widget-sow-headline-default-f261bd09b158-1816 so-widget-fittext-wrapper\"\n\t\t\t data-fit-text-compressor=\"0.85\"\n\t\t><div class=\"sow-headline-container \">\n\t\t\t\t\t\t\t<h1 class=\"sow-headline\">\n\t\t\t\t\t\tGeneralauftragnahme\t\t\t\t\t\t<\/h1>\n\t\t\t\t\t\t\t\t\t\t\t<div class=\"decoration\">\n\t\t\t\t\t\t<div class=\"decoration-inside\"><\/div>\n\t\t\t\t\t<\/div>\n\t\t\t\t\t<\/div>\n<\/div><\/div><\/div><\/div><\/div><\/div><div id=\"pg-1816-2\"  class=\"panel-grid panel-has-style\" ><div style=\"padding: 0px 0; \" class=\"panel-row-style panel-row-style-for-1816-2\" ><div id=\"pgc-1816-2-0\"  class=\"panel-grid-cell\" ><div id=\"panel-1816-2-0-0\" class=\"so-panel widget widget_sow-editor panel-first-child panel-last-child\" data-index=\"2\" ><div class=\"panel-widget-style panel-widget-style-for-1816-2-0-0\" ><div\n\t\t\t\n\t\t\tclass=\"so-widget-sow-editor so-widget-sow-editor-base\"\n\t\t\t\n\t\t>\n<div class=\"siteorigin-widget-tinymce textwidget\">\n\t<p style=\"text-align: justify;\">Unsere Gesellschaft verf\u00fcgt \u00fcber erforderliche personelle und fachliche Leistungsf\u00e4higkeit als Generalunternehmer bei \u201eschl\u00fcsselfertigen\u201d Investitionen.<\/p>\n<p style=\"text-align: justify;\" align=\"justify\">Unseres Personal ist aufgrund seiner Erfahrung solchen Herausforderungen wir die Generalauftragnahme gewachsen: angefangen von der Vorbereitung des Vergabeverfahrens und der Finanzkontrolle der abgeschlossenen Vertr\u00e4ge \u00fcber Vorbereitung der Angebotsanfragen, projektbezogene Koordinierung und Ausf\u00fchrung einschl. Abstimmungen zwischen Gewerken, \u00dcberwachung der Lieferungen und Arbeiten auf der Baustelle bis zur Inbetriebnahme und Endabnahme. Wir verf\u00fcgen \u00fcber geforderte elektrische und Bauzulassungen.<\/p>\n<\/div>\n<\/div><\/div><\/div><\/div><div id=\"pgc-1816-2-1\"  class=\"panel-grid-cell\" ><div id=\"panel-1816-2-1-0\" class=\"so-panel widget widget_sow-editor panel-first-child panel-last-child\" data-index=\"3\" ><div class=\"panel-widget-style panel-widget-style-for-1816-2-1-0\" ><div\n\t\t\t\n\t\t\tclass=\"so-widget-sow-editor so-widget-sow-editor-base\"\n\t\t\t\n\t\t>\n<div class=\"siteorigin-widget-tinymce textwidget\">\n\t\n\t<strong>Angebot<\/strong>\n<ul>\n \t<li><a href=\"http:\/\/qenergi.int.plesniak.me\/de\/technische-planung-und-beratung\/\">Technische Planung und Beratung<\/a><\/li>\n \t<li><a href=\"http:\/\/qenergi.int.plesniak.me\/de\/produktion-und-vorfertigung\/\">Produktion und Vorfertigung<\/a><\/li>\n \t<li><a href=\"http:\/\/qenergi.int.plesniak.me\/de\/objektbau\/\">Objektbau<\/a><\/li>\n \t<li><a href=\"http:\/\/qenergi.int.plesniak.me\/de\/elektroenergetische-automatik-sicherheitsautomatik-eaz\/\">Elektroenergetische Automatik \/ Sicherheitsautomatik (EAZ)<\/a><\/li>\n \t<li><a href=\"http:\/\/qenergi.int.plesniak.me\/de\/intelligente-steuer-und-ueberwachungssysteme-ssin\/\">Intelligente Steuer- und \u00dcberwachungssysteme (SSIN)<\/a><\/li>\n \t<li><a href=\"http:\/\/qenergi.int.plesniak.me\/de\/messungen-und-inbetriebnahme\/\">Messungen und Inbetriebnahme<\/a><\/li>\n \t<li><a href=\"http:\/\/qenergi.int.plesniak.me\/de\/garantie-und-nachgarantieservice\/\">Garantie- und Nachgarantieservice<\/a><\/li>\n \t<li><a href=\"http:\/\/qenergi.int.plesniak.me\/de\/generalauftragnahme\/\">Generalauftragnahme<\/a><\/li>\n<\/ul>\n<strong>Nutzbare Links<\/strong>\n<ul class=\"services\">\n \t<li><a href=\"http:\/\/www.ure.gov.pl\" target=\"_blank\">Regulierungsbeh\u00f6rde f\u00fcr Energie<\/a><\/li>\n \t<li><a href=\"http:\/\/www.cire.pl\" target=\"_blank\">Informationszentrum zum Energiemarkt<\/a><\/li>\n \t<li><a href=\"http:\/\/www.sep.katowice.pl\" target=\"_blank\">SEP Katowice<\/a><\/li>\n<\/ul>\n<\/div>\n<\/div><\/div><\/div><\/div><\/div><\/div><\/div>","protected":false},"excerpt":{"rendered":"<p>Generalauftragnahme Unsere Gesellschaft verf\u00fcgt \u00fcber erforderliche personelle und fachliche Leistungsf\u00e4higkeit als Generalunternehmer bei \u201eschl\u00fcsselfertigen\u201d Investitionen. Unseres Personal ist aufgrund seiner Erfahrung solchen Herausforderungen wir die Generalauftragnahme gewachsen: angefangen von der Vorbereitung des Vergabeverfahrens und der Finanzkontrolle der abgeschlossenen Vertr\u00e4ge \u00fcber Vorbereitung der Angebotsanfragen, projektbezogene Koordinierung und Ausf\u00fchrung einschl. Abstimmungen zwischen Gewerken, \u00dcberwachung der Lieferungen und [&hellip;]<\/p>\n","protected":false},"author":1,"featured_media":1580,"parent":0,"menu_order":0,"comment_status":"closed","ping_status":"closed","template":"page-templates\/page_front-page.php","meta":{"ngg_post_thumbnail":0},"_links":{"self":[{"href":"https:\/\/qenergi.pl\/pl\/wp-json\/wp\/v2\/pages\/1816"}],"collection":[{"href":"https:\/\/qenergi.pl\/pl\/wp-json\/wp\/v2\/pages"}],"about":[{"href":"https:\/\/qenergi.pl\/pl\/wp-json\/wp\/v2\/types\/page"}],"author":[{"embeddable":true,"href":"https:\/\/qenergi.pl\/pl\/wp-json\/wp\/v2\/users\/1"}],"replies":[{"embeddable":true,"href":"https:\/\/qenergi.pl\/pl\/wp-json\/wp\/v2\/comments?post=1816"}],"version-history":[{"count":0,"href":"https:\/\/qenergi.pl\/pl\/wp-json\/wp\/v2\/pages\/1816\/revisions"}],"wp:featuredmedia":[{"embeddable":true,"href":"https:\/\/qenergi.pl\/pl\/wp-json\/wp\/v2\/media\/1580"}],"wp:attachment":[{"href":"https:\/\/qenergi.pl\/pl\/wp-json\/wp\/v2\/media?parent=1816"}],"curies":[{"name":"wp","href":"https:\/\/api.w.org\/{rel}","templated":true}]}}