{"id":1825,"date":"2018-01-20T13:26:07","date_gmt":"2018-01-20T12:26:07","guid":{"rendered":"http:\/\/qenergi.pl\/?page_id=1825"},"modified":"2018-01-25T13:34:36","modified_gmt":"2018-01-25T12:34:36","slug":"messungen-und-inbetriebnahme","status":"publish","type":"page","link":"https:\/\/qenergi.pl\/pl\/de\/messungen-und-inbetriebnahme\/","title":{"rendered":"Messungen und Inbetriebnahme"},"content":{"rendered":"<div id=\"pl-1825\"  class=\"panel-layout\" ><div id=\"pg-1825-0\"  class=\"panel-grid panel-has-style\" ><div style=\"padding: 0px 0; \" class=\"panel-row-style panel-row-style-for-1825-0\" ><div id=\"pgc-1825-0-0\"  class=\"panel-grid-cell\" ><div id=\"panel-1825-0-0-0\" class=\"so-panel widget widget_sow-hero panel-first-child panel-last-child\" data-index=\"0\" ><div class=\"panel-widget-style panel-widget-style-for-1825-0-0-0\" ><div\n\t\t\t\n\t\t\tclass=\"so-widget-sow-hero so-widget-sow-hero-default-0e6989de9c48-1825 so-widget-fittext-wrapper\"\n\t\t\t data-fit-text-compressor=\"0.85\"\n\t\t>\t\t\t\t<div class=\"sow-slider-base\" style=\"display: none\" tabindex=\"0\">\n\t\t\t\t\t<ul\n\t\t\t\t\tclass=\"sow-slider-images\"\n\t\t\t\t\tdata-settings=\"{&quot;pagination&quot;:true,&quot;speed&quot;:800,&quot;timeout&quot;:3000,&quot;paused&quot;:false,&quot;pause_on_hover&quot;:false,&quot;swipe&quot;:true,&quot;nav_always_show_desktop&quot;:&quot;&quot;,&quot;nav_always_show_mobile&quot;:&quot;&quot;,&quot;breakpoint&quot;:&quot;780px&quot;,&quot;unmute&quot;:false,&quot;anchor&quot;:null}\"\n\t\t\t\t\t\t\t\t\t\tdata-anchor-id=\"\"\n\t\t\t\t>\t\t<li class=\"sow-slider-image  sow-slider-image-cover\" style=\"visibility: visible;;background-color: #333333;background-image: url(https:\/\/qenergi.pl\/wp-content\/uploads\/2016\/01\/pomiary-i-uruchomienia-agw_0351.jpg)\" >\n\t\t\t\t\t<div class=\"sow-slider-image-container\">\n\t\t\t<div class=\"sow-slider-image-wrapper\">\n\t\t\t\t\t\t\t<\/div>\n\t\t<\/div>\n\t\t\t\t<\/li>\n\t\t\t\t<li class=\"sow-slider-image  sow-slider-image-cover\" style=\"visibility: hidden;;background-color: #333333\" data-background=\"url(https:\/\/qenergi.pl\/wp-content\/uploads\/2016\/01\/pomiary-i-uruchomienia-agw_0411-cut.jpg)\" >\n\t\t\t\t\t<div class=\"sow-slider-image-container\">\n\t\t\t<div class=\"sow-slider-image-wrapper\">\n\t\t\t\t\t\t\t<\/div>\n\t\t<\/div>\n\t\t\t\t<\/li>\n\t\t\t\t<li class=\"sow-slider-image  sow-slider-image-cover\" style=\"visibility: hidden;;background-color: #333333\" data-background=\"url(https:\/\/qenergi.pl\/wp-content\/uploads\/2016\/01\/agw_0064.jpg)\" >\n\t\t\t\t\t<div class=\"sow-slider-image-container\">\n\t\t\t<div class=\"sow-slider-image-wrapper\">\n\t\t\t\t\t\t\t<\/div>\n\t\t<\/div>\n\t\t\t\t<\/li>\n\t\t<\/ul>\t\t\t\t<ol class=\"sow-slider-pagination\">\n\t\t\t\t\t\t\t\t\t\t\t<li><a href=\"#\" data-goto=\"0\" aria-label=\"display slide 1\"><\/a><\/li>\n\t\t\t\t\t\t\t\t\t\t\t<li><a href=\"#\" data-goto=\"1\" aria-label=\"display slide 2\"><\/a><\/li>\n\t\t\t\t\t\t\t\t\t\t\t<li><a href=\"#\" data-goto=\"2\" aria-label=\"display slide 3\"><\/a><\/li>\n\t\t\t\t\t\t\t\t\t<\/ol>\n\n\t\t\t\t<div class=\"sow-slide-nav sow-slide-nav-next\">\n\t\t\t\t\t<a href=\"#\" data-goto=\"next\" aria-label=\"next slide\" data-action=\"next\">\n\t\t\t\t\t\t<em class=\"sow-sld-icon-thin-right\"><\/em>\n\t\t\t\t\t<\/a>\n\t\t\t\t<\/div>\n\n\t\t\t\t<div class=\"sow-slide-nav sow-slide-nav-prev\">\n\t\t\t\t\t<a href=\"#\" data-goto=\"previous\" aria-label=\"previous slide\" data-action=\"prev\">\n\t\t\t\t\t\t<em class=\"sow-sld-icon-thin-left\"><\/em>\n\t\t\t\t\t<\/a>\n\t\t\t\t<\/div>\n\t\t\t\t<\/div><\/div><\/div><\/div><\/div><\/div><\/div><div id=\"pg-1825-1\"  class=\"panel-grid panel-has-style\" ><div style=\"padding: 0px 0; \" class=\"panel-row-style panel-row-style-for-1825-1\" ><div id=\"pgc-1825-1-0\"  class=\"panel-grid-cell\" ><div id=\"panel-1825-1-0-0\" class=\"so-panel widget widget_sow-headline panel-first-child panel-last-child\" data-index=\"1\" ><div class=\"panel-widget-style panel-widget-style-for-1825-1-0-0\" ><div\n\t\t\t\n\t\t\tclass=\"so-widget-sow-headline so-widget-sow-headline-default-f261bd09b158-1825 so-widget-fittext-wrapper\"\n\t\t\t data-fit-text-compressor=\"0.85\"\n\t\t><div class=\"sow-headline-container \">\n\t\t\t\t\t\t\t<h1 class=\"sow-headline\">\n\t\t\t\t\t\tMessungen und Inbetriebnahme\t\t\t\t\t\t<\/h1>\n\t\t\t\t\t\t\t\t\t\t\t<div class=\"decoration\">\n\t\t\t\t\t\t<div class=\"decoration-inside\"><\/div>\n\t\t\t\t\t<\/div>\n\t\t\t\t\t<\/div>\n<\/div><\/div><\/div><\/div><\/div><\/div><div id=\"pg-1825-2\"  class=\"panel-grid panel-has-style\" ><div style=\"padding: 0px 0; \" class=\"panel-row-style panel-row-style-for-1825-2\" ><div id=\"pgc-1825-2-0\"  class=\"panel-grid-cell\" ><div id=\"panel-1825-2-0-0\" class=\"so-panel widget widget_sow-editor panel-first-child panel-last-child\" data-index=\"2\" ><div class=\"panel-widget-style panel-widget-style-for-1825-2-0-0\" ><div\n\t\t\t\n\t\t\tclass=\"so-widget-sow-editor so-widget-sow-editor-base\"\n\t\t\t\n\t\t>\n<div class=\"siteorigin-widget-tinymce textwidget\">\n\t<p style=\"text-align: left;\"><b><i>Unsere Firma erbringt spezielle Ingenieurleistungen im folgenden Bereich:<\/i><\/b><\/p>\n<ul class=\"services\" style=\"text-align: left;\">\n<li>Statische Spannungsausl\u00f6sung und -regelung der synchronischen Hoch- und Niedrigleistungsgeneratoren<\/li>\n<li>Synchronisierungs-, Steuer-, Erfassungs-, Visualisierungs- und Signalsysteme<\/li>\n<li>Elektroenergetische Sicherheitsautomatik (EAZ) der Transformatoren, Generatoren, Kabellinien und Freileitungen der Niedrig-, Mittel- und Hochspannung<\/li>\n<li>Antriebssysteme und Frequenzumrichter f\u00fcr stufenlose Drehzahlregelung der asynchronen K\u00e4figmotoren<\/li>\n<\/ul>\n<p style=\"text-align: left;\"><b><i>Diese Leistungen umfassen Folgendes:<\/i><\/b><\/p>\n<ul class=\"services\" style=\"text-align: left;\">\n<li>Laborpr\u00fcfungen der Ger\u00e4te und Anlagen<\/li>\n<li>Pr\u00fcfungen der Sicherheitsautomatik mit speziellen Pr\u00fcfeinrichtungen, z.B.: OMICRON CMC356 der Fa. Siemens<\/li>\n<li>Messungen des Elektroschlagschutzes<\/li>\n<li>Pr\u00fcfungen und Inspektionen nach Montagearbeiten<\/li>\n<li>Funktionspr\u00fcfungen, Inbetriebnahmen, Anfahrten<\/li>\n<li>Periodische Untersuchungen der Anlagen und Systeme vor Ort<\/li>\n<li>Service der installierten Systeme und Ger\u00e4te<\/li>\n<li>Messungen der Energiequalit\u00e4t und der elektrischen Versorgungs- und Empf\u00e4ngernetzwerke<\/li>\n<\/ul>\n<p style=\"text-align: left;\"><b><i>Au\u00dferdem erbringen wir folgende Leistungen:<\/i><\/b><\/p>\n<ul class=\"services\" style=\"text-align: left;\">\n<li>Pr\u00fcfungen der NS-Schaltger\u00e4te:\n<ul>\n<li>AC-Schalter<\/li>\n<li>DC-Schalter<\/li>\n<li>Strom- und Spannungswandler<\/li>\n<li>Sammel- und Stromschienen<\/li>\n<\/ul>\n<\/li>\n<\/ul>\n<ul>\n<li style=\"text-align: left;\">Pr\u00fcfungen, Inspektionen und Messungen der MS-Schaltanlagen<\/li>\n<li style=\"text-align: left;\">Spanungspr\u00fcfungen und -Proben der MS-Kabellinien mit Sonderger\u00e4ten, z.B.: Zwangsschalter ABK 55C<\/li>\n<li style=\"text-align: left;\">Pr\u00fcfungen der Steuer- und Signallinien<\/li>\n<li style=\"text-align: left;\">Pr\u00fcfungen der Schaltungen und Schaltteile mit 1-kV-Spannung<\/li>\n<li style=\"text-align: left;\">Messungen der Wirksamkeit des Elektroschlagschutzes<\/li>\n<li style=\"text-align: left;\">Messungen der Blitzschutz- und Erdungsleiter<\/li>\n<li style=\"text-align: left;\">Kapazit\u00e4ts- und Erdungsmessungen der Akkubatterien in Stationen und Traktionen<\/li>\n<li>Proben, Pr\u00fcfungen und Messungen von u.a.:\n<ul>\n<li style=\"text-align: left;\">Oszillografische Pr\u00fcfungen von Einschwingungsvorg\u00e4ngen<\/li>\n<li style=\"text-align: left;\">Gutachten \u00fcber Versorgungsbedingungen der Elektroanlagen<\/li>\n<li style=\"text-align: left;\">Sonstige Pr\u00fcfungen nach individuellen Kundenanforderungen.<\/li>\n<\/ul>\n<\/li>\n<\/ul>\n<p style=\"text-align: justify;\" align=\"justify\">Wir sind mit hochqualitativen Pr\u00fcf- und Messger\u00e4ten ausgestattet und besch\u00e4ftigen hochklassige Fachkr\u00e4fte und Experten mit mehrj\u00e4hriger Erfahrung bei eingeleiteten Investitionen f\u00fcr industrielle Energetik. Wir verf\u00fcgen \u00fcber erforderliche berufliche Qualifikationen und elektrische berufliche Zulassungen.<\/p>\n<\/div>\n<\/div><\/div><\/div><\/div><div id=\"pgc-1825-2-1\"  class=\"panel-grid-cell\" ><div id=\"panel-1825-2-1-0\" class=\"so-panel widget widget_sow-editor panel-first-child panel-last-child\" data-index=\"3\" ><div class=\"panel-widget-style panel-widget-style-for-1825-2-1-0\" ><div\n\t\t\t\n\t\t\tclass=\"so-widget-sow-editor so-widget-sow-editor-base\"\n\t\t\t\n\t\t>\n<div class=\"siteorigin-widget-tinymce textwidget\">\n\t\n\t<strong>Angebot<\/strong>\n<ul>\n \t<li><a href=\"http:\/\/qenergi.int.plesniak.me\/de\/technische-planung-und-beratung\/\">Technische Planung und Beratung<\/a><\/li>\n \t<li><a href=\"http:\/\/qenergi.int.plesniak.me\/de\/produktion-und-vorfertigung\/\">Produktion und Vorfertigung<\/a><\/li>\n \t<li><a href=\"http:\/\/qenergi.int.plesniak.me\/de\/objektbau\/\">Objektbau<\/a><\/li>\n \t<li><a href=\"http:\/\/qenergi.int.plesniak.me\/de\/elektroenergetische-automatik-sicherheitsautomatik-eaz\/\">Elektroenergetische Automatik \/ Sicherheitsautomatik (EAZ)<\/a><\/li>\n \t<li><a href=\"http:\/\/qenergi.int.plesniak.me\/de\/intelligente-steuer-und-ueberwachungssysteme-ssin\/\">Intelligente Steuer- und \u00dcberwachungssysteme (SSIN)<\/a><\/li>\n \t<li><a href=\"http:\/\/qenergi.int.plesniak.me\/de\/messungen-und-inbetriebnahme\/\">Messungen und Inbetriebnahme<\/a><\/li>\n \t<li><a href=\"http:\/\/qenergi.int.plesniak.me\/de\/garantie-und-nachgarantieservice\/\">Garantie- und Nachgarantieservice<\/a><\/li>\n \t<li><a href=\"http:\/\/qenergi.int.plesniak.me\/de\/generalauftragnahme\/\">Generalauftragnahme<\/a><\/li>\n<\/ul>\n<strong>Nutzbare Links<\/strong>\n<ul class=\"services\">\n \t<li><a href=\"http:\/\/www.ure.gov.pl\" target=\"_blank\">Regulierungsbeh\u00f6rde f\u00fcr Energie<\/a><\/li>\n \t<li><a href=\"http:\/\/www.cire.pl\" target=\"_blank\">Informationszentrum zum Energiemarkt<\/a><\/li>\n \t<li><a href=\"http:\/\/www.sep.katowice.pl\" target=\"_blank\">SEP Katowice<\/a><\/li>\n<\/ul>\n<\/div>\n<\/div><\/div><\/div><\/div><\/div><\/div><\/div>","protected":false},"excerpt":{"rendered":"<p>Messungen und Inbetriebnahme Unsere Firma erbringt spezielle Ingenieurleistungen im folgenden Bereich: Statische Spannungsausl\u00f6sung und -regelung der synchronischen Hoch- und Niedrigleistungsgeneratoren Synchronisierungs-, Steuer-, Erfassungs-, Visualisierungs- und Signalsysteme Elektroenergetische Sicherheitsautomatik (EAZ) der Transformatoren, Generatoren, Kabellinien und Freileitungen der Niedrig-, Mittel- und Hochspannung Antriebssysteme und Frequenzumrichter f\u00fcr stufenlose Drehzahlregelung der asynchronen K\u00e4figmotoren Diese Leistungen umfassen Folgendes: Laborpr\u00fcfungen der [&hellip;]<\/p>\n","protected":false},"author":1,"featured_media":1583,"parent":0,"menu_order":0,"comment_status":"closed","ping_status":"closed","template":"page-templates\/page_front-page.php","meta":{"ngg_post_thumbnail":0},"_links":{"self":[{"href":"https:\/\/qenergi.pl\/pl\/wp-json\/wp\/v2\/pages\/1825"}],"collection":[{"href":"https:\/\/qenergi.pl\/pl\/wp-json\/wp\/v2\/pages"}],"about":[{"href":"https:\/\/qenergi.pl\/pl\/wp-json\/wp\/v2\/types\/page"}],"author":[{"embeddable":true,"href":"https:\/\/qenergi.pl\/pl\/wp-json\/wp\/v2\/users\/1"}],"replies":[{"embeddable":true,"href":"https:\/\/qenergi.pl\/pl\/wp-json\/wp\/v2\/comments?post=1825"}],"version-history":[{"count":0,"href":"https:\/\/qenergi.pl\/pl\/wp-json\/wp\/v2\/pages\/1825\/revisions"}],"wp:featuredmedia":[{"embeddable":true,"href":"https:\/\/qenergi.pl\/pl\/wp-json\/wp\/v2\/media\/1583"}],"wp:attachment":[{"href":"https:\/\/qenergi.pl\/pl\/wp-json\/wp\/v2\/media?parent=1825"}],"curies":[{"name":"wp","href":"https:\/\/api.w.org\/{rel}","templated":true}]}}