{"id":1831,"date":"2018-01-20T13:53:02","date_gmt":"2018-01-20T12:53:02","guid":{"rendered":"http:\/\/qenergi.pl\/?page_id=1831"},"modified":"2018-01-25T14:09:10","modified_gmt":"2018-01-25T13:09:10","slug":"intelligente-steuer-und-ueberwachungssysteme-ssin","status":"publish","type":"page","link":"https:\/\/qenergi.pl\/pl\/de\/intelligente-steuer-und-ueberwachungssysteme-ssin\/","title":{"rendered":"Intelligente Steuer- und \u00dcberwachungssysteme (SSIN)"},"content":{"rendered":"<div id=\"pl-1831\"  class=\"panel-layout\" ><div id=\"pg-1831-0\"  class=\"panel-grid panel-has-style\" ><div style=\"padding: 0px 0; \" class=\"panel-row-style panel-row-style-for-1831-0\" ><div id=\"pgc-1831-0-0\"  class=\"panel-grid-cell\" ><div id=\"panel-1831-0-0-0\" class=\"so-panel widget widget_sow-hero panel-first-child panel-last-child\" data-index=\"0\" ><div class=\"panel-widget-style panel-widget-style-for-1831-0-0-0\" ><div\n\t\t\t\n\t\t\tclass=\"so-widget-sow-hero so-widget-sow-hero-default-e92b513ed6ee-1831 so-widget-fittext-wrapper\"\n\t\t\t data-fit-text-compressor=\"0.85\"\n\t\t>\t\t\t\t<div class=\"sow-slider-base\" style=\"display: none\" tabindex=\"0\">\n\t\t\t\t\t<ul\n\t\t\t\t\tclass=\"sow-slider-images\"\n\t\t\t\t\tdata-settings=\"{&quot;pagination&quot;:true,&quot;speed&quot;:800,&quot;timeout&quot;:3000,&quot;paused&quot;:false,&quot;pause_on_hover&quot;:false,&quot;swipe&quot;:true,&quot;nav_always_show_desktop&quot;:&quot;&quot;,&quot;nav_always_show_mobile&quot;:&quot;&quot;,&quot;breakpoint&quot;:&quot;780px&quot;,&quot;unmute&quot;:false,&quot;anchor&quot;:null}\"\n\t\t\t\t\t\t\t\t\t\tdata-anchor-id=\"\"\n\t\t\t\t>\t\t<li class=\"sow-slider-image  sow-slider-image-cover\" style=\"visibility: visible;;background-color: #333333;background-image: url(https:\/\/qenergi.pl\/wp-content\/uploads\/2016\/01\/ssin5.jpg)\" >\n\t\t\t\t\t<div class=\"sow-slider-image-container\">\n\t\t\t<div class=\"sow-slider-image-wrapper\">\n\t\t\t\t\t\t\t<\/div>\n\t\t<\/div>\n\t\t\t\t<\/li>\n\t\t<\/ul>\t\t\t\t<ol class=\"sow-slider-pagination\">\n\t\t\t\t\t\t\t\t\t\t\t<li><a href=\"#\" data-goto=\"0\" aria-label=\"display slide 1\"><\/a><\/li>\n\t\t\t\t\t\t\t\t\t<\/ol>\n\n\t\t\t\t<div class=\"sow-slide-nav sow-slide-nav-next\">\n\t\t\t\t\t<a href=\"#\" data-goto=\"next\" aria-label=\"next slide\" data-action=\"next\">\n\t\t\t\t\t\t<em class=\"sow-sld-icon-thin-right\"><\/em>\n\t\t\t\t\t<\/a>\n\t\t\t\t<\/div>\n\n\t\t\t\t<div class=\"sow-slide-nav sow-slide-nav-prev\">\n\t\t\t\t\t<a href=\"#\" data-goto=\"previous\" aria-label=\"previous slide\" data-action=\"prev\">\n\t\t\t\t\t\t<em class=\"sow-sld-icon-thin-left\"><\/em>\n\t\t\t\t\t<\/a>\n\t\t\t\t<\/div>\n\t\t\t\t<\/div><\/div><\/div><\/div><\/div><\/div><\/div><div id=\"pg-1831-1\"  class=\"panel-grid panel-has-style\" ><div style=\"padding: 0px 0; \" class=\"panel-row-style panel-row-style-for-1831-1\" ><div id=\"pgc-1831-1-0\"  class=\"panel-grid-cell\" ><div id=\"panel-1831-1-0-0\" class=\"so-panel widget widget_sow-headline panel-first-child panel-last-child\" data-index=\"1\" ><div class=\"panel-widget-style panel-widget-style-for-1831-1-0-0\" ><div\n\t\t\t\n\t\t\tclass=\"so-widget-sow-headline so-widget-sow-headline-default-f261bd09b158-1831 so-widget-fittext-wrapper\"\n\t\t\t data-fit-text-compressor=\"0.85\"\n\t\t><div class=\"sow-headline-container \">\n\t\t\t\t\t\t\t<h1 class=\"sow-headline\">\n\t\t\t\t\t\tIntelligente Steuer- und \u00dcberwachungssysteme (SSIN)\t\t\t\t\t\t<\/h1>\n\t\t\t\t\t\t\t\t\t\t\t<div class=\"decoration\">\n\t\t\t\t\t\t<div class=\"decoration-inside\"><\/div>\n\t\t\t\t\t<\/div>\n\t\t\t\t\t<\/div>\n<\/div><\/div><\/div><\/div><\/div><\/div><div id=\"pg-1831-2\"  class=\"panel-grid panel-has-style\" ><div style=\"padding: 0px 0; \" class=\"panel-row-style panel-row-style-for-1831-2\" ><div id=\"pgc-1831-2-0\"  class=\"panel-grid-cell\" ><div id=\"panel-1831-2-0-0\" class=\"so-panel widget widget_sow-editor panel-first-child panel-last-child\" data-index=\"2\" ><div class=\"panel-widget-style panel-widget-style-for-1831-2-0-0\" ><div\n\t\t\t\n\t\t\tclass=\"so-widget-sow-editor so-widget-sow-editor-base\"\n\t\t\t\n\t\t>\n<div class=\"siteorigin-widget-tinymce textwidget\">\n\t<p style=\"text-align: justify;\" align=\"justify\">In unserem Angebot befinden sich auch Leistungen im Bereich computerunterst\u00fctzte Steuerungs-, \u00dcberwachungs- und Visualisierungssysteme sowie Automatisierung der technologischen und Produktionsprozesse.<\/p>\n<p style=\"text-align: left;\"><b><i>Unser Angebot der Leistungen im Bereich der Systeme umfasst folgendes:<\/i><\/b><\/p>\n<ul class=\"services\" style=\"text-align: left;\">\n<li>Beratung und Bestandsaufnahme beim Iststand<\/li>\n<li>Erarbeitung des L\u00f6sungskonzepts<\/li>\n<li>Erarbeitung von fertigen L\u00f6sungen in Form vom technischen Entwurf\/Plan<\/li>\n<li>Auswahl entsprechender Messger\u00e4te und Aktuatoren<\/li>\n<li>Auswahl der Instrumentensoftware, der PC-Stationen, der Steuerungssoftware<\/li>\n<li>Komplettierung der Hardware-, Anlagen, PC- und Leitstandlieferungen<\/li>\n<li>Ethernetinstallation<\/li>\n<li>System- und Softwareinstallation sowie Hochlauf der Prozesse<\/li>\n<li>Technologische Anfahrt<\/li>\n<li>Personalschulungen<\/li>\n<\/ul>\n<p style=\"text-align: left;\"><b><i>Intelligente Steuerung, \u00dcberwachung und Visualisierung mit dem Ziel:<\/i><\/b><\/p>\n<ul class=\"services\" style=\"text-align: left;\">\n<li>Steuerung mit technologischen Prozessen<\/li>\n<li>\u00dcberwachung und Kontrolle des ordnungsgem\u00e4\u00dfen Betriebs<\/li>\n<li>Computerunterst\u00fctzter Support f\u00fcr das Bedienpersonal<\/li>\n<li>Diagnose des Anlagenbetriebs<\/li>\n<li>\u00dcberwachung und Erfassung der Betriebsdaten<\/li>\n<li>Planung der Betriebs-, Wartungs- und Instandsetzungsintervalle<\/li>\n<li>Analysen, Berechnungen, Parametrierung<\/li>\n<li>Datenverarbeitung und Diagrammerzeugung<\/li>\n<li>Kosten- und Betriebsoptimierung in Bezug auf die technologischen und Produktionsverfahren<\/li>\n<\/ul>\n<p style=\"text-align: left;\"><b><i>Verwendung:<\/i><\/b><\/p>\n<ul class=\"services\" style=\"text-align: left;\">\n<li>Industrie- und Produktionsbetriebe<\/li>\n<li>Wasser-, Wind-, Heiz- und Fernheizkraftwerke<\/li>\n<li>Umspannwerke<\/li>\n<li>NS-, MS-, WS-Schaltanlagen<\/li>\n<li>Regelung des Anlagen- und Maschinenbetriebs<\/li>\n<\/ul>\n<p style=\"text-align: left;\"><b><i>Vorteile unserer Systeme:<\/i><\/b><\/p>\n<ul class=\"services\">\n<li style=\"text-align: left;\">Ber\u00fccksichtigung der Kundenanforderungen<\/li>\n<li style=\"text-align: left;\">Flexible L\u00f6sungen mit Ausbau- und Anpassungsm\u00f6glichkeiten<\/li>\n<li style=\"text-align: left;\">Entwicklungsfreundliche Mechanismen und Architektur<\/li>\n<li style=\"text-align: left;\">Vorschlag eigener L\u00f6sungen nach bestimmtem Bedarf<\/li>\n<li style=\"text-align: left;\">Funktionelle Autotests<\/li>\n<li style=\"text-align: left;\">Zeitsynchronisierung<\/li>\n<li style=\"text-align: left;\">Zuverl\u00e4ssigkeit durch redundante Anwendungen<\/li>\n<li style=\"text-align: left;\">Kompatibilit\u00e4t mit anderen Messger\u00e4ten und Aktuatoren<\/li>\n<li style=\"text-align: left;\">Benutzerfreundliche Oberfl\u00e4che<\/li>\n<li style=\"text-align: left;\">Standardm\u00e4\u00dfige und handels\u00fcbliche Schnittstellen<\/li>\n<li style=\"text-align: left;\">Langfristige Erh\u00e4ltlichkeit der Ger\u00e4te<\/li>\n<li style=\"text-align: left;\">Konformit\u00e4t mit geltenden Normen und Standards<\/li>\n<li style=\"text-align: left;\">Steuerung und Fernwartung \u00fcber Internet\/Intranet<\/li>\n<li style=\"text-align: left;\">Ferngesteuerte \u00dcberwachung und Wartung<\/li>\n<li style=\"text-align: left;\">Integrierung mit anderen Systemen und Anlagen \u00fcber entsprechendes \u00dcbertragungsprotokoll<\/li>\n<li style=\"text-align: left;\">M\u00f6glicher Einsatz des LWL-Netzwerks oder je nach dem Protokoll \u2013 Ethernet, Profibus, Modbus, DNP3, S-BUS, IEC 60870, IEC 61850<\/li>\n<li style=\"text-align: left;\">Einsatz der GSM-\/GPRS- und Funktechnik<\/li>\n<\/ul>\n<p>&nbsp;<\/p>\n<p style=\"text-align: justify;\" align=\"justify\">Bei der Ausf\u00fchrung unserer Systeme nutzen wir die Steuerger\u00e4te und Hardware renommierter Firmen wie u.a.: Siemens, SAIA, Beckhoff, Schneider, Wago, Fanuc, Omron, Mitsubishi usw. \u2013 je nach dem Bedarf und Wunsch des Kunden.<\/p>\n<\/div>\n<\/div><\/div><\/div><\/div><div id=\"pgc-1831-2-1\"  class=\"panel-grid-cell\" ><div id=\"panel-1831-2-1-0\" class=\"so-panel widget widget_sow-editor panel-first-child panel-last-child\" data-index=\"3\" ><div class=\"panel-widget-style panel-widget-style-for-1831-2-1-0\" ><div\n\t\t\t\n\t\t\tclass=\"so-widget-sow-editor so-widget-sow-editor-base\"\n\t\t\t\n\t\t>\n<div class=\"siteorigin-widget-tinymce textwidget\">\n\t\n\t<strong>Angebot<\/strong>\n<ul>\n \t<li><a href=\"http:\/\/qenergi.int.plesniak.me\/de\/technische-planung-und-beratung\/\">Technische Planung und Beratung<\/a><\/li>\n \t<li><a href=\"http:\/\/qenergi.int.plesniak.me\/de\/produktion-und-vorfertigung\/\">Produktion und Vorfertigung<\/a><\/li>\n \t<li><a href=\"http:\/\/qenergi.int.plesniak.me\/de\/objektbau\/\">Objektbau<\/a><\/li>\n \t<li><a href=\"http:\/\/qenergi.int.plesniak.me\/de\/elektroenergetische-automatik-sicherheitsautomatik-eaz\/\">Elektroenergetische Automatik \/ Sicherheitsautomatik (EAZ)<\/a><\/li>\n \t<li><a href=\"http:\/\/qenergi.int.plesniak.me\/de\/intelligente-steuer-und-ueberwachungssysteme-ssin\/\">Intelligente Steuer- und \u00dcberwachungssysteme (SSIN)<\/a><\/li>\n \t<li><a href=\"http:\/\/qenergi.int.plesniak.me\/de\/messungen-und-inbetriebnahme\/\">Messungen und Inbetriebnahme<\/a><\/li>\n \t<li><a href=\"http:\/\/qenergi.int.plesniak.me\/de\/garantie-und-nachgarantieservice\/\">Garantie- und Nachgarantieservice<\/a><\/li>\n \t<li><a href=\"http:\/\/qenergi.int.plesniak.me\/de\/generalauftragnahme\/\">Generalauftragnahme<\/a><\/li>\n<\/ul>\n<strong>Nutzbare Links<\/strong>\n<ul class=\"services\">\n \t<li><a href=\"http:\/\/www.ure.gov.pl\" target=\"_blank\">Regulierungsbeh\u00f6rde f\u00fcr Energie<\/a><\/li>\n \t<li><a href=\"http:\/\/www.cire.pl\" target=\"_blank\">Informationszentrum zum Energiemarkt<\/a><\/li>\n \t<li><a href=\"http:\/\/www.sep.katowice.pl\" target=\"_blank\">SEP Katowice<\/a><\/li>\n<\/ul>\n<\/div>\n<\/div><\/div><\/div><\/div><\/div><\/div><\/div>","protected":false},"excerpt":{"rendered":"<p>Intelligente Steuer- und \u00dcberwachungssysteme (SSIN) In unserem Angebot befinden sich auch Leistungen im Bereich computerunterst\u00fctzte Steuerungs-, \u00dcberwachungs- und Visualisierungssysteme sowie Automatisierung der technologischen und Produktionsprozesse. Unser Angebot der Leistungen im Bereich der Systeme umfasst folgendes: Beratung und Bestandsaufnahme beim Iststand Erarbeitung des L\u00f6sungskonzepts Erarbeitung von fertigen L\u00f6sungen in Form vom technischen Entwurf\/Plan Auswahl entsprechender Messger\u00e4te [&hellip;]<\/p>\n","protected":false},"author":1,"featured_media":1581,"parent":0,"menu_order":0,"comment_status":"closed","ping_status":"closed","template":"page-templates\/page_front-page.php","meta":{"ngg_post_thumbnail":0},"_links":{"self":[{"href":"https:\/\/qenergi.pl\/pl\/wp-json\/wp\/v2\/pages\/1831"}],"collection":[{"href":"https:\/\/qenergi.pl\/pl\/wp-json\/wp\/v2\/pages"}],"about":[{"href":"https:\/\/qenergi.pl\/pl\/wp-json\/wp\/v2\/types\/page"}],"author":[{"embeddable":true,"href":"https:\/\/qenergi.pl\/pl\/wp-json\/wp\/v2\/users\/1"}],"replies":[{"embeddable":true,"href":"https:\/\/qenergi.pl\/pl\/wp-json\/wp\/v2\/comments?post=1831"}],"version-history":[{"count":0,"href":"https:\/\/qenergi.pl\/pl\/wp-json\/wp\/v2\/pages\/1831\/revisions"}],"wp:featuredmedia":[{"embeddable":true,"href":"https:\/\/qenergi.pl\/pl\/wp-json\/wp\/v2\/media\/1581"}],"wp:attachment":[{"href":"https:\/\/qenergi.pl\/pl\/wp-json\/wp\/v2\/media?parent=1831"}],"curies":[{"name":"wp","href":"https:\/\/api.w.org\/{rel}","templated":true}]}}