{"id":1849,"date":"2018-01-20T14:33:08","date_gmt":"2018-01-20T13:33:08","guid":{"rendered":"http:\/\/qenergi.pl\/?page_id=1849"},"modified":"2018-02-27T11:30:46","modified_gmt":"2018-02-27T10:30:46","slug":"produktion-und-vorfertigung","status":"publish","type":"page","link":"https:\/\/qenergi.pl\/pl\/de\/produktion-und-vorfertigung\/","title":{"rendered":"Produktion und Vorfertigung"},"content":{"rendered":"<div id=\"pl-1849\"  class=\"panel-layout\" ><div id=\"pg-1849-0\"  class=\"panel-grid panel-has-style\" ><div style=\"padding: 0px 0; \" class=\"panel-row-style panel-row-style-for-1849-0\" ><div id=\"pgc-1849-0-0\"  class=\"panel-grid-cell\" ><div id=\"panel-1849-0-0-0\" class=\"so-panel widget widget_sow-hero panel-first-child panel-last-child\" data-index=\"0\" ><div class=\"panel-widget-style panel-widget-style-for-1849-0-0-0\" ><div\n\t\t\t\n\t\t\tclass=\"so-widget-sow-hero so-widget-sow-hero-default-e92b513ed6ee-1849 so-widget-fittext-wrapper\"\n\t\t\t data-fit-text-compressor=\"0.85\"\n\t\t>\t\t\t\t<div class=\"sow-slider-base\" style=\"display: none\" tabindex=\"0\">\n\t\t\t\t\t<ul\n\t\t\t\t\tclass=\"sow-slider-images\"\n\t\t\t\t\tdata-settings=\"{&quot;pagination&quot;:true,&quot;speed&quot;:800,&quot;timeout&quot;:3000,&quot;paused&quot;:false,&quot;pause_on_hover&quot;:false,&quot;swipe&quot;:true,&quot;nav_always_show_desktop&quot;:&quot;&quot;,&quot;nav_always_show_mobile&quot;:&quot;&quot;,&quot;breakpoint&quot;:&quot;780px&quot;,&quot;unmute&quot;:false,&quot;anchor&quot;:null}\"\n\t\t\t\t\t\t\t\t\t\tdata-anchor-id=\"\"\n\t\t\t\t>\t\t<li class=\"sow-slider-image  sow-slider-image-cover\" style=\"visibility: visible;;background-color: #333333;background-image: url(https:\/\/qenergi.pl\/wp-content\/uploads\/2016\/01\/agw_0561.jpg)\" >\n\t\t\t\t\t<div class=\"sow-slider-image-container\">\n\t\t\t<div class=\"sow-slider-image-wrapper\">\n\t\t\t\t\t\t\t<\/div>\n\t\t<\/div>\n\t\t\t\t<\/li>\n\t\t\t\t<li class=\"sow-slider-image  sow-slider-image-cover\" style=\"visibility: hidden;;background-color: #333333\" data-background=\"url(https:\/\/qenergi.pl\/wp-content\/uploads\/2016\/01\/agw_1880.jpg)\" >\n\t\t\t\t\t<div class=\"sow-slider-image-container\">\n\t\t\t<div class=\"sow-slider-image-wrapper\">\n\t\t\t\t\t\t\t<\/div>\n\t\t<\/div>\n\t\t\t\t<\/li>\n\t\t\t\t<li class=\"sow-slider-image  sow-slider-image-cover\" style=\"visibility: hidden;;background-color: #333333\" data-background=\"url(https:\/\/qenergi.pl\/wp-content\/uploads\/2016\/01\/agw_0662.jpg)\" >\n\t\t\t\t\t<div class=\"sow-slider-image-container\">\n\t\t\t<div class=\"sow-slider-image-wrapper\">\n\t\t\t\t\t\t\t<\/div>\n\t\t<\/div>\n\t\t\t\t<\/li>\n\t\t\t\t<li class=\"sow-slider-image  sow-slider-image-cover\" style=\"visibility: hidden;;background-color: #333333\" data-background=\"url(https:\/\/qenergi.pl\/wp-content\/uploads\/2016\/01\/agw_1860.jpg)\" >\n\t\t\t\t\t<div class=\"sow-slider-image-container\">\n\t\t\t<div class=\"sow-slider-image-wrapper\">\n\t\t\t\t\t\t\t<\/div>\n\t\t<\/div>\n\t\t\t\t<\/li>\n\t\t\t\t<li class=\"sow-slider-image  sow-slider-image-cover\" style=\"visibility: hidden;;background-color: #333333\" data-background=\"url(https:\/\/qenergi.pl\/wp-content\/uploads\/2016\/01\/agw_0659.jpg)\" >\n\t\t\t\t\t<div class=\"sow-slider-image-container\">\n\t\t\t<div class=\"sow-slider-image-wrapper\">\n\t\t\t\t\t\t\t<\/div>\n\t\t<\/div>\n\t\t\t\t<\/li>\n\t\t<\/ul>\t\t\t\t<ol class=\"sow-slider-pagination\">\n\t\t\t\t\t\t\t\t\t\t\t<li><a href=\"#\" data-goto=\"0\" aria-label=\"display slide 1\"><\/a><\/li>\n\t\t\t\t\t\t\t\t\t\t\t<li><a href=\"#\" data-goto=\"1\" aria-label=\"display slide 2\"><\/a><\/li>\n\t\t\t\t\t\t\t\t\t\t\t<li><a href=\"#\" data-goto=\"2\" aria-label=\"display slide 3\"><\/a><\/li>\n\t\t\t\t\t\t\t\t\t\t\t<li><a href=\"#\" data-goto=\"3\" aria-label=\"display slide 4\"><\/a><\/li>\n\t\t\t\t\t\t\t\t\t\t\t<li><a href=\"#\" data-goto=\"4\" aria-label=\"display slide 5\"><\/a><\/li>\n\t\t\t\t\t\t\t\t\t<\/ol>\n\n\t\t\t\t<div class=\"sow-slide-nav sow-slide-nav-next\">\n\t\t\t\t\t<a href=\"#\" data-goto=\"next\" aria-label=\"next slide\" data-action=\"next\">\n\t\t\t\t\t\t<em class=\"sow-sld-icon-thin-right\"><\/em>\n\t\t\t\t\t<\/a>\n\t\t\t\t<\/div>\n\n\t\t\t\t<div class=\"sow-slide-nav sow-slide-nav-prev\">\n\t\t\t\t\t<a href=\"#\" data-goto=\"previous\" aria-label=\"previous slide\" data-action=\"prev\">\n\t\t\t\t\t\t<em class=\"sow-sld-icon-thin-left\"><\/em>\n\t\t\t\t\t<\/a>\n\t\t\t\t<\/div>\n\t\t\t\t<\/div><\/div><\/div><\/div><\/div><\/div><\/div><div id=\"pg-1849-1\"  class=\"panel-grid panel-has-style\" ><div style=\"padding: 0px 0; \" class=\"panel-row-style panel-row-style-for-1849-1\" ><div id=\"pgc-1849-1-0\"  class=\"panel-grid-cell\" ><div id=\"panel-1849-1-0-0\" class=\"so-panel widget widget_sow-headline panel-first-child panel-last-child\" data-index=\"1\" ><div class=\"panel-widget-style panel-widget-style-for-1849-1-0-0\" ><div\n\t\t\t\n\t\t\tclass=\"so-widget-sow-headline so-widget-sow-headline-default-f261bd09b158-1849 so-widget-fittext-wrapper\"\n\t\t\t data-fit-text-compressor=\"0.85\"\n\t\t><div class=\"sow-headline-container \">\n\t\t\t\t\t\t\t<h1 class=\"sow-headline\">\n\t\t\t\t\t\tProduktion und Vorfertigung\t\t\t\t\t\t<\/h1>\n\t\t\t\t\t\t\t\t\t\t\t<div class=\"decoration\">\n\t\t\t\t\t\t<div class=\"decoration-inside\"><\/div>\n\t\t\t\t\t<\/div>\n\t\t\t\t\t<\/div>\n<\/div><\/div><\/div><\/div><\/div><\/div><div id=\"pg-1849-2\"  class=\"panel-grid panel-has-style\" ><div style=\"padding: 0px 0; \" class=\"panel-row-style panel-row-style-for-1849-2\" ><div id=\"pgc-1849-2-0\"  class=\"panel-grid-cell\" ><div id=\"panel-1849-2-0-0\" class=\"so-panel widget widget_sow-editor panel-first-child panel-last-child\" data-index=\"2\" ><div class=\"panel-widget-style panel-widget-style-for-1849-2-0-0\" ><div\n\t\t\t\n\t\t\tclass=\"so-widget-sow-editor so-widget-sow-editor-base\"\n\t\t\t\n\t\t>\n<div class=\"siteorigin-widget-tinymce textwidget\">\n\t<p style=\"text-align: justify;\">Im Bereich der Niedrigspannungsschaltanlagen gew\u00e4hrleistet unsere Firma Allroundleistungen, indem wir diese von uns oder kundenseitig entworfenen Anlagen herstellen. Im unseren Werk besitzen wir eine entsprechend mit Montage- und Sonderger\u00e4ten ausger\u00fcstete Werkstatt- und Produktionsbasis. Sie erm\u00f6glicht uns die die \u00f6rtliche Fertigung in der Werkstatt oder im Bedarfsfall auf der Baustelle dank mobilen Werkzeugen und Einrichtungen.<\/p>\n<div>\n<p style=\"text-align: left;\"><b><i>Wir gew\u00e4hrleisten die Fertigung folgender Komponenten:<\/i><\/b><\/p>\n<ul class=\"services\" style=\"text-align: left;\">\n<li>Fertige Schaltteile,<\/li>\n<li>Halbzeuge zur weiteren Verarbeitung,<\/li>\n<li>Fertigteile aus beigestellten Werkstoffen.<\/li>\n<\/ul>\n<p style=\"text-align: left;\">\n<p style=\"text-align: left;\"><b><i>Unser Fertigungsangebot umfasst auch folgende Vorfertigung:<\/i><\/b><\/p>\n<ul class=\"services\" style=\"text-align: left;\">\n<li>Niedrigspannungsverteilungs- und -versorgungsschaltanlagen bis 3000A<\/li>\n<li>Schaltanlagen und Steuerschr\u00e4nke, Signalgleichrichter und Gleichstromversorgungssysteme<\/li>\n<li>Elektrische Schutzgruppen in Schrankausf\u00fchrungen<\/li>\n<li>Strommessschr\u00e4nke und Stromabrechnungssysteme<\/li>\n<li>System- und Steuerschr\u00e4nke, PC-Pulte und Steuertafel<\/li>\n<li>Schr\u00e4nke und K\u00e4ste der \u00f6rtlichen Steuerungen<\/li>\n<li>Steuertafel und -pulte<\/li>\n<li>Lokale Steuerschr\u00e4nke und -k\u00e4sten<\/li>\n<\/ul>\n<p style=\"text-align: left;\">\n<p style=\"text-align: left;\"><b><i>Die Fertigprodukte unterliegen einer erforderlichen werkinternen Pr\u00fcfung:<\/i><\/b><\/p>\n<ul class=\"services\">\n<li style=\"text-align: left;\">Kontrolle und Messungen<\/li>\n<li style=\"text-align: left;\">Funktionstests<\/li>\n<li style=\"text-align: left;\">Elektrische Pr\u00fcfungen und Proben<\/li>\n<\/ul>\n<p style=\"text-align: justify;\" align=\"justify\">\n<p style=\"text-align: justify;\" align=\"justify\">Wir verf\u00fcgen \u00fcber entsprechendes technisches Potenzial, mit dem unsere Ingenieure die gesamten Vorfertigungsprozesse von der Produktionsvorbereitung bis zur Realisierung planen und \u00fcberwachen k\u00f6nnen. Nach der abgeschlossenen werkinternen Pr\u00fcfung wird eine Konformit\u00e4tserkl\u00e4rung hinsichtlich der Sicherheit und der CE-Kennzeichnung ausgestellt.<\/p>\n<p style=\"text-align: justify;\">F\u00fcr unsere Produktionszwecke verwenden wir vorgefertigte Kapselungen und Komponenten von hochqualitativen inl\u00e4ndischen und ausl\u00e4ndischen Herstellern, u.a.: Rittal, Eaton, Schneider, ABB, Schrack, Siemens, Legrand, Weidm\u00fcller, Wago oder nach Kundenwunsch.<\/p>\n<p style=\"text-align: justify;\">Unsere Werkstatt- und Fertigungsbasis ist ausgestattet mit elektrohydraulischen Einrichtungen zum Biegen, Profilieren und Bohren der Kupfer- und Aluminium-Flachprofile, grundlegenden Elektro- und Hydraulikger\u00e4ten, Schlosserwerkzeugen, computerunterst\u00fctzten Ger\u00e4ten zum Kennzeichnen und Gravieren sowie Mess- und Pr\u00fcfapparaten.<\/p>\n<p style=\"text-align: justify;\">Auf Kundenwunsch \u00fcbernehmen wir auch den Anschluss und die Montage der Schaltanlagen auf der Baustelle, Messungen, As-Build-Pr\u00fcfungen, Inbetriebnahme zzgl. Erstellung entsprechender Protokolle und Berichte.<\/p>\n<\/div>\n<\/div>\n<\/div><\/div><\/div><\/div><div id=\"pgc-1849-2-1\"  class=\"panel-grid-cell\" ><div id=\"panel-1849-2-1-0\" class=\"so-panel widget widget_sow-editor panel-first-child panel-last-child\" data-index=\"3\" ><div class=\"panel-widget-style panel-widget-style-for-1849-2-1-0\" ><div\n\t\t\t\n\t\t\tclass=\"so-widget-sow-editor so-widget-sow-editor-base\"\n\t\t\t\n\t\t>\n<div class=\"siteorigin-widget-tinymce textwidget\">\n\t\n\t<strong>Angebot<\/strong>\n<ul>\n \t<li><a href=\"http:\/\/qenergi.int.plesniak.me\/de\/technische-planung-und-beratung\/\">Technische Planung und Beratung<\/a><\/li>\n \t<li><a href=\"http:\/\/qenergi.int.plesniak.me\/de\/produktion-und-vorfertigung\/\">Produktion und Vorfertigung<\/a><\/li>\n \t<li><a href=\"http:\/\/qenergi.int.plesniak.me\/de\/objektbau\/\">Objektbau<\/a><\/li>\n \t<li><a href=\"http:\/\/qenergi.int.plesniak.me\/de\/elektroenergetische-automatik-sicherheitsautomatik-eaz\/\">Elektroenergetische Automatik \/ Sicherheitsautomatik (EAZ)<\/a><\/li>\n \t<li><a href=\"http:\/\/qenergi.int.plesniak.me\/de\/intelligente-steuer-und-ueberwachungssysteme-ssin\/\">Intelligente Steuer- und \u00dcberwachungssysteme (SSIN)<\/a><\/li>\n \t<li><a href=\"http:\/\/qenergi.int.plesniak.me\/de\/messungen-und-inbetriebnahme\/\">Messungen und Inbetriebnahme<\/a><\/li>\n \t<li><a href=\"http:\/\/qenergi.int.plesniak.me\/de\/garantie-und-nachgarantieservice\/\">Garantie- und Nachgarantieservice<\/a><\/li>\n \t<li><a href=\"http:\/\/qenergi.int.plesniak.me\/de\/generalauftragnahme\/\">Generalauftragnahme<\/a><\/li>\n<\/ul>\n<strong>Nutzbare Links<\/strong>\n<ul class=\"services\">\n \t<li><a href=\"http:\/\/www.ure.gov.pl\" target=\"_blank\">Regulierungsbeh\u00f6rde f\u00fcr Energie<\/a><\/li>\n \t<li><a href=\"http:\/\/www.cire.pl\" target=\"_blank\">Informationszentrum zum Energiemarkt<\/a><\/li>\n \t<li><a href=\"http:\/\/www.sep.katowice.pl\" target=\"_blank\">SEP Katowice<\/a><\/li>\n<\/ul>\n<\/div>\n<\/div><\/div><\/div><\/div><\/div><\/div><\/div>","protected":false},"excerpt":{"rendered":"<p>Produktion und Vorfertigung Im Bereich der Niedrigspannungsschaltanlagen gew\u00e4hrleistet unsere Firma Allroundleistungen, indem wir diese von uns oder kundenseitig entworfenen Anlagen herstellen. Im unseren Werk besitzen wir eine entsprechend mit Montage- und Sonderger\u00e4ten ausger\u00fcstete Werkstatt- und Produktionsbasis. Sie erm\u00f6glicht uns die die \u00f6rtliche Fertigung in der Werkstatt oder im Bedarfsfall auf der Baustelle dank mobilen Werkzeugen [&hellip;]<\/p>\n","protected":false},"author":1,"featured_media":1585,"parent":0,"menu_order":0,"comment_status":"closed","ping_status":"closed","template":"page-templates\/page_front-page.php","meta":{"ngg_post_thumbnail":0},"_links":{"self":[{"href":"https:\/\/qenergi.pl\/pl\/wp-json\/wp\/v2\/pages\/1849"}],"collection":[{"href":"https:\/\/qenergi.pl\/pl\/wp-json\/wp\/v2\/pages"}],"about":[{"href":"https:\/\/qenergi.pl\/pl\/wp-json\/wp\/v2\/types\/page"}],"author":[{"embeddable":true,"href":"https:\/\/qenergi.pl\/pl\/wp-json\/wp\/v2\/users\/1"}],"replies":[{"embeddable":true,"href":"https:\/\/qenergi.pl\/pl\/wp-json\/wp\/v2\/comments?post=1849"}],"version-history":[{"count":0,"href":"https:\/\/qenergi.pl\/pl\/wp-json\/wp\/v2\/pages\/1849\/revisions"}],"wp:featuredmedia":[{"embeddable":true,"href":"https:\/\/qenergi.pl\/pl\/wp-json\/wp\/v2\/media\/1585"}],"wp:attachment":[{"href":"https:\/\/qenergi.pl\/pl\/wp-json\/wp\/v2\/media?parent=1849"}],"curies":[{"name":"wp","href":"https:\/\/api.w.org\/{rel}","templated":true}]}}