{"id":1854,"date":"2018-01-20T14:50:44","date_gmt":"2018-01-20T13:50:44","guid":{"rendered":"http:\/\/qenergi.pl\/?page_id=1854"},"modified":"2018-01-25T15:02:33","modified_gmt":"2018-01-25T14:02:33","slug":"technische-planung-und-beratung","status":"publish","type":"page","link":"https:\/\/qenergi.pl\/pl\/de\/technische-planung-und-beratung\/","title":{"rendered":"Technische Planung und Beratung"},"content":{"rendered":"<div id=\"pl-1854\"  class=\"panel-layout\" ><div id=\"pg-1854-0\"  class=\"panel-grid panel-has-style\" ><div style=\"padding: 0px 0; \" class=\"panel-row-style panel-row-style-for-1854-0\" ><div id=\"pgc-1854-0-0\"  class=\"panel-grid-cell\" ><div id=\"panel-1854-0-0-0\" class=\"so-panel widget widget_sow-hero panel-first-child panel-last-child\" data-index=\"0\" ><div class=\"panel-widget-style panel-widget-style-for-1854-0-0-0\" ><div\n\t\t\t\n\t\t\tclass=\"so-widget-sow-hero so-widget-sow-hero-default-e92b513ed6ee-1854 so-widget-fittext-wrapper\"\n\t\t\t data-fit-text-compressor=\"0.85\"\n\t\t>\t\t\t\t<div class=\"sow-slider-base\" style=\"display: none\" tabindex=\"0\">\n\t\t\t\t\t<ul\n\t\t\t\t\tclass=\"sow-slider-images\"\n\t\t\t\t\tdata-settings=\"{&quot;pagination&quot;:true,&quot;speed&quot;:800,&quot;timeout&quot;:3000,&quot;paused&quot;:false,&quot;pause_on_hover&quot;:false,&quot;swipe&quot;:true,&quot;nav_always_show_desktop&quot;:&quot;&quot;,&quot;nav_always_show_mobile&quot;:&quot;&quot;,&quot;breakpoint&quot;:&quot;780px&quot;,&quot;unmute&quot;:false,&quot;anchor&quot;:null}\"\n\t\t\t\t\t\t\t\t\t\tdata-anchor-id=\"\"\n\t\t\t\t>\t\t<li class=\"sow-slider-image  sow-slider-image-cover\" style=\"visibility: visible;;background-color: #333333;background-image: url(https:\/\/qenergi.pl\/wp-content\/uploads\/2015\/12\/agw_0707.jpg)\" >\n\t\t\t\t\t<div class=\"sow-slider-image-container\">\n\t\t\t<div class=\"sow-slider-image-wrapper\">\n\t\t\t\t\t\t\t<\/div>\n\t\t<\/div>\n\t\t\t\t<\/li>\n\t\t\t\t<li class=\"sow-slider-image  sow-slider-image-cover\" style=\"visibility: hidden;;background-color: #333333\" data-background=\"url(https:\/\/qenergi.pl\/wp-content\/uploads\/2015\/12\/agw_0511.jpg)\" >\n\t\t\t\t\t<div class=\"sow-slider-image-container\">\n\t\t\t<div class=\"sow-slider-image-wrapper\">\n\t\t\t\t\t\t\t<\/div>\n\t\t<\/div>\n\t\t\t\t<\/li>\n\t\t\t\t<li class=\"sow-slider-image  sow-slider-image-cover\" style=\"visibility: hidden;;background-color: #333333\" data-background=\"url(https:\/\/qenergi.pl\/wp-content\/uploads\/2015\/12\/agw_2076.jpg)\" >\n\t\t\t\t\t<div class=\"sow-slider-image-container\">\n\t\t\t<div class=\"sow-slider-image-wrapper\">\n\t\t\t\t\t\t\t<\/div>\n\t\t<\/div>\n\t\t\t\t<\/li>\n\t\t<\/ul>\t\t\t\t<ol class=\"sow-slider-pagination\">\n\t\t\t\t\t\t\t\t\t\t\t<li><a href=\"#\" data-goto=\"0\" aria-label=\"display slide 1\"><\/a><\/li>\n\t\t\t\t\t\t\t\t\t\t\t<li><a href=\"#\" data-goto=\"1\" aria-label=\"display slide 2\"><\/a><\/li>\n\t\t\t\t\t\t\t\t\t\t\t<li><a href=\"#\" data-goto=\"2\" aria-label=\"display slide 3\"><\/a><\/li>\n\t\t\t\t\t\t\t\t\t<\/ol>\n\n\t\t\t\t<div class=\"sow-slide-nav sow-slide-nav-next\">\n\t\t\t\t\t<a href=\"#\" data-goto=\"next\" aria-label=\"next slide\" data-action=\"next\">\n\t\t\t\t\t\t<em class=\"sow-sld-icon-thin-right\"><\/em>\n\t\t\t\t\t<\/a>\n\t\t\t\t<\/div>\n\n\t\t\t\t<div class=\"sow-slide-nav sow-slide-nav-prev\">\n\t\t\t\t\t<a href=\"#\" data-goto=\"previous\" aria-label=\"previous slide\" data-action=\"prev\">\n\t\t\t\t\t\t<em class=\"sow-sld-icon-thin-left\"><\/em>\n\t\t\t\t\t<\/a>\n\t\t\t\t<\/div>\n\t\t\t\t<\/div><\/div><\/div><\/div><\/div><\/div><\/div><div id=\"pg-1854-1\"  class=\"panel-grid panel-has-style\" ><div style=\"padding: 0px 0; \" class=\"panel-row-style panel-row-style-for-1854-1\" ><div id=\"pgc-1854-1-0\"  class=\"panel-grid-cell\" ><div id=\"panel-1854-1-0-0\" class=\"so-panel widget widget_sow-headline panel-first-child panel-last-child\" data-index=\"1\" ><div class=\"panel-widget-style panel-widget-style-for-1854-1-0-0\" ><div\n\t\t\t\n\t\t\tclass=\"so-widget-sow-headline so-widget-sow-headline-default-f261bd09b158-1854 so-widget-fittext-wrapper\"\n\t\t\t data-fit-text-compressor=\"0.85\"\n\t\t><div class=\"sow-headline-container \">\n\t\t\t\t\t\t\t<h1 class=\"sow-headline\">\n\t\t\t\t\t\tTechnische Planung und Beratung\t\t\t\t\t\t<\/h1>\n\t\t\t\t\t\t\t\t\t\t\t<div class=\"decoration\">\n\t\t\t\t\t\t<div class=\"decoration-inside\"><\/div>\n\t\t\t\t\t<\/div>\n\t\t\t\t\t<\/div>\n<\/div><\/div><\/div><\/div><\/div><\/div><div id=\"pg-1854-2\"  class=\"panel-grid panel-has-style\" ><div style=\"padding: 0px 0; \" class=\"panel-row-style panel-row-style-for-1854-2\" ><div id=\"pgc-1854-2-0\"  class=\"panel-grid-cell\" ><div id=\"panel-1854-2-0-0\" class=\"so-panel widget widget_sow-editor panel-first-child panel-last-child\" data-index=\"2\" ><div class=\"panel-widget-style panel-widget-style-for-1854-2-0-0\" ><div\n\t\t\t\n\t\t\tclass=\"so-widget-sow-editor so-widget-sow-editor-base\"\n\t\t\t\n\t\t>\n<div class=\"siteorigin-widget-tinymce textwidget\">\n\t<p style=\"text-align: justify;\" align=\"justify\">QENERGI Sp. z&nbsp;o.o. bietet Leistungen im Bereich elektroenergetische Beratung, Planung und Automatik an, davon insbesondere:<\/p>\n<ul class=\"services\" style=\"text-align: justify;\">\n<li style=\"text-align: left;\">\n        <em><b>Statische Spannungsausl\u00f6sung und -regelung der Generatorspannung<\/b><\/em><br \/>\nZum Zust\u00e4ndigkeitsbereich dieser Abteilung geh\u00f6ren die Auswahl und Planung von besten Ausl\u00f6seschaltungen f\u00fcr den Generatorbedarf. Die statischen Spannungsauslosungs- und -regelungssysteme planen wir auf Basis von digitalen Steuer- und Schutzger\u00e4ten des weltweiten Baugruppenherstellers Basler Electric.<\/li>\n<li style=\"text-align: left;\">\n        <em><b>Die elektroenergetischen Sicherheitsautomatiksysteme (EAZ)<\/b><\/em><br \/>\nWir planen Systeme mit EAZ-Komponenten zur Steuerung und zum Schutz von Generatoren, Transformatoren, Motoren und Linien im Bereich Niedrig-, Mittel- und Hochspannung f\u00fcr neue oder anzupassende Anlagen. In den geplanten Systemen kommen die besten technischen EAZ-L\u00f6sungen solcher Hersteller wie Siemens, Alstom, ABB, Schneider Electric, JM-Tronik usw. zum Einsatz<\/li>\n<li style=\"text-align: left;\">\n        <em><b>Synchronisierungen, automatische Transferschaltung (ATS), programmierbare Transferschaltung (PTS) und freuquenzabh\u00e4ngige Entlastungsschaltung (FES)<\/b><\/em><br \/>\nAufgrund unserer Praxisjahre k\u00f6nnen wir die beste L\u00f6sung f\u00fcr einen Investor im Bereich Synchronisierung, ATS, PTS und FES in neuen oder angepassten Systemen ausw\u00e4hlen. Bei unseren Projekten kommen die ausgefeilten und gepr\u00fcften L\u00f6sungen solcher Hersteller wie Woodward, Energotest, Socomec, Eaton, Siemens, ABB, usw. zum Einsatz.<\/li>\n<li style=\"text-align: left;\">\n        <em><b>Elektrische Schaltanlagen<\/b><\/em><br \/>\nDie Planung der NS-, MS- und DC-Schaltanlagen sowie der unterbrechungsfreien Stromversorgungssysteme bei Sonderausf\u00fchrungen mit Akkubatterien zur Erzielung von hoher Versorgungszuverl\u00e4ssigkeit ist unser Spezialgebiet. Wir entwerfen Schaltanlagen anhand der Versorgungs- und Leistungsverteilungssysteme der weltweit gr\u00f6\u00dften Firmen wie Rittal, Schrack, Eaton, ABB, Siemens, Schneider Electric, Legrand, usw.<\/li>\n<li style=\"text-align: left;\">\n        <em><b>Elektroenergetische Abrechnungssysteme<\/b><\/em><br \/>\nWir entwerfen Energieabrechnungssysteme nach den geltenden Normen und Vorschriften mit Komponenten, die \u00fcber alle erforderlichen Zertifikate sowie technische Zulassungen und Bewertungen verf\u00fcgen. In unseren Projekten verwenden wir mit guten Ergebnissen die Messger\u00e4te der weltweit- und landesgr\u00f6\u00dften Hersteller, wie u.a. Landis &amp; Gyr, Elster, Pozyton usw.<\/li>\n<li style=\"text-align: left;\">\n        <em><b>Automatische Steuerungen<\/b><\/em><br \/>\nWir entwerfen technologische Prozesssteuerungen in der Energetik, Metall-, Chemie- und Lebensmittelindustrie. Zu unserem Kundenstamm geh\u00f6ren sowohl polnische Industriebetriebe, wie auch internationale Konzern. In unseren Systemen verwenden wir die Hardware solcher Firmen wie Beckhoff, Siemens, Eaton, Schneider Electric, General Electric, usw.<\/li>\n<li style=\"text-align: left;\">\n        <em><b>Projektierungs- und Planungswerkzeuge<\/b><\/em><br \/>\nBei der Projektierung verwenden wir die Software der Firmen See Electrical Expert und Bricscad. Neben diesen Berechnungs- und Analyseanwendungen kommen auch die Software von See Calculation LT sowie sonstige Programme zur Abrechnung der Betriebs- und Kurzschlussstromabg\u00e4nge zwecks bester Anlagenauswahl und Schutzeinstellung.<\/li>\n<\/ul>\n<p style=\"text-align: justify;\" align=\"justify\">Wir bieten auch pers\u00f6nliche und telefonische Beratung sowie technische Support als Antwort auf die angemeldeten Probleme an.<\/p>\n<\/div>\n<\/div><\/div><\/div><\/div><div id=\"pgc-1854-2-1\"  class=\"panel-grid-cell\" ><div id=\"panel-1854-2-1-0\" class=\"so-panel widget widget_sow-editor panel-first-child panel-last-child\" data-index=\"3\" ><div class=\"panel-widget-style panel-widget-style-for-1854-2-1-0\" ><div\n\t\t\t\n\t\t\tclass=\"so-widget-sow-editor so-widget-sow-editor-base\"\n\t\t\t\n\t\t>\n<div class=\"siteorigin-widget-tinymce textwidget\">\n\t\n\t<strong>Angebot<\/strong>\n<ul>\n \t<li><a href=\"http:\/\/qenergi.int.plesniak.me\/de\/technische-planung-und-beratung\/\">Technische Planung und Beratung<\/a><\/li>\n \t<li><a href=\"http:\/\/qenergi.int.plesniak.me\/de\/produktion-und-vorfertigung\/\">Produktion und Vorfertigung<\/a><\/li>\n \t<li><a href=\"http:\/\/qenergi.int.plesniak.me\/de\/objektbau\/\">Objektbau<\/a><\/li>\n \t<li><a href=\"http:\/\/qenergi.int.plesniak.me\/de\/elektroenergetische-automatik-sicherheitsautomatik-eaz\/\">Elektroenergetische Automatik \/ Sicherheitsautomatik (EAZ)<\/a><\/li>\n \t<li><a href=\"http:\/\/qenergi.int.plesniak.me\/de\/intelligente-steuer-und-ueberwachungssysteme-ssin\/\">Intelligente Steuer- und \u00dcberwachungssysteme (SSIN)<\/a><\/li>\n \t<li><a href=\"http:\/\/qenergi.int.plesniak.me\/de\/messungen-und-inbetriebnahme\/\">Messungen und Inbetriebnahme<\/a><\/li>\n \t<li><a href=\"http:\/\/qenergi.int.plesniak.me\/de\/garantie-und-nachgarantieservice\/\">Garantie- und Nachgarantieservice<\/a><\/li>\n \t<li><a href=\"http:\/\/qenergi.int.plesniak.me\/de\/generalauftragnahme\/\">Generalauftragnahme<\/a><\/li>\n<\/ul>\n<strong>Nutzbare Links<\/strong>\n<ul class=\"services\">\n \t<li><a href=\"http:\/\/www.ure.gov.pl\" target=\"_blank\">Regulierungsbeh\u00f6rde f\u00fcr Energie<\/a><\/li>\n \t<li><a href=\"http:\/\/www.cire.pl\" target=\"_blank\">Informationszentrum zum Energiemarkt<\/a><\/li>\n \t<li><a href=\"http:\/\/www.sep.katowice.pl\" target=\"_blank\">SEP Katowice<\/a><\/li>\n<\/ul>\n<\/div>\n<\/div><\/div><\/div><\/div><\/div><\/div><\/div>","protected":false},"excerpt":{"rendered":"<p>Technische Planung und Beratung QENERGI Sp. z&nbsp;o.o. bietet Leistungen im Bereich elektroenergetische Beratung, Planung und Automatik an, davon insbesondere: Statische Spannungsausl\u00f6sung und -regelung der Generatorspannung Zum Zust\u00e4ndigkeitsbereich dieser Abteilung geh\u00f6ren die Auswahl und Planung von besten Ausl\u00f6seschaltungen f\u00fcr den Generatorbedarf. Die statischen Spannungsauslosungs- und -regelungssysteme planen wir auf Basis von digitalen Steuer- und Schutzger\u00e4ten des [&hellip;]<\/p>\n","protected":false},"author":1,"featured_media":1586,"parent":0,"menu_order":0,"comment_status":"closed","ping_status":"closed","template":"page-templates\/page_front-page.php","meta":{"ngg_post_thumbnail":0},"_links":{"self":[{"href":"https:\/\/qenergi.pl\/pl\/wp-json\/wp\/v2\/pages\/1854"}],"collection":[{"href":"https:\/\/qenergi.pl\/pl\/wp-json\/wp\/v2\/pages"}],"about":[{"href":"https:\/\/qenergi.pl\/pl\/wp-json\/wp\/v2\/types\/page"}],"author":[{"embeddable":true,"href":"https:\/\/qenergi.pl\/pl\/wp-json\/wp\/v2\/users\/1"}],"replies":[{"embeddable":true,"href":"https:\/\/qenergi.pl\/pl\/wp-json\/wp\/v2\/comments?post=1854"}],"version-history":[{"count":0,"href":"https:\/\/qenergi.pl\/pl\/wp-json\/wp\/v2\/pages\/1854\/revisions"}],"wp:featuredmedia":[{"embeddable":true,"href":"https:\/\/qenergi.pl\/pl\/wp-json\/wp\/v2\/media\/1586"}],"wp:attachment":[{"href":"https:\/\/qenergi.pl\/pl\/wp-json\/wp\/v2\/media?parent=1854"}],"curies":[{"name":"wp","href":"https:\/\/api.w.org\/{rel}","templated":true}]}}