{"id":6,"date":"2015-12-31T00:04:32","date_gmt":"2015-12-30T23:04:32","guid":{"rendered":"http:\/\/qenergi.pl\/?page_id=6"},"modified":"2018-02-27T22:48:52","modified_gmt":"2018-02-27T21:48:52","slug":"o-firmie","status":"publish","type":"page","link":"https:\/\/qenergi.pl\/pl\/o-firmie\/","title":{"rendered":"O firmie"},"content":{"rendered":"<div id=\"pl-6\"  class=\"panel-layout\" ><div id=\"pg-6-0\"  class=\"panel-grid panel-has-style\" ><div style=\"padding: 20px 0; \" class=\"panel-row-style panel-row-style-for-6-0\" ><div id=\"pgc-6-0-0\"  class=\"panel-grid-cell\" ><div id=\"panel-6-0-0-0\" class=\"so-panel widget widget_sow-hero panel-first-child panel-last-child\" data-index=\"0\" ><div class=\"panel-widget-style panel-widget-style-for-6-0-0-0\" ><div\n\t\t\t\n\t\t\tclass=\"so-widget-sow-hero so-widget-sow-hero-default-aee05fe34a77-6 so-widget-fittext-wrapper\"\n\t\t\t data-fit-text-compressor=\"0.85\"\n\t\t>\t\t\t\t<div class=\"sow-slider-base\" style=\"display: none\" tabindex=\"0\">\n\t\t\t\t\t<ul\n\t\t\t\t\tclass=\"sow-slider-images\"\n\t\t\t\t\tdata-settings=\"{&quot;pagination&quot;:true,&quot;speed&quot;:800,&quot;timeout&quot;:3000,&quot;paused&quot;:false,&quot;pause_on_hover&quot;:false,&quot;swipe&quot;:true,&quot;nav_always_show_desktop&quot;:&quot;&quot;,&quot;nav_always_show_mobile&quot;:&quot;&quot;,&quot;breakpoint&quot;:&quot;780px&quot;,&quot;unmute&quot;:false,&quot;anchor&quot;:null}\"\n\t\t\t\t\t\t\t\t\t\tdata-anchor-id=\"\"\n\t\t\t\t>\t\t<li class=\"sow-slider-image  sow-slider-image-cover\" style=\"visibility: visible;;background-color: #333333;background-image: url(https:\/\/qenergi.pl\/wp-content\/uploads\/2015\/12\/picjumbo.com_hnck8991.jpg)\" >\n\t\t\t\t\t<div class=\"sow-slider-image-container\">\n\t\t\t<div class=\"sow-slider-image-wrapper\">\n\t\t\t\t<h2 style=\"text-align: center\"><strong>\u00a0\u00a0\u00a0\u00a0\u00a0\u00a0\u00a0\u00a0\u00a0\u00a0\u00a0\u00a0\u00a0\u00a0\u00a0\u00a0<\/strong><strong>Witamy w <span style=\"color: #ff9900\">Qenergi<\/span><\/strong><\/h2>\t\t\t<\/div>\n\t\t<\/div>\n\t\t\t\t<\/li>\n\t\t<\/ul>\t\t\t\t<ol class=\"sow-slider-pagination\">\n\t\t\t\t\t\t\t\t\t\t\t<li><a href=\"#\" data-goto=\"0\" aria-label=\"display slide 1\"><\/a><\/li>\n\t\t\t\t\t\t\t\t\t<\/ol>\n\n\t\t\t\t<div class=\"sow-slide-nav sow-slide-nav-next\">\n\t\t\t\t\t<a href=\"#\" data-goto=\"next\" aria-label=\"next slide\" data-action=\"next\">\n\t\t\t\t\t\t<em class=\"sow-sld-icon-thin-right\"><\/em>\n\t\t\t\t\t<\/a>\n\t\t\t\t<\/div>\n\n\t\t\t\t<div class=\"sow-slide-nav sow-slide-nav-prev\">\n\t\t\t\t\t<a href=\"#\" data-goto=\"previous\" aria-label=\"previous slide\" data-action=\"prev\">\n\t\t\t\t\t\t<em class=\"sow-sld-icon-thin-left\"><\/em>\n\t\t\t\t\t<\/a>\n\t\t\t\t<\/div>\n\t\t\t\t<\/div><\/div><\/div><\/div><\/div><\/div><\/div><div id=\"pg-6-1\"  class=\"panel-grid panel-has-style\" ><div style=\"padding: 0px 0; \" class=\"panel-row-style panel-row-style-for-6-1\" ><div id=\"pgc-6-1-0\"  class=\"panel-grid-cell\" ><div id=\"panel-6-1-0-0\" class=\"so-panel widget widget_black-studio-tinymce widget_black_studio_tinymce panel-first-child panel-last-child\" data-index=\"1\" ><div class=\"textwidget\"><p style=\"text-align: justify;\"><strong>Pocz\u0105tki naszej dzia\u0142alno\u015bci si\u0119gaj\u0105 roku <span style=\"color: #ff9900;\">2009.<\/span> Pomys\u0142 za\u0142o\u017cenia Sp\u00f3\u0142ki powsta\u0142 z&nbsp;chwil\u0105 przekszta\u0142cenia \u00f3wczesnego zak\u0142adu pracy, firmy <span style=\"color: #ff9900;\">Energoefekt<\/span>, z&nbsp;kt\u00f3rego wywodzi si\u0119 wi\u0119kszo\u015b\u0107 naszej obecnej kadry. Wychodz\u0105c naprzeciw potrzebom rynku kontynuujemy sw\u0105 dotychczasow\u0105 dzia\u0142alno\u015b\u0107, jednak\u017ce ju\u017c pod&nbsp;now\u0105 mark\u0105 - <span style=\"color: #ff9900;\">QENERGI<\/span>. Nazwa firmy kryje w&nbsp;sobie dwa znaczenia: kierunek, jaki nam przy\u015bwieca \u201eku energii\u201d oraz jako\u015b\u0107, o&nbsp;kt\u00f3r\u0105 dbamy ponad wszystko, a&nbsp;w nazwie symbolizuje j\u0105 litera \u201eQ\u201d.<\/strong><\/p>\n<p style=\"text-align: justify;\">W&nbsp;2015 roku nasza firma zosta\u0142a doceniona presti\u017cow\u0105 nagrod\u0105 dla&nbsp;dynamicznie rozwijaj\u0105cych si\u0119 firm <strong>GAZEL\u0104 BIZNESU<\/strong>.<\/p>\n<p style=\"text-align: justify;\">Kadr\u0119 Sp\u00f3\u0142ki stanowi\u0105 g\u0142\u00f3wnie in\u017cynierowie posiadaj\u0105cy wiedz\u0119 techniczn\u0105 i&nbsp;wieloletni\u0105 praktyk\u0119 w&nbsp;zakresie prac projektowych i&nbsp;uruchomieniowych oraz wykwalifikowani pracownicy, posiadaj\u0105cy stosowne uprawnienia do&nbsp;prowadzenia i&nbsp;wykonywania rob\u00f3t budowlano - monta\u017cowych. Swoje do\u015bwiadczenie zdobywali wykonuj\u0105c prace na&nbsp;wielu obiektach energetycznych i&nbsp;przemys\u0142owych.<\/p>\n<\/div><\/div><\/div><\/div><\/div><div id=\"pg-6-2\"  class=\"panel-grid panel-has-style\" ><div style=\"padding: 0px 0; \" class=\"panel-row-style panel-row-style-for-6-2\" ><div id=\"pgc-6-2-0\"  class=\"panel-grid-cell\" ><div id=\"panel-6-2-0-0\" class=\"so-panel widget widget_black-studio-tinymce widget_black_studio_tinymce panel-first-child panel-last-child\" data-index=\"2\" ><div class=\"panel-widget-style panel-widget-style-for-6-2-0-0\" ><div class=\"textwidget\"><p style=\"text-align: justify;\"><span style=\"color: #ff9900;\"><strong>Specjalizujemy si\u0119 w&nbsp;profesjonalnych us\u0142ugach in\u017cynierskich i&nbsp;wykonawstwie obiektowym, w&nbsp;obr\u0119bie energetyki zawodowej oraz przemys\u0142u ci\u0119\u017ckiego i&nbsp;lekkiego.<\/strong><\/span><\/p>\n<\/div><\/div><\/div><\/div><\/div><\/div><div id=\"pg-6-3\"  class=\"panel-grid panel-has-style\" ><div style=\"padding: 0px 0; \" class=\"panel-row-style panel-row-style-for-6-3\" ><div id=\"pgc-6-3-0\"  class=\"panel-grid-cell\" ><div id=\"panel-6-3-0-0\" class=\"so-panel widget widget_black-studio-tinymce widget_black_studio_tinymce panel-first-child panel-last-child\" data-index=\"3\" ><div class=\"textwidget\"><p style=\"text-align: justify;\">Nasza oferta obejmuje kompleksowe us\u0142ugi w&nbsp;zakresie projektowania, prefabrykacji rozdzielnic, wykonawstwa obiektowego, automatyki, system\u00f3w sterowania oraz uruchomie\u0144. Po&nbsp;ka\u017cdej wykonanej us\u0142udze zapewniamy serwis gwarancyjny i&nbsp;pogwarancyjny. Jako wyspecjalizowany zesp\u00f3\u0142 \u015bwiadczymy r\u00f3wnie\u017c us\u0142ugi Generalnego Realizatora Inwestycji. Posiadaj\u0105c bogate do\u015bwiadczenie jeste\u015bmy wybierani jako realizator prac elektromonta\u017cowych, tak\u017ce w&nbsp;ramach podwykonawstwa.<\/p>\n<p style=\"text-align: justify;\">Jednym z&nbsp;pierwszych osi\u0105gni\u0119\u0107 by\u0142o wykonanie kompleksowych modernizacji cz\u0119\u015bci elektrycznych elektrowni wodnych Przew\u00f3z oraz Smuka\u0142a. Powy\u017csze realizacje ugruntowa\u0142y nasz\u0105 pozycj\u0119 na&nbsp;rynku energii odnawialnej, co zainicjowa\u0142o pozyskanie kolejnych zlece\u0144 na&nbsp;wykonanie prac modernizacyjnych elektrowni wodnych, m.in.: Bledzew, Kamienna, Por\u0105bka - \u017bar, Pilchowice, Tresna, Bystrzyca.<\/p>\n<p style=\"text-align: justify;\">Nale\u017cy r\u00f3wnie\u017c zwr\u00f3ci\u0107 uwag\u0119 na&nbsp;inne obszary dzia\u0142alno\u015bci Sp\u00f3\u0142ki, m.in.: rynek wytwarzania energii - elektrownie i&nbsp;elektrociep\u0142ownie, rynek dystrybucji - stacje energetyczne, linie przesy\u0142owe, przemys\u0142 \u2013 hutnictwo, cukrownie, koksownie, kopalnie, zak\u0142ady chemiczne, zak\u0142ady t\u0142uszczowe.<\/p>\n<\/div><\/div><\/div><\/div><\/div><\/div>","protected":false},"excerpt":{"rendered":"<p>Pocz\u0105tki naszej dzia\u0142alno\u015bci si\u0119gaj\u0105 roku 2009. Pomys\u0142 za\u0142o\u017cenia Sp\u00f3\u0142ki powsta\u0142 z chwil\u0105 przekszta\u0142cenia \u00f3wczesnego zak\u0142adu pracy, firmy Energoefekt, z kt\u00f3rego wywodzi si\u0119 wi\u0119kszo\u015b\u0107 naszej obecnej kadry. Wychodz\u0105c naprzeciw potrzebom rynku kontynuujemy sw\u0105 dotychczasow\u0105 dzia\u0142alno\u015b\u0107, jednak\u017ce ju\u017c pod now\u0105 mark\u0105 &#8211; QENERGI. Nazwa firmy kryje w sobie dwa znaczenia: kierunek, jaki nam przy\u015bwieca \u201eku energii\u201d oraz [&hellip;]<\/p>\n","protected":false},"author":2,"featured_media":39,"parent":0,"menu_order":0,"comment_status":"closed","ping_status":"closed","template":"page-templates\/page_front-page.php","meta":{"ngg_post_thumbnail":0},"_links":{"self":[{"href":"https:\/\/qenergi.pl\/pl\/wp-json\/wp\/v2\/pages\/6"}],"collection":[{"href":"https:\/\/qenergi.pl\/pl\/wp-json\/wp\/v2\/pages"}],"about":[{"href":"https:\/\/qenergi.pl\/pl\/wp-json\/wp\/v2\/types\/page"}],"author":[{"embeddable":true,"href":"https:\/\/qenergi.pl\/pl\/wp-json\/wp\/v2\/users\/2"}],"replies":[{"embeddable":true,"href":"https:\/\/qenergi.pl\/pl\/wp-json\/wp\/v2\/comments?post=6"}],"version-history":[{"count":1,"href":"https:\/\/qenergi.pl\/pl\/wp-json\/wp\/v2\/pages\/6\/revisions"}],"predecessor-version":[{"id":1956,"href":"https:\/\/qenergi.pl\/pl\/wp-json\/wp\/v2\/pages\/6\/revisions\/1956"}],"wp:featuredmedia":[{"embeddable":true,"href":"https:\/\/qenergi.pl\/pl\/wp-json\/wp\/v2\/media\/39"}],"wp:attachment":[{"href":"https:\/\/qenergi.pl\/pl\/wp-json\/wp\/v2\/media?parent=6"}],"curies":[{"name":"wp","href":"https:\/\/api.w.org\/{rel}","templated":true}]}}