{"id":8248,"date":"2020-11-27T14:42:31","date_gmt":"2020-11-27T13:42:31","guid":{"rendered":"https:\/\/qenergi.pl\/pl\/?page_id=8248"},"modified":"2020-11-27T21:09:32","modified_gmt":"2020-11-27T20:09:32","slug":"polityka-jakosci","status":"publish","type":"page","link":"https:\/\/qenergi.pl\/pl\/polityka-jakosci\/","title":{"rendered":"Polityka jako\u015bci, ochrony \u015brodowiska i BHP"},"content":{"rendered":"<div id=\"pl-8248\"  class=\"panel-layout\" ><div id=\"pg-8248-0\"  class=\"panel-grid panel-has-style\" ><div style=\"padding: 0px 0; \" class=\"panel-row-style panel-row-style-for-8248-0\" ><div id=\"pgc-8248-0-0\"  class=\"panel-grid-cell\" ><div id=\"panel-8248-0-0-0\" class=\"so-panel widget widget_sow-hero panel-first-child panel-last-child\" data-index=\"0\" ><div class=\"panel-widget-style panel-widget-style-for-8248-0-0-0\" ><div\n\t\t\t\n\t\t\tclass=\"so-widget-sow-hero so-widget-sow-hero-default-e92b513ed6ee-8248 so-widget-fittext-wrapper\"\n\t\t\t data-fit-text-compressor=\"0.85\"\n\t\t>\t\t\t\t<div class=\"sow-slider-base\" style=\"display: none\" tabindex=\"0\">\n\t\t\t\t\t<ul\n\t\t\t\t\tclass=\"sow-slider-images\"\n\t\t\t\t\tdata-settings=\"{&quot;pagination&quot;:true,&quot;speed&quot;:800,&quot;timeout&quot;:3000,&quot;paused&quot;:false,&quot;pause_on_hover&quot;:false,&quot;swipe&quot;:true,&quot;nav_always_show_desktop&quot;:&quot;&quot;,&quot;nav_always_show_mobile&quot;:&quot;&quot;,&quot;breakpoint&quot;:&quot;780px&quot;,&quot;unmute&quot;:false,&quot;anchor&quot;:null}\"\n\t\t\t\t\t\t\t\t\t\tdata-anchor-id=\"\"\n\t\t\t\t>\t\t<li class=\"sow-slider-image  sow-slider-image-cover\" style=\"visibility: visible;;background-color: #333333;background-image: url(https:\/\/qenergi.pl\/wp-content\/uploads\/2016\/01\/agw_0561.jpg)\" >\n\t\t\t\t\t<div class=\"sow-slider-image-container\">\n\t\t\t<div class=\"sow-slider-image-wrapper\">\n\t\t\t\t\t\t\t<\/div>\n\t\t<\/div>\n\t\t\t\t<\/li>\n\t\t\t\t<li class=\"sow-slider-image  sow-slider-image-cover\" style=\"visibility: hidden;;background-color: #333333\" data-background=\"url(https:\/\/qenergi.pl\/wp-content\/uploads\/2016\/01\/agw_1880.jpg)\" >\n\t\t\t\t\t<div class=\"sow-slider-image-container\">\n\t\t\t<div class=\"sow-slider-image-wrapper\">\n\t\t\t\t\t\t\t<\/div>\n\t\t<\/div>\n\t\t\t\t<\/li>\n\t\t\t\t<li class=\"sow-slider-image  sow-slider-image-cover\" style=\"visibility: hidden;;background-color: #333333\" data-background=\"url(https:\/\/qenergi.pl\/wp-content\/uploads\/2016\/01\/agw_0662.jpg)\" >\n\t\t\t\t\t<div class=\"sow-slider-image-container\">\n\t\t\t<div class=\"sow-slider-image-wrapper\">\n\t\t\t\t\t\t\t<\/div>\n\t\t<\/div>\n\t\t\t\t<\/li>\n\t\t\t\t<li class=\"sow-slider-image  sow-slider-image-cover\" style=\"visibility: hidden;;background-color: #333333\" data-background=\"url(https:\/\/qenergi.pl\/wp-content\/uploads\/2016\/01\/agw_1860.jpg)\" >\n\t\t\t\t\t<div class=\"sow-slider-image-container\">\n\t\t\t<div class=\"sow-slider-image-wrapper\">\n\t\t\t\t\t\t\t<\/div>\n\t\t<\/div>\n\t\t\t\t<\/li>\n\t\t\t\t<li class=\"sow-slider-image  sow-slider-image-cover\" style=\"visibility: hidden;;background-color: #333333\" data-background=\"url(https:\/\/qenergi.pl\/wp-content\/uploads\/2016\/01\/agw_0659.jpg)\" >\n\t\t\t\t\t<div class=\"sow-slider-image-container\">\n\t\t\t<div class=\"sow-slider-image-wrapper\">\n\t\t\t\t\t\t\t<\/div>\n\t\t<\/div>\n\t\t\t\t<\/li>\n\t\t<\/ul>\t\t\t\t<ol class=\"sow-slider-pagination\">\n\t\t\t\t\t\t\t\t\t\t\t<li><a href=\"#\" data-goto=\"0\" aria-label=\"display slide 1\"><\/a><\/li>\n\t\t\t\t\t\t\t\t\t\t\t<li><a href=\"#\" data-goto=\"1\" aria-label=\"display slide 2\"><\/a><\/li>\n\t\t\t\t\t\t\t\t\t\t\t<li><a href=\"#\" data-goto=\"2\" aria-label=\"display slide 3\"><\/a><\/li>\n\t\t\t\t\t\t\t\t\t\t\t<li><a href=\"#\" data-goto=\"3\" aria-label=\"display slide 4\"><\/a><\/li>\n\t\t\t\t\t\t\t\t\t\t\t<li><a href=\"#\" data-goto=\"4\" aria-label=\"display slide 5\"><\/a><\/li>\n\t\t\t\t\t\t\t\t\t<\/ol>\n\n\t\t\t\t<div class=\"sow-slide-nav sow-slide-nav-next\">\n\t\t\t\t\t<a href=\"#\" data-goto=\"next\" aria-label=\"next slide\" data-action=\"next\">\n\t\t\t\t\t\t<em class=\"sow-sld-icon-thin-right\"><\/em>\n\t\t\t\t\t<\/a>\n\t\t\t\t<\/div>\n\n\t\t\t\t<div class=\"sow-slide-nav sow-slide-nav-prev\">\n\t\t\t\t\t<a href=\"#\" data-goto=\"previous\" aria-label=\"previous slide\" data-action=\"prev\">\n\t\t\t\t\t\t<em class=\"sow-sld-icon-thin-left\"><\/em>\n\t\t\t\t\t<\/a>\n\t\t\t\t<\/div>\n\t\t\t\t<\/div><\/div><\/div><\/div><\/div><\/div><\/div><div id=\"pg-8248-1\"  class=\"panel-grid panel-has-style\" ><div style=\"padding: 0px 0; \" class=\"panel-row-style panel-row-style-for-8248-1\" ><div id=\"pgc-8248-1-0\"  class=\"panel-grid-cell\" ><div id=\"panel-8248-1-0-0\" class=\"so-panel widget widget_sow-headline panel-first-child panel-last-child\" data-index=\"1\" ><div class=\"panel-widget-style panel-widget-style-for-8248-1-0-0\" ><div\n\t\t\t\n\t\t\tclass=\"so-widget-sow-headline so-widget-sow-headline-default-f261bd09b158-8248 so-widget-fittext-wrapper\"\n\t\t\t data-fit-text-compressor=\"0.85\"\n\t\t><div class=\"sow-headline-container \">\n\t\t\t\t\t\t\t<h1 class=\"sow-headline\">\n\t\t\t\t\t\tPolityka jako\u015bci, ochrony \u015brodowiska i BHP\t\t\t\t\t\t<\/h1>\n\t\t\t\t\t\t\t\t\t\t\t<div class=\"decoration\">\n\t\t\t\t\t\t<div class=\"decoration-inside\"><\/div>\n\t\t\t\t\t<\/div>\n\t\t\t\t\t<\/div>\n<\/div><\/div><\/div><\/div><\/div><\/div><div id=\"pg-8248-2\"  class=\"panel-grid panel-has-style\" ><div style=\"padding: 100px 0; \" class=\"panel-row-style panel-row-style-for-8248-2\" ><div id=\"pgc-8248-2-0\"  class=\"panel-grid-cell\" ><div id=\"panel-8248-2-0-0\" class=\"so-panel widget widget_sow-editor panel-first-child panel-last-child\" data-index=\"2\" ><div\n\t\t\t\n\t\t\tclass=\"so-widget-sow-editor so-widget-sow-editor-base\"\n\t\t\t\n\t\t>\n<div class=\"siteorigin-widget-tinymce textwidget\">\n\t<h4 style=\"text-align: center;\"><strong>MISJA<\/strong><br \/>\n<strong>KLIENT NASZYM PRACODAWC\u0104<\/strong><\/h4>\n<h4>&nbsp;<\/h4>\n<h4 style=\"text-align: center;\"><strong>WIZJA<\/strong><br \/>\n<strong>CHCEMY BY\u0106 LIDEREM W\u015aR\u00d3D FIRM, KT\u00d3RE DOSTARCZAJ\u0104 KLIENTOM KOMPLEKSOWE SYSTEMY AUTOMATYKI PRZEMYS\u0141OWEJ WRAZ Z&nbsp;OPROGRAMOWANIEM I&nbsp;US\u0141UGAMI SERWISOWYMI&nbsp;<\/strong><\/h4>\n<p>&nbsp;<\/p>\n<p>&nbsp;<\/p>\n<p style=\"text-align: justify;\">Firma Qenergi wychodzi naprzeciw oczekiwaniom Klient\u00f3w oraz innych stron zainteresowanych spe\u0142niaj\u0105c ich wymagania w&nbsp;zakresie prowadzonej dzia\u0142alno\u015bci, kt\u00f3ra obejmuje projektowanie, rozw\u00f3j, produkcj\u0119, dostaw\u0119 i&nbsp;monta\u017c u&nbsp;Klient\u00f3w kompleksowych system\u00f3w automatyki przemys\u0142owej wraz z&nbsp;oprogramowaniem oraz us\u0142ugami serwisowymi.<\/p>\n<p style=\"text-align: justify;\">Celem strategicznym jest d\u0105\u017cenie do&nbsp;zapewnienia dostarczania wyrob\u00f3w i&nbsp;us\u0142ug<br \/> na&nbsp;najwy\u017cszym jako\u015bciowym poziomie technicznym z&nbsp;wykorzystaniem najlepszych technologii, gwarantuj\u0105cych bezpiecze\u0144stwo obs\u0142ugi, niezawodno\u015b\u0107 a&nbsp;w konsekwencji satysfakcj\u0119 klient\u00f3w.<\/p>\n<p style=\"text-align: justify;\">Powy\u017cszy cel realizujemy poprzez:<\/p>\n<ul style=\"text-align: justify;\">\n<li>prowadzenie dzia\u0142alno\u015bci zgodnie z&nbsp;obowi\u0105zuj\u0105cymi przepisami prawnymi oraz innymi zobowi\u0105zaniami dotycz\u0105cymi zgodno\u015bci oraz okresow\u0105 ocen\u0119 zgodno\u015bci z&nbsp;tymi wymaganiami;<\/li>\n<li>zapewnienie sta\u0142ego podnoszenia kompetencji i&nbsp;\u015bwiadomo\u015bci pracownik\u00f3w oraz doskonalenie warunk\u00f3w \u015brodowiska pracy i&nbsp;infrastruktury;<\/li>\n<li>wdra\u017canie nowych rozwi\u0105za\u0144 technicznych i&nbsp;technologicznych;<\/li>\n<li>systematyczne monitorowanie percepcji Klient\u00f3w co do&nbsp;stopnia spe\u0142nienia zadeklarowanych wymaga\u0144 i&nbsp;wykorzystanie opinii Klient\u00f3w do&nbsp;doskonalenia oferowanych wyrob\u00f3w i&nbsp;\u015bwiadczonych us\u0142ug, ZSZ oraz do&nbsp;osi\u0105gni\u0119cia wzrostu zadowolenia Klient\u00f3w;<\/li>\n<li>ochron\u0119 \u015brodowiska naturalnego oraz zapobieganie zanieczyszczeniom zgodnie<br \/> z&nbsp;ustanowionymi aspektami \u015brodowiskowymi;<\/li>\n<li>podejmowanie dzia\u0142a\u0144 systemowych maj\u0105cych na&nbsp;celu zapewnienie bezpiecznych warunk\u00f3w BHP, zapobieganie wypadkom, w&nbsp;tym wypadkom przy&nbsp;pracy, zdarzeniom potencjalnie wypadkowym oraz chorobom zawodowym;<\/li>\n<li>eliminowanie zagro\u017ce\u0144 oraz ryzyk wynikaj\u0105cych z&nbsp;procesu zarz\u0105dzania ryzykiem;<\/li>\n<li>prowadzenie konsultacji w&nbsp;zakresie BHP z&nbsp;pracownikami oraz wsp\u00f3\u0142udzia\u0142 pracownik\u00f3w w&nbsp;tworzeniu planu poprawy warunk\u00f3w pracy;<\/li>\n<li>wdro\u017cenie, funkcjonowanie i&nbsp;ci\u0105g\u0142e doskonalenie zintegrowanego systemu zarz\u0105dzania: jako\u015bci, \u015brodowiska oraz bezpiecze\u0144stwa i&nbsp;higieny pracy zgodnie z&nbsp;wymaganiami norm: PN-EN ISO 9001:2015, PN-EN ISO 14001:2015 i&nbsp;PN-ISO 45001:2018.&nbsp;<\/li>\n<\/ul>\n<p style=\"text-align: justify;\">&nbsp;<\/p>\n<p style=\"text-align: justify;\">&nbsp;<\/p>\n<p style=\"text-align: justify;\">&nbsp;<\/p>\n<p style=\"text-align: justify;\"><strong><em>Zarz\u0105d firmy Qenergi oraz pracownicy zaanga\u017cowani s\u0105 w&nbsp;realizacj\u0119 polityki jako\u015bci, ochrony \u015brodowiska i&nbsp;bhp oraz ustalonych cel\u00f3w.&nbsp;Zarz\u0105d zobowi\u0105zuje si\u0119 do&nbsp;zapewnienia zasob\u00f3w niezb\u0119dnych do&nbsp;osi\u0105gni\u0119cia cel\u00f3w za\u0142o\u017conych w&nbsp;niniejszej polityce jako\u015bci, ochrony \u015brodowiska i&nbsp;bhp oraz jej zakomunikowania stronom zainteresowanym.<\/em><\/strong><\/p>\n<p>&nbsp;<\/p>\n<p><a href=\"https:\/\/qenergi.pl\/wp-content\/uploads\/2020\/11\/polityka-jakosci-qenergi_01-scaled.jpg\"><img loading=\"lazy\" class=\"size-medium wp-image-8276 aligncenter\" src=\"https:\/\/qenergi.pl\/wp-content\/uploads\/2020\/11\/polityka-jakosci-qenergi_01-212x300.jpg\" alt=\"Polityka jako\u015bci QENERGI\" width=\"212\" height=\"300\" srcset=\"https:\/\/qenergi.pl\/wp-content\/uploads\/2020\/11\/polityka-jakosci-qenergi_01-212x300.jpg 212w, https:\/\/qenergi.pl\/wp-content\/uploads\/2020\/11\/polityka-jakosci-qenergi_01-724x1024.jpg 724w, https:\/\/qenergi.pl\/wp-content\/uploads\/2020\/11\/polityka-jakosci-qenergi_01-1086x1536.jpg 1086w, https:\/\/qenergi.pl\/wp-content\/uploads\/2020\/11\/polityka-jakosci-qenergi_01-1448x2048.jpg 1448w, https:\/\/qenergi.pl\/wp-content\/uploads\/2020\/11\/polityka-jakosci-qenergi_01-700x990.jpg 700w, https:\/\/qenergi.pl\/wp-content\/uploads\/2020\/11\/polityka-jakosci-qenergi_01-410x580.jpg 410w, https:\/\/qenergi.pl\/wp-content\/uploads\/2020\/11\/polityka-jakosci-qenergi_01-100x141.jpg 100w, https:\/\/qenergi.pl\/wp-content\/uploads\/2020\/11\/polityka-jakosci-qenergi_01-275x389.jpg 275w, https:\/\/qenergi.pl\/wp-content\/uploads\/2020\/11\/polityka-jakosci-qenergi_01-scaled.jpg 1811w\" sizes=\"(max-width: 212px) 100vw, 212px\" \/><\/a><\/p>\n<p>&nbsp;<\/p>\n<p>&nbsp;<\/p>\n<\/div>\n<\/div><\/div><\/div><\/div><\/div><\/div>","protected":false},"excerpt":{"rendered":"<p>Polityka jako\u015bci, ochrony \u015brodowiska i BHP MISJA KLIENT NASZYM PRACODAWC\u0104 &nbsp; WIZJA CHCEMY BY\u0106 LIDEREM W\u015aR\u00d3D FIRM, KT\u00d3RE DOSTARCZAJ\u0104 KLIENTOM KOMPLEKSOWE SYSTEMY AUTOMATYKI PRZEMYS\u0141OWEJ WRAZ Z&nbsp;OPROGRAMOWANIEM I&nbsp;US\u0141UGAMI SERWISOWYMI&nbsp; &nbsp; &nbsp; Firma Qenergi wychodzi naprzeciw oczekiwaniom Klient\u00f3w oraz innych stron zainteresowanych spe\u0142niaj\u0105c ich wymagania w&nbsp;zakresie prowadzonej dzia\u0142alno\u015bci, kt\u00f3ra obejmuje projektowanie, rozw\u00f3j, produkcj\u0119, dostaw\u0119 i&nbsp;monta\u017c u&nbsp;Klient\u00f3w kompleksowych [&hellip;]<\/p>\n","protected":false},"author":4,"featured_media":7768,"parent":0,"menu_order":0,"comment_status":"closed","ping_status":"closed","template":"page-templates\/page_front-page.php","meta":{"ngg_post_thumbnail":0},"_links":{"self":[{"href":"https:\/\/qenergi.pl\/pl\/wp-json\/wp\/v2\/pages\/8248"}],"collection":[{"href":"https:\/\/qenergi.pl\/pl\/wp-json\/wp\/v2\/pages"}],"about":[{"href":"https:\/\/qenergi.pl\/pl\/wp-json\/wp\/v2\/types\/page"}],"author":[{"embeddable":true,"href":"https:\/\/qenergi.pl\/pl\/wp-json\/wp\/v2\/users\/4"}],"replies":[{"embeddable":true,"href":"https:\/\/qenergi.pl\/pl\/wp-json\/wp\/v2\/comments?post=8248"}],"version-history":[{"count":2,"href":"https:\/\/qenergi.pl\/pl\/wp-json\/wp\/v2\/pages\/8248\/revisions"}],"predecessor-version":[{"id":8282,"href":"https:\/\/qenergi.pl\/pl\/wp-json\/wp\/v2\/pages\/8248\/revisions\/8282"}],"wp:featuredmedia":[{"embeddable":true,"href":"https:\/\/qenergi.pl\/pl\/wp-json\/wp\/v2\/media\/7768"}],"wp:attachment":[{"href":"https:\/\/qenergi.pl\/pl\/wp-json\/wp\/v2\/media?parent=8248"}],"curies":[{"name":"wp","href":"https:\/\/api.w.org\/{rel}","templated":true}]}}