{"id":92,"date":"2016-01-06T01:48:20","date_gmt":"2016-01-06T00:48:20","guid":{"rendered":"http:\/\/qenergi.pl\/?page_id=92"},"modified":"2016-10-09T19:00:07","modified_gmt":"2016-10-09T17:00:07","slug":"wykonawstwo-obiektowe","status":"publish","type":"page","link":"https:\/\/qenergi.pl\/pl\/wykonawstwo-obiektowe\/","title":{"rendered":"Wykonawstwo obiektowe"},"content":{"rendered":"<div id=\"pl-92\"  class=\"panel-layout\" ><div id=\"pg-92-0\"  class=\"panel-grid panel-has-style\" ><div style=\"padding: 0px 0; \" class=\"panel-row-style panel-row-style-for-92-0\" ><div id=\"pgc-92-0-0\"  class=\"panel-grid-cell\" ><div id=\"panel-92-0-0-0\" class=\"so-panel widget widget_sow-hero panel-first-child panel-last-child\" data-index=\"0\" ><div class=\"panel-widget-style panel-widget-style-for-92-0-0-0\" ><div\n\t\t\t\n\t\t\tclass=\"so-widget-sow-hero so-widget-sow-hero-default-0e6989de9c48-92 so-widget-fittext-wrapper\"\n\t\t\t data-fit-text-compressor=\"0.85\"\n\t\t>\t\t\t\t<div class=\"sow-slider-base\" style=\"display: none\" tabindex=\"0\">\n\t\t\t\t\t<ul\n\t\t\t\t\tclass=\"sow-slider-images\"\n\t\t\t\t\tdata-settings=\"{&quot;pagination&quot;:true,&quot;speed&quot;:800,&quot;timeout&quot;:3000,&quot;paused&quot;:false,&quot;pause_on_hover&quot;:false,&quot;swipe&quot;:false,&quot;nav_always_show_desktop&quot;:&quot;&quot;,&quot;nav_always_show_mobile&quot;:&quot;&quot;,&quot;breakpoint&quot;:&quot;780px&quot;,&quot;unmute&quot;:false,&quot;anchor&quot;:null}\"\n\t\t\t\t\t\t\t\t\t\tdata-anchor-id=\"\"\n\t\t\t\t>\t\t<li class=\"sow-slider-image  sow-slider-image-cover\" style=\"visibility: visible;;background-color: #333333;background-image: url(https:\/\/qenergi.pl\/wp-content\/uploads\/2016\/01\/agw_0284-p.jpg)\" >\n\t\t\t\t\t<div class=\"sow-slider-image-container\">\n\t\t\t<div class=\"sow-slider-image-wrapper\">\n\t\t\t\t\t\t\t<\/div>\n\t\t<\/div>\n\t\t\t\t<\/li>\n\t\t\t\t<li class=\"sow-slider-image  sow-slider-image-cover\" style=\"visibility: hidden;;background-color: #333333\" data-background=\"url(https:\/\/qenergi.pl\/wp-content\/uploads\/2016\/01\/agw_0724-p.jpg)\" >\n\t\t\t\t\t<div class=\"sow-slider-image-container\">\n\t\t\t<div class=\"sow-slider-image-wrapper\">\n\t\t\t\t\t\t\t<\/div>\n\t\t<\/div>\n\t\t\t\t<\/li>\n\t\t\t\t<li class=\"sow-slider-image  sow-slider-image-cover\" style=\"visibility: hidden;;background-color: #333333\" data-background=\"url(https:\/\/qenergi.pl\/wp-content\/uploads\/2016\/01\/agw_0491.jpg)\" >\n\t\t\t\t\t<div class=\"sow-slider-image-container\">\n\t\t\t<div class=\"sow-slider-image-wrapper\">\n\t\t\t\t\t\t\t<\/div>\n\t\t<\/div>\n\t\t\t\t<\/li>\n\t\t\t\t<li class=\"sow-slider-image  sow-slider-image-cover\" style=\"visibility: hidden;;background-color: #333333\" data-background=\"url(https:\/\/qenergi.pl\/wp-content\/uploads\/2016\/01\/agw_1362.jpg)\" >\n\t\t\t\t\t<div class=\"sow-slider-image-container\">\n\t\t\t<div class=\"sow-slider-image-wrapper\">\n\t\t\t\t\t\t\t<\/div>\n\t\t<\/div>\n\t\t\t\t<\/li>\n\t\t\t\t<li class=\"sow-slider-image  sow-slider-image-cover\" style=\"visibility: hidden;;background-color: #333333\" data-background=\"url(https:\/\/qenergi.pl\/wp-content\/uploads\/2016\/01\/agw_0977.jpg)\" >\n\t\t\t\t\t<div class=\"sow-slider-image-container\">\n\t\t\t<div class=\"sow-slider-image-wrapper\">\n\t\t\t\t\t\t\t<\/div>\n\t\t<\/div>\n\t\t\t\t<\/li>\n\t\t\t\t<li class=\"sow-slider-image  sow-slider-image-cover\" style=\"visibility: hidden;;background-color: #333333\" data-background=\"url(https:\/\/qenergi.pl\/wp-content\/uploads\/2016\/01\/agw_0733.jpg)\" >\n\t\t\t\t\t<div class=\"sow-slider-image-container\">\n\t\t\t<div class=\"sow-slider-image-wrapper\">\n\t\t\t\t\t\t\t<\/div>\n\t\t<\/div>\n\t\t\t\t<\/li>\n\t\t\t\t<li class=\"sow-slider-image  sow-slider-image-cover\" style=\"visibility: hidden;;background-color: #333333\" data-background=\"url(https:\/\/qenergi.pl\/wp-content\/uploads\/2016\/01\/agw_0729-1.jpg)\" >\n\t\t\t\t\t<div class=\"sow-slider-image-container\">\n\t\t\t<div class=\"sow-slider-image-wrapper\">\n\t\t\t\t\t\t\t<\/div>\n\t\t<\/div>\n\t\t\t\t<\/li>\n\t\t<\/ul>\t\t\t\t<ol class=\"sow-slider-pagination\">\n\t\t\t\t\t\t\t\t\t\t\t<li><a href=\"#\" data-goto=\"0\" aria-label=\"display slide 1\"><\/a><\/li>\n\t\t\t\t\t\t\t\t\t\t\t<li><a href=\"#\" data-goto=\"1\" aria-label=\"display slide 2\"><\/a><\/li>\n\t\t\t\t\t\t\t\t\t\t\t<li><a href=\"#\" data-goto=\"2\" aria-label=\"display slide 3\"><\/a><\/li>\n\t\t\t\t\t\t\t\t\t\t\t<li><a href=\"#\" data-goto=\"3\" aria-label=\"display slide 4\"><\/a><\/li>\n\t\t\t\t\t\t\t\t\t\t\t<li><a href=\"#\" data-goto=\"4\" aria-label=\"display slide 5\"><\/a><\/li>\n\t\t\t\t\t\t\t\t\t\t\t<li><a href=\"#\" data-goto=\"5\" aria-label=\"display slide 6\"><\/a><\/li>\n\t\t\t\t\t\t\t\t\t\t\t<li><a href=\"#\" data-goto=\"6\" aria-label=\"display slide 7\"><\/a><\/li>\n\t\t\t\t\t\t\t\t\t<\/ol>\n\n\t\t\t\t<div class=\"sow-slide-nav sow-slide-nav-next\">\n\t\t\t\t\t<a href=\"#\" data-goto=\"next\" aria-label=\"next slide\" data-action=\"next\">\n\t\t\t\t\t\t<em class=\"sow-sld-icon-thin-right\"><\/em>\n\t\t\t\t\t<\/a>\n\t\t\t\t<\/div>\n\n\t\t\t\t<div class=\"sow-slide-nav sow-slide-nav-prev\">\n\t\t\t\t\t<a href=\"#\" data-goto=\"previous\" aria-label=\"previous slide\" data-action=\"prev\">\n\t\t\t\t\t\t<em class=\"sow-sld-icon-thin-left\"><\/em>\n\t\t\t\t\t<\/a>\n\t\t\t\t<\/div>\n\t\t\t\t<\/div><\/div><\/div><\/div><\/div><\/div><\/div><div id=\"pg-92-1\"  class=\"panel-grid panel-has-style\" ><div style=\"padding: 0px 0; \" class=\"panel-row-style panel-row-style-for-92-1\" ><div id=\"pgc-92-1-0\"  class=\"panel-grid-cell\" ><div id=\"panel-92-1-0-0\" class=\"so-panel widget widget_sow-headline panel-first-child panel-last-child\" data-index=\"1\" ><div class=\"panel-widget-style panel-widget-style-for-92-1-0-0\" ><div\n\t\t\t\n\t\t\tclass=\"so-widget-sow-headline so-widget-sow-headline-default-5fd69398a141-92 so-widget-fittext-wrapper\"\n\t\t\t data-fit-text-compressor=\"0.85\"\n\t\t><div class=\"sow-headline-container \">\n\t\t\t\t\t\t\t<h1 class=\"sow-headline\">\n\t\t\t\t\t\tWykonawstwo obiektowe\t\t\t\t\t\t<\/h1>\n\t\t\t\t\t\t\t\t\t\t\t<div class=\"decoration\">\n\t\t\t\t\t\t<div class=\"decoration-inside\"><\/div>\n\t\t\t\t\t<\/div>\n\t\t\t\t\t<\/div>\n<\/div><\/div><\/div><\/div><\/div><\/div><div id=\"pg-92-2\"  class=\"panel-grid panel-has-style\" ><div style=\"padding: 0px 0; \" class=\"panel-row-style panel-row-style-for-92-2\" ><div id=\"pgc-92-2-0\"  class=\"panel-grid-cell\" ><div id=\"panel-92-2-0-0\" class=\"so-panel widget widget_sow-editor panel-first-child panel-last-child\" data-index=\"2\" ><div class=\"panel-widget-style panel-widget-style-for-92-2-0-0\" ><div\n\t\t\t\n\t\t\tclass=\"so-widget-sow-editor so-widget-sow-editor-base\"\n\t\t\t\n\t\t>\n<div class=\"siteorigin-widget-tinymce textwidget\">\n\t<p style=\"text-align: left;\"><b><i>Oferujemy us\u0142ugi w&nbsp;zakresie wykonawstwa w&nbsp;oparciu o&nbsp;w\u0142asn\u0105 grup\u0119 monta\u017cow\u0105. Jest to grupa os\u00f3b:<\/i><\/b><\/p>\n<ul style=\"text-align: left;\">\n<li style=\"text-align: left;\">do\u015bwiadczona w&nbsp;pracach elektromonta\u017cowych<\/li>\n<li style=\"text-align: left;\">posiadaj\u0105ca wysoko kwalifikowanych specjalist\u00f3w<\/li>\n<li style=\"text-align: left;\">sprawdzona jako partner w&nbsp;realizacji inwestycji.<\/li>\n<\/ul>\n<p style=\"text-align: left;\">\u00a0<\/p>\n<p style=\"text-align: left;\"><b><i>Grupa ta oferuje realizacj\u0119 prac elektromonta\u017cowych w&nbsp;zakresie:<\/i><\/b><\/p>\n<ul style=\"text-align: left;\">\n<li>monta\u017cu rozdzielnic nN, SN oraz WN<\/li>\n<li>monta\u017cu zestaw\u00f3w szafowych uk\u0142ad\u00f3w zabezpiecze\u0144, sterownikowych<\/li>\n<li>instalacji zasilaj\u0105cych (linie kablowe nN i&nbsp;SN, zasilania awaryjne, itp.)<\/li>\n<li>monta\u017cu tras kablowych<\/li>\n<li>monta\u017cu stanowisk transformatorowych w&nbsp;stacjach energetycznych<\/li>\n<li>monta\u017cu obwod\u00f3w pierwotnych i&nbsp;wt\u00f3rnych w&nbsp;stacjach energetycznych i&nbsp;elektrowniach<\/li>\n<li>monta\u017cu most\u00f3w szynowych nN, SN<\/li>\n<li>instalacji sterowania i&nbsp;sygnalizacji<\/li>\n<li>instalacji uk\u0142ad\u00f3w napi\u0119cia gwarantowanego UPS<\/li>\n<li>instalacji uk\u0142ad\u00f3w prostownikowych i&nbsp;baterii akumulator\u00f3w (si\u0142owni pr\u0105du sta\u0142ego)<\/li>\n<li>instalacji pomiarowych i&nbsp;obwod\u00f3w AKPiA<\/li>\n<li>instalacji wok\u00f3\u0142 generatorowych<\/li>\n<li>instalacji uk\u0142ad\u00f3w kompensacji mocy biernej (baterii kondensator\u00f3w)<\/li>\n<li>monta\u017cu obwod\u00f3w potrzeb w\u0142asnych i&nbsp;og\u00f3lnych elektrowni i&nbsp;stacji energetycznych<\/li>\n<li>instalacji o\u015bwietleniowych wewn\u0119trznych i&nbsp;zewn\u0119trznych<\/li>\n<li>instalacji telekomunikacyjnych, \u015bwiat\u0142owodowych, ethernetowych, niskopr\u0105dowych, itp.<\/li>\n<li>remontu istniej\u0105cych rozwi\u0105za\u0144:\n<ul>\n<li>rozdzielnic i&nbsp;celek rozdzielczych SN i&nbsp;WN<\/li>\n<li>stojak\u00f3w zespo\u0142\u00f3w zabezpiecze\u0144 elektrycznych generator\u00f3w,<br \/> transformator\u00f3w\u00a0i linii energetycznych<\/li>\n<li>szaf sterownikowych i&nbsp;uk\u0142ad\u00f3w sterowniczo-pomiarowych<\/li>\n<li>rozdzielnic dystrybucyjnych i&nbsp;zasilaj\u0105cych nN<\/li>\n<li>rozdzielnic pr\u0105du sta\u0142ego 60V, 110V, 220V<\/li>\n<li>pulpit\u00f3w, tablic sterowniczych, uk\u0142ad\u00f3w SZR, PPZ, itp.<\/li>\n<li>uk\u0142ad\u00f3w sterowania automatycznego<\/li>\n<li>uk\u0142ad\u00f3w synchronizacji do&nbsp;sieci<\/li>\n<li>uk\u0142ad\u00f3w wyprowadzenia mocy z&nbsp;generator\u00f3w<\/li>\n<li>uk\u0142ad\u00f3w regulacji napi\u0119cia i&nbsp;wzbudzenia generator\u00f3w<\/li>\n<li>uk\u0142ad\u00f3w licznikowych rozliczenia energii elektrycznej<\/li>\n<\/ul>\n<\/li>\n<\/ul>\n<p style=\"text-align: left;\">\u00a0<\/p>\n<p style=\"text-align: left;\"><b><i>Zapewniamy kompleksow\u0105 realizacj\u0119 prac obiektowych, tj.:<\/i><\/b><\/p>\n<ul>\n<li style=\"text-align: left;\">\"pod klucz\"<\/li>\n<li style=\"text-align: left;\">kompletacje w&nbsp;zakresie dostaw<\/li>\n<li style=\"text-align: left;\">monta\u017ce, demonta\u017ce, modernizacje na&nbsp;obiekcie<\/li>\n<li style=\"text-align: left;\">produkcj\u0119 urz\u0105dze\u0144 rozdzielczych (w\u0142asne projekty warsztatowe)<\/li>\n<\/ul>\n<\/div>\n<\/div><\/div><\/div><\/div><div id=\"pgc-92-2-1\"  class=\"panel-grid-cell\" ><div id=\"panel-92-2-1-0\" class=\"so-panel widget widget_sow-editor panel-first-child panel-last-child\" data-index=\"3\" ><div class=\"panel-widget-style panel-widget-style-for-92-2-1-0\" ><div\n\t\t\t\n\t\t\tclass=\"so-widget-sow-editor so-widget-sow-editor-base\"\n\t\t\t\n\t\t>\n<div class=\"siteorigin-widget-tinymce textwidget\">\n\t<p><strong>Oferta<\/strong><\/p>\n<ul>\n<li><a href=\"http:\/\/qenergi.pl\/projektowanie-i-doradztwo-techniczne\/\">Projektowanie i&nbsp;doradztwo techniczne<\/a><\/li>\n<li><a href=\"http:\/\/qenergi.pl\/produkcja-i-prefabrykacja\/\">Produkcja i&nbsp;prefabrykacja<\/a><\/li>\n<li><a href=\"http:\/\/qenergi.pl\/wykonawstwo-obiektowe\/\">Wykonawstwo obiektowe<\/a><\/li>\n<li><a href=\"http:\/\/qenergi.pl\/automatyka-elektroenergetyczna-i-eaz\/\">Automatyka elektroenergetyczna i&nbsp;EAZ<\/a><\/li>\n<li><a href=\"http:\/\/qenergi.pl\/inteligentne-systemy-sterowania-i-nadzoru-ssin\/\">Inteligentne systemy sterowania i&nbsp;nadzoru (SSIN)<\/a><\/li>\n<li><a href=\"http:\/\/qenergi.pl\/pomiary-i-uruchomienia\/\">Pomiary i&nbsp;uruchomienia<\/a><\/li>\n<li><a href=\"http:\/\/qenergi.pl\/serwis-gwarancyjny-i-pogwarancyjny\/\">Serwis gwarancyjny i&nbsp;pogwarancyjny<\/a><\/li>\n<li><a href=\"http:\/\/qenergi.pl\/generalna-realizacja-inwestycji\/\">Generalna realizacja inwestycji<\/a><\/li>\n<\/ul>\n<p><strong>Przydatne linki<\/strong><\/p>\n<ul class=\"services\">\n<li><a href=\"http:\/\/www.ure.gov.pl\"> Urz\u0105d Regulacji Energetyki<\/a><\/li>\n<li><a href=\"http:\/\/www.cire.pl\">Centrum Informacji o&nbsp;Rynku Energii<\/a><\/li>\n<li><a href=\"http:\/\/www.sep.katowice.pl\">SEP Katowice<\/a><\/li>\n<\/ul>\n<\/div>\n<\/div><\/div><\/div><\/div><\/div><\/div><\/div>","protected":false},"excerpt":{"rendered":"<p>Wykonawstwo obiektowe Oferujemy us\u0142ugi w&nbsp;zakresie wykonawstwa w&nbsp;oparciu o&nbsp;w\u0142asn\u0105 grup\u0119 monta\u017cow\u0105. Jest to grupa os\u00f3b: do\u015bwiadczona w&nbsp;pracach elektromonta\u017cowych posiadaj\u0105ca wysoko kwalifikowanych specjalist\u00f3w sprawdzona jako partner w&nbsp;realizacji inwestycji. \u00a0 Grupa ta oferuje realizacj\u0119 prac elektromonta\u017cowych w&nbsp;zakresie: monta\u017cu rozdzielnic nN, SN oraz WN monta\u017cu zestaw\u00f3w szafowych uk\u0142ad\u00f3w zabezpiecze\u0144, sterownikowych instalacji zasilaj\u0105cych (linie kablowe nN i&nbsp;SN, zasilania awaryjne, itp.) [&hellip;]<\/p>\n","protected":false},"author":2,"featured_media":1390,"parent":0,"menu_order":0,"comment_status":"closed","ping_status":"closed","template":"page-templates\/page_front-page.php","meta":{"ngg_post_thumbnail":0},"_links":{"self":[{"href":"https:\/\/qenergi.pl\/pl\/wp-json\/wp\/v2\/pages\/92"}],"collection":[{"href":"https:\/\/qenergi.pl\/pl\/wp-json\/wp\/v2\/pages"}],"about":[{"href":"https:\/\/qenergi.pl\/pl\/wp-json\/wp\/v2\/types\/page"}],"author":[{"embeddable":true,"href":"https:\/\/qenergi.pl\/pl\/wp-json\/wp\/v2\/users\/2"}],"replies":[{"embeddable":true,"href":"https:\/\/qenergi.pl\/pl\/wp-json\/wp\/v2\/comments?post=92"}],"version-history":[{"count":0,"href":"https:\/\/qenergi.pl\/pl\/wp-json\/wp\/v2\/pages\/92\/revisions"}],"wp:featuredmedia":[{"embeddable":true,"href":"https:\/\/qenergi.pl\/pl\/wp-json\/wp\/v2\/media\/1390"}],"wp:attachment":[{"href":"https:\/\/qenergi.pl\/pl\/wp-json\/wp\/v2\/media?parent=92"}],"curies":[{"name":"wp","href":"https:\/\/api.w.org\/{rel}","templated":true}]}}