{"id":95,"date":"2016-01-06T01:49:40","date_gmt":"2016-01-06T00:49:40","guid":{"rendered":"http:\/\/qenergi.pl\/?page_id=95"},"modified":"2016-10-09T18:37:33","modified_gmt":"2016-10-09T16:37:33","slug":"produkcja-i-prefabrykacja","status":"publish","type":"page","link":"https:\/\/qenergi.pl\/pl\/produkcja-i-prefabrykacja\/","title":{"rendered":"Produkcja i prefabrykacja"},"content":{"rendered":"<div id=\"pl-95\"  class=\"panel-layout\" ><div id=\"pg-95-0\"  class=\"panel-grid panel-has-style\" ><div style=\"padding: 0px 0; \" class=\"panel-row-style panel-row-style-for-95-0\" ><div id=\"pgc-95-0-0\"  class=\"panel-grid-cell\" ><div id=\"panel-95-0-0-0\" class=\"so-panel widget widget_sow-hero panel-first-child panel-last-child\" data-index=\"0\" ><div class=\"panel-widget-style panel-widget-style-for-95-0-0-0\" ><div\n\t\t\t\n\t\t\tclass=\"so-widget-sow-hero so-widget-sow-hero-default-e92b513ed6ee-95 so-widget-fittext-wrapper\"\n\t\t\t data-fit-text-compressor=\"0.85\"\n\t\t>\t\t\t\t<div class=\"sow-slider-base\" style=\"display: none\" tabindex=\"0\">\n\t\t\t\t\t<ul\n\t\t\t\t\tclass=\"sow-slider-images\"\n\t\t\t\t\tdata-settings=\"{&quot;pagination&quot;:true,&quot;speed&quot;:800,&quot;timeout&quot;:3000,&quot;paused&quot;:false,&quot;pause_on_hover&quot;:false,&quot;swipe&quot;:true,&quot;nav_always_show_desktop&quot;:&quot;&quot;,&quot;nav_always_show_mobile&quot;:&quot;&quot;,&quot;breakpoint&quot;:&quot;780px&quot;,&quot;unmute&quot;:false,&quot;anchor&quot;:null}\"\n\t\t\t\t\t\t\t\t\t\tdata-anchor-id=\"\"\n\t\t\t\t>\t\t<li class=\"sow-slider-image  sow-slider-image-cover\" style=\"visibility: visible;;background-color: #333333;background-image: url(https:\/\/qenergi.pl\/wp-content\/uploads\/2016\/01\/agw_0561.jpg)\" >\n\t\t\t\t\t<div class=\"sow-slider-image-container\">\n\t\t\t<div class=\"sow-slider-image-wrapper\">\n\t\t\t\t\t\t\t<\/div>\n\t\t<\/div>\n\t\t\t\t<\/li>\n\t\t\t\t<li class=\"sow-slider-image  sow-slider-image-cover\" style=\"visibility: hidden;;background-color: #333333\" data-background=\"url(https:\/\/qenergi.pl\/wp-content\/uploads\/2016\/01\/agw_1880.jpg)\" >\n\t\t\t\t\t<div class=\"sow-slider-image-container\">\n\t\t\t<div class=\"sow-slider-image-wrapper\">\n\t\t\t\t\t\t\t<\/div>\n\t\t<\/div>\n\t\t\t\t<\/li>\n\t\t\t\t<li class=\"sow-slider-image  sow-slider-image-cover\" style=\"visibility: hidden;;background-color: #333333\" data-background=\"url(https:\/\/qenergi.pl\/wp-content\/uploads\/2016\/01\/agw_0662.jpg)\" >\n\t\t\t\t\t<div class=\"sow-slider-image-container\">\n\t\t\t<div class=\"sow-slider-image-wrapper\">\n\t\t\t\t\t\t\t<\/div>\n\t\t<\/div>\n\t\t\t\t<\/li>\n\t\t\t\t<li class=\"sow-slider-image  sow-slider-image-cover\" style=\"visibility: hidden;;background-color: #333333\" data-background=\"url(https:\/\/qenergi.pl\/wp-content\/uploads\/2016\/01\/agw_1860.jpg)\" >\n\t\t\t\t\t<div class=\"sow-slider-image-container\">\n\t\t\t<div class=\"sow-slider-image-wrapper\">\n\t\t\t\t\t\t\t<\/div>\n\t\t<\/div>\n\t\t\t\t<\/li>\n\t\t\t\t<li class=\"sow-slider-image  sow-slider-image-cover\" style=\"visibility: hidden;;background-color: #333333\" data-background=\"url(https:\/\/qenergi.pl\/wp-content\/uploads\/2016\/01\/agw_0659.jpg)\" >\n\t\t\t\t\t<div class=\"sow-slider-image-container\">\n\t\t\t<div class=\"sow-slider-image-wrapper\">\n\t\t\t\t\t\t\t<\/div>\n\t\t<\/div>\n\t\t\t\t<\/li>\n\t\t<\/ul>\t\t\t\t<ol class=\"sow-slider-pagination\">\n\t\t\t\t\t\t\t\t\t\t\t<li><a href=\"#\" data-goto=\"0\" aria-label=\"display slide 1\"><\/a><\/li>\n\t\t\t\t\t\t\t\t\t\t\t<li><a href=\"#\" data-goto=\"1\" aria-label=\"display slide 2\"><\/a><\/li>\n\t\t\t\t\t\t\t\t\t\t\t<li><a href=\"#\" data-goto=\"2\" aria-label=\"display slide 3\"><\/a><\/li>\n\t\t\t\t\t\t\t\t\t\t\t<li><a href=\"#\" data-goto=\"3\" aria-label=\"display slide 4\"><\/a><\/li>\n\t\t\t\t\t\t\t\t\t\t\t<li><a href=\"#\" data-goto=\"4\" aria-label=\"display slide 5\"><\/a><\/li>\n\t\t\t\t\t\t\t\t\t<\/ol>\n\n\t\t\t\t<div class=\"sow-slide-nav sow-slide-nav-next\">\n\t\t\t\t\t<a href=\"#\" data-goto=\"next\" aria-label=\"next slide\" data-action=\"next\">\n\t\t\t\t\t\t<em class=\"sow-sld-icon-thin-right\"><\/em>\n\t\t\t\t\t<\/a>\n\t\t\t\t<\/div>\n\n\t\t\t\t<div class=\"sow-slide-nav sow-slide-nav-prev\">\n\t\t\t\t\t<a href=\"#\" data-goto=\"previous\" aria-label=\"previous slide\" data-action=\"prev\">\n\t\t\t\t\t\t<em class=\"sow-sld-icon-thin-left\"><\/em>\n\t\t\t\t\t<\/a>\n\t\t\t\t<\/div>\n\t\t\t\t<\/div><\/div><\/div><\/div><\/div><\/div><\/div><div id=\"pg-95-1\"  class=\"panel-grid panel-has-style\" ><div style=\"padding: 0px 0; \" class=\"panel-row-style panel-row-style-for-95-1\" ><div id=\"pgc-95-1-0\"  class=\"panel-grid-cell\" ><div id=\"panel-95-1-0-0\" class=\"so-panel widget widget_sow-headline panel-first-child panel-last-child\" data-index=\"1\" ><div class=\"panel-widget-style panel-widget-style-for-95-1-0-0\" ><div\n\t\t\t\n\t\t\tclass=\"so-widget-sow-headline so-widget-sow-headline-default-5fd69398a141-95 so-widget-fittext-wrapper\"\n\t\t\t data-fit-text-compressor=\"0.85\"\n\t\t><div class=\"sow-headline-container \">\n\t\t\t\t\t\t\t<h1 class=\"sow-headline\">\n\t\t\t\t\t\tProdukcja i&nbsp;prefabrykacja\t\t\t\t\t\t<\/h1>\n\t\t\t\t\t\t\t\t\t\t\t<div class=\"decoration\">\n\t\t\t\t\t\t<div class=\"decoration-inside\"><\/div>\n\t\t\t\t\t<\/div>\n\t\t\t\t\t<\/div>\n<\/div><\/div><\/div><\/div><\/div><\/div><div id=\"pg-95-2\"  class=\"panel-grid panel-has-style\" ><div style=\"padding: 0px 0; \" class=\"panel-row-style panel-row-style-for-95-2\" ><div id=\"pgc-95-2-0\"  class=\"panel-grid-cell\" ><div id=\"panel-95-2-0-0\" class=\"so-panel widget widget_sow-editor panel-first-child panel-last-child\" data-index=\"2\" ><div class=\"panel-widget-style panel-widget-style-for-95-2-0-0\" ><div\n\t\t\t\n\t\t\tclass=\"so-widget-sow-editor so-widget-sow-editor-base\"\n\t\t\t\n\t\t>\n<div class=\"siteorigin-widget-tinymce textwidget\">\n\t<p style=\"text-align: justify;\">Jeste\u015bmy firm\u0105 zapewniaj\u0105ca kompleksow\u0105 realizacj\u0119 swoich us\u0142ug, w&nbsp;ramach kt\u00f3rych produkujemy zaprojektowane lub&nbsp;w\u0142asne wykonania rozdzielnic niskiego napi\u0119cia. W&nbsp;kompleksie naszej siedziby posiadamy zaplecze warsztatowo-produkcyjne odpowiednio wyposa\u017cone w&nbsp;niezb\u0119dny sprz\u0119t monta\u017cowy i&nbsp;specjalistyczny. Dzi\u0119ki odpowiedniemu wyposa\u017ceniu zapewniamy wykonanie wyrob\u00f3w lokalnie na&nbsp;warsztacie lub&nbsp;w&nbsp;razie potrzeb na&nbsp;budowie wykorzystuj\u0105c mobilne narz\u0119dzia i&nbsp;urz\u0105dzenia przewo\u017ane.<\/p>\n<div>\n<p style=\"text-align: left;\"><b><i>Zapewniamy wykonanie:<\/i><\/b><\/p>\n<ul class=\"services\" style=\"text-align: left;\">\n<li>gotowych produkt\u00f3w rozdzielczych<\/li>\n<li>p\u00f3\u0142fabrykat\u00f3w do&nbsp;dalszego wykorzystania<\/li>\n<li>prefabrykaty z&nbsp;materia\u0142\u00f3w powierzonych.<\/li>\n<\/ul>\n<p style=\"text-align: left;\">\u00a0<\/p>\n<p style=\"text-align: left;\"><b><i>Nasza oferta produkcyjna obejmuje prefabrykacj\u0119:<\/i><\/b><\/p>\n<ul class=\"services\" style=\"text-align: left;\">\n<li>rozdzielnic dystrybucyjnych i&nbsp;zasilaj\u0105cych niskiego napi\u0119cia do&nbsp;3000A<\/li>\n<li>rozdzielnic i&nbsp;szaf sterowniczych, sygnalizacyjnych<\/li>\n<li>prostownik\u00f3w i&nbsp;si\u0142owni pr\u0105du sta\u0142ego<\/li>\n<li>zespo\u0142\u00f3w zabezpiecze\u0144 elektrycznych w&nbsp;wykonaniu szafowym<\/li>\n<li>szaf pomiarowych i&nbsp;uk\u0142ad\u00f3w rozliczenia energii elektrycznej<\/li>\n<li>szaf systemowych i&nbsp;sterownikowych, komputerowych<\/li>\n<li>pulpit\u00f3w i&nbsp;tablic steruj\u0105cych<\/li>\n<li>szafek i&nbsp;skrzynek sterowania lokalnego<\/li>\n<\/ul>\n<p style=\"text-align: left;\">\u00a0<\/p>\n<p style=\"text-align: left;\"><b><i>Gotowe wyroby przechodz\u0105 niezb\u0119dn\u0105 kontrol\u0119:<\/i><\/b><\/p>\n<ul class=\"services\">\n<li style=\"text-align: left;\">sprawdzenia i&nbsp;pomiary warsztatowe<\/li>\n<li style=\"text-align: left;\">testy funkcjonalne<\/li>\n<li style=\"text-align: left;\">badania i&nbsp;pr\u00f3by elektryczne<\/li>\n<\/ul>\n<p style=\"text-align: justify;\" align=\"justify\">\u00a0<\/p>\n<p style=\"text-align: justify;\" align=\"justify\">Posiadamy odpowiedni\u0105 kadr\u0119 techniczn\u0105, dzi\u0119ki kt\u00f3rej nasi in\u017cynierowie na&nbsp;etapie przygotowania produkcji i&nbsp;realizacji produkcji projektuj\u0105 oraz nadzoruj\u0105 ca\u0142e procesy powstawania prefabrykat\u00f3w. Potwierdzeniem zapewnienia jako\u015bci jest wystawiana po&nbsp;zako\u0144czonej kontroli odpowiednia dokumentacja zgodno\u015bci i&nbsp;bezpiecze\u0144stwa na&nbsp;znak CE.<\/p>\n<p style=\"text-align: justify;\">Do&nbsp;produkcji wykorzystujemy gotowe obudowy i&nbsp;komponenty wysokiej jako\u015bci producent\u00f3w krajowych oraz zagranicznych, m.in.: Rittal, Eaton, Schneider, ABB, Schrack, Siemens, Legrand, Weidm\u00fcller, Wago lub&nbsp;wskazane zgodnie z&nbsp;\u017cyczeniem klienta.<\/p>\n<p style=\"text-align: justify;\">Nasze zaplecze warsztatowe i&nbsp;produkcyjne wyposa\u017cone jest w&nbsp;urz\u0105dzenia elektro-hydrauliczne do&nbsp;gi\u0119cia, profilowania, otworowania p\u0142askownik\u00f3w miedzianych i&nbsp;aluminiowych, podstawowe narz\u0119dzia elektryczne i&nbsp;hydrauliczne, sprz\u0119t \u015blusarski, komputerowe urz\u0105dzenia do&nbsp;oznakowania<br \/> i&nbsp;grawerowania, aparatur\u0119 pomiarow\u0105 i&nbsp;sprawdzaj\u0105c\u0105.<\/p>\n<p style=\"text-align: justify;\">Na&nbsp;\u017cyczenie klienta zapewniamy tak\u017ce pod\u0142\u0105czenia, monta\u017c rozdzielnic na&nbsp;budowie, pomiary, badania pomonta\u017cowe, uruchomienie z&nbsp;wystawieniem odpowiednich protoko\u0142\u00f3w lub&nbsp;sprawozda\u0144.<\/p>\n<\/div>\n<\/div>\n<\/div><\/div><\/div><\/div><div id=\"pgc-95-2-1\"  class=\"panel-grid-cell\" ><div id=\"panel-95-2-1-0\" class=\"so-panel widget widget_sow-editor panel-first-child panel-last-child\" data-index=\"3\" ><div class=\"panel-widget-style panel-widget-style-for-95-2-1-0\" ><div\n\t\t\t\n\t\t\tclass=\"so-widget-sow-editor so-widget-sow-editor-base\"\n\t\t\t\n\t\t>\n<div class=\"siteorigin-widget-tinymce textwidget\">\n\t<p><strong>Oferta<\/strong><\/p>\n<ul>\n<li><a href=\"http:\/\/qenergi.pl\/projektowanie-i-doradztwo-techniczne\/\">Projektowanie i&nbsp;doradztwo techniczne<\/a><\/li>\n<li><a href=\"http:\/\/qenergi.pl\/produkcja-i-prefabrykacja\/\">Produkcja i&nbsp;prefabrykacja<\/a><\/li>\n<li><a href=\"http:\/\/qenergi.pl\/wykonawstwo-obiektowe\/\">Wykonawstwo obiektowe<\/a><\/li>\n<li><a href=\"http:\/\/qenergi.pl\/automatyka-elektroenergetyczna-i-eaz\/\">Automatyka elektroenergetyczna i&nbsp;EAZ<\/a><\/li>\n<li><a href=\"http:\/\/qenergi.pl\/inteligentne-systemy-sterowania-i-nadzoru-ssin\/\">Inteligentne systemy sterowania i&nbsp;nadzoru (SSIN)<\/a><\/li>\n<li><a href=\"http:\/\/qenergi.pl\/pomiary-i-uruchomienia\/\">Pomiary i&nbsp;uruchomienia<\/a><\/li>\n<li><a href=\"http:\/\/qenergi.pl\/serwis-gwarancyjny-i-pogwarancyjny\/\">Serwis gwarancyjny i&nbsp;pogwarancyjny<\/a><\/li>\n<li><a href=\"http:\/\/qenergi.pl\/generalna-realizacja-inwestycji\/\">Generalna realizacja inwestycji<\/a><\/li>\n<\/ul>\n<p><strong>Przydatne linki<\/strong><\/p>\n<ul class=\"services\">\n<li><a href=\"http:\/\/www.ure.gov.pl\"> Urz\u0105d Regulacji Energetyki<\/a><\/li>\n<li><a href=\"http:\/\/www.cire.pl\">Centrum Informacji o&nbsp;Rynku Energii<\/a><\/li>\n<li><a href=\"http:\/\/www.sep.katowice.pl\">SEP Katowice<\/a><\/li>\n<\/ul>\n<\/div>\n<\/div><\/div><\/div><\/div><\/div><\/div><\/div>","protected":false},"excerpt":{"rendered":"<p>Produkcja i&nbsp;prefabrykacja Jeste\u015bmy firm\u0105 zapewniaj\u0105ca kompleksow\u0105 realizacj\u0119 swoich us\u0142ug, w&nbsp;ramach kt\u00f3rych produkujemy zaprojektowane lub&nbsp;w\u0142asne wykonania rozdzielnic niskiego napi\u0119cia. W&nbsp;kompleksie naszej siedziby posiadamy zaplecze warsztatowo-produkcyjne odpowiednio wyposa\u017cone w&nbsp;niezb\u0119dny sprz\u0119t monta\u017cowy i&nbsp;specjalistyczny. Dzi\u0119ki odpowiedniemu wyposa\u017ceniu zapewniamy wykonanie wyrob\u00f3w lokalnie na&nbsp;warsztacie lub&nbsp;w&nbsp;razie potrzeb na&nbsp;budowie wykorzystuj\u0105c mobilne narz\u0119dzia i&nbsp;urz\u0105dzenia przewo\u017ane. Zapewniamy wykonanie: gotowych produkt\u00f3w rozdzielczych p\u00f3\u0142fabrykat\u00f3w do&nbsp;dalszego wykorzystania prefabrykaty [&hellip;]<\/p>\n","protected":false},"author":2,"featured_media":1585,"parent":0,"menu_order":0,"comment_status":"closed","ping_status":"closed","template":"page-templates\/page_front-page.php","meta":{"ngg_post_thumbnail":0},"_links":{"self":[{"href":"https:\/\/qenergi.pl\/pl\/wp-json\/wp\/v2\/pages\/95"}],"collection":[{"href":"https:\/\/qenergi.pl\/pl\/wp-json\/wp\/v2\/pages"}],"about":[{"href":"https:\/\/qenergi.pl\/pl\/wp-json\/wp\/v2\/types\/page"}],"author":[{"embeddable":true,"href":"https:\/\/qenergi.pl\/pl\/wp-json\/wp\/v2\/users\/2"}],"replies":[{"embeddable":true,"href":"https:\/\/qenergi.pl\/pl\/wp-json\/wp\/v2\/comments?post=95"}],"version-history":[{"count":1,"href":"https:\/\/qenergi.pl\/pl\/wp-json\/wp\/v2\/pages\/95\/revisions"}],"predecessor-version":[{"id":8243,"href":"https:\/\/qenergi.pl\/pl\/wp-json\/wp\/v2\/pages\/95\/revisions\/8243"}],"wp:featuredmedia":[{"embeddable":true,"href":"https:\/\/qenergi.pl\/pl\/wp-json\/wp\/v2\/media\/1585"}],"wp:attachment":[{"href":"https:\/\/qenergi.pl\/pl\/wp-json\/wp\/v2\/media?parent=95"}],"curies":[{"name":"wp","href":"https:\/\/api.w.org\/{rel}","templated":true}]}}