{"id":98,"date":"2016-01-06T01:50:23","date_gmt":"2016-01-06T00:50:23","guid":{"rendered":"http:\/\/qenergi.pl\/?page_id=98"},"modified":"2016-10-09T17:58:23","modified_gmt":"2016-10-09T15:58:23","slug":"automatyka-elektroenergetyczna-i-eaz","status":"publish","type":"page","link":"https:\/\/qenergi.pl\/pl\/automatyka-elektroenergetyczna-i-eaz\/","title":{"rendered":"Automatyka elektroenergetyczna i EAZ"},"content":{"rendered":"<div id=\"pl-98\"  class=\"panel-layout\" ><div id=\"pg-98-0\"  class=\"panel-grid panel-has-style\" ><div style=\"padding: 0px 0; \" class=\"panel-row-style panel-row-style-for-98-0\" ><div id=\"pgc-98-0-0\"  class=\"panel-grid-cell\" ><div id=\"panel-98-0-0-0\" class=\"so-panel widget widget_sow-hero panel-first-child panel-last-child\" data-index=\"0\" ><div class=\"panel-widget-style panel-widget-style-for-98-0-0-0\" ><div\n\t\t\t\n\t\t\tclass=\"so-widget-sow-hero so-widget-sow-hero-default-e92b513ed6ee-98 so-widget-fittext-wrapper\"\n\t\t\t data-fit-text-compressor=\"0.85\"\n\t\t>\t\t\t\t<div class=\"sow-slider-base\" style=\"display: none\" tabindex=\"0\">\n\t\t\t\t\t<ul\n\t\t\t\t\tclass=\"sow-slider-images\"\n\t\t\t\t\tdata-settings=\"{&quot;pagination&quot;:true,&quot;speed&quot;:800,&quot;timeout&quot;:3000,&quot;paused&quot;:false,&quot;pause_on_hover&quot;:false,&quot;swipe&quot;:true,&quot;nav_always_show_desktop&quot;:&quot;&quot;,&quot;nav_always_show_mobile&quot;:&quot;&quot;,&quot;breakpoint&quot;:&quot;780px&quot;,&quot;unmute&quot;:false,&quot;anchor&quot;:null}\"\n\t\t\t\t\t\t\t\t\t\tdata-anchor-id=\"\"\n\t\t\t\t>\t\t<li class=\"sow-slider-image  sow-slider-image-cover\" style=\"visibility: visible;;background-color: #333333;background-image: url(https:\/\/qenergi.pl\/wp-content\/uploads\/2016\/01\/agw_1235.jpg)\" >\n\t\t\t\t\t<div class=\"sow-slider-image-container\">\n\t\t\t<div class=\"sow-slider-image-wrapper\">\n\t\t\t\t\t\t\t<\/div>\n\t\t<\/div>\n\t\t\t\t<\/li>\n\t\t\t\t<li class=\"sow-slider-image  sow-slider-image-cover\" style=\"visibility: hidden;;background-color: #333333\" data-background=\"url(https:\/\/qenergi.pl\/wp-content\/uploads\/2016\/01\/agw_1625.jpg)\" >\n\t\t\t\t\t<div class=\"sow-slider-image-container\">\n\t\t\t<div class=\"sow-slider-image-wrapper\">\n\t\t\t\t\t\t\t<\/div>\n\t\t<\/div>\n\t\t\t\t<\/li>\n\t\t\t\t<li class=\"sow-slider-image  sow-slider-image-cover\" style=\"visibility: hidden;;background-color: #333333\" data-background=\"url(https:\/\/qenergi.pl\/wp-content\/uploads\/2016\/01\/agw_0973.jpg)\" >\n\t\t\t\t\t<div class=\"sow-slider-image-container\">\n\t\t\t<div class=\"sow-slider-image-wrapper\">\n\t\t\t\t\t\t\t<\/div>\n\t\t<\/div>\n\t\t\t\t<\/li>\n\t\t\t\t<li class=\"sow-slider-image  sow-slider-image-cover\" style=\"visibility: hidden;;background-color: #333333\" data-background=\"url(https:\/\/qenergi.pl\/wp-content\/uploads\/2016\/01\/agw_0595-1.jpg)\" >\n\t\t\t\t\t<div class=\"sow-slider-image-container\">\n\t\t\t<div class=\"sow-slider-image-wrapper\">\n\t\t\t\t\t\t\t<\/div>\n\t\t<\/div>\n\t\t\t\t<\/li>\n\t\t<\/ul>\t\t\t\t<ol class=\"sow-slider-pagination\">\n\t\t\t\t\t\t\t\t\t\t\t<li><a href=\"#\" data-goto=\"0\" aria-label=\"display slide 1\"><\/a><\/li>\n\t\t\t\t\t\t\t\t\t\t\t<li><a href=\"#\" data-goto=\"1\" aria-label=\"display slide 2\"><\/a><\/li>\n\t\t\t\t\t\t\t\t\t\t\t<li><a href=\"#\" data-goto=\"2\" aria-label=\"display slide 3\"><\/a><\/li>\n\t\t\t\t\t\t\t\t\t\t\t<li><a href=\"#\" data-goto=\"3\" aria-label=\"display slide 4\"><\/a><\/li>\n\t\t\t\t\t\t\t\t\t<\/ol>\n\n\t\t\t\t<div class=\"sow-slide-nav sow-slide-nav-next\">\n\t\t\t\t\t<a href=\"#\" data-goto=\"next\" aria-label=\"next slide\" data-action=\"next\">\n\t\t\t\t\t\t<em class=\"sow-sld-icon-thin-right\"><\/em>\n\t\t\t\t\t<\/a>\n\t\t\t\t<\/div>\n\n\t\t\t\t<div class=\"sow-slide-nav sow-slide-nav-prev\">\n\t\t\t\t\t<a href=\"#\" data-goto=\"previous\" aria-label=\"previous slide\" data-action=\"prev\">\n\t\t\t\t\t\t<em class=\"sow-sld-icon-thin-left\"><\/em>\n\t\t\t\t\t<\/a>\n\t\t\t\t<\/div>\n\t\t\t\t<\/div><\/div><\/div><\/div><\/div><\/div><\/div><div id=\"pg-98-1\"  class=\"panel-grid panel-has-style\" ><div style=\"padding: 0px 0; \" class=\"panel-row-style panel-row-style-for-98-1\" ><div id=\"pgc-98-1-0\"  class=\"panel-grid-cell\" ><div id=\"panel-98-1-0-0\" class=\"so-panel widget widget_sow-headline panel-first-child panel-last-child\" data-index=\"1\" ><div class=\"panel-widget-style panel-widget-style-for-98-1-0-0\" ><div\n\t\t\t\n\t\t\tclass=\"so-widget-sow-headline so-widget-sow-headline-default-5fd69398a141-98 so-widget-fittext-wrapper\"\n\t\t\t data-fit-text-compressor=\"0.85\"\n\t\t><div class=\"sow-headline-container \">\n\t\t\t\t\t\t\t<h1 class=\"sow-headline\">\n\t\t\t\t\t\tAutomatyka elektroenergetyczna i&nbsp;EAZ\t\t\t\t\t\t<\/h1>\n\t\t\t\t\t\t\t\t\t\t\t<div class=\"decoration\">\n\t\t\t\t\t\t<div class=\"decoration-inside\"><\/div>\n\t\t\t\t\t<\/div>\n\t\t\t\t\t<\/div>\n<\/div><\/div><\/div><\/div><\/div><\/div><div id=\"pg-98-2\"  class=\"panel-grid panel-has-style\" ><div style=\"padding: 0px 0; \" class=\"panel-row-style panel-row-style-for-98-2\" ><div id=\"pgc-98-2-0\"  class=\"panel-grid-cell\" ><div id=\"panel-98-2-0-0\" class=\"so-panel widget widget_sow-editor panel-first-child panel-last-child\" data-index=\"2\" ><div class=\"panel-widget-style panel-widget-style-for-98-2-0-0\" ><div\n\t\t\t\n\t\t\tclass=\"so-widget-sow-editor so-widget-sow-editor-base\"\n\t\t\t\n\t\t>\n<div class=\"siteorigin-widget-tinymce textwidget\">\n\t<p style=\"text-align: justify;\">Wykonujemy kompleksowe modernizacje oraz realizujemy zadania wycinkowe w&nbsp;zakresie urz\u0105dze\u0144 automatyki i&nbsp;instalacji elektroenergetycznych. Nasz\u0105 ofert\u0119 us\u0142ug in\u017cynierskich kierujemy do&nbsp;elektrowni, elektrociep\u0142owni i&nbsp;przemys\u0142u. Obejmuj\u0105 one:<br \/><b><i><br \/>Us\u0142ugi projektowe<\/i><\/b> - w&nbsp;zakresie dokumentacji technicznych, analiz techniczno-ekonomicznych, inwentaryzacji, projekt\u00f3w technicznych, dokumentacji powykonawczych instalacji elektrycznych i&nbsp;uk\u0142ad\u00f3w automatyki. Grupa ta oferuje realizacj\u0119 prac elektromonta\u017cowych w&nbsp;zakresie:<br \/><b><i><br \/>Us\u0142ugi uk\u0142ad\u00f3w automatyki elektroenergetycznej i&nbsp;system\u00f3w sterowania<\/i><\/b> - dotycz\u0105ce kompleksowych system\u00f3w automatyzacji proces\u00f3w oraz aplikacji system\u00f3w sterowania, zabezpiecze\u0144 i&nbsp;wizualizacji.<br \/><b><i><br \/>Us\u0142ugi w&nbsp;zakresie pomiar\u00f3w elektrycznych<\/i><\/b> - dotycz\u0105ce bada\u0144 aparatury i&nbsp;urz\u0105dze\u0144 we w\u0142asnym laboratorium, bada\u0144 monta\u017cowych oraz sprawdze\u0144 okresowych na&nbsp;obiekcie, pr\u00f3b, uruchomie\u0144, rozruch\u00f3w.<\/p>\n<p style=\"text-align: justify;\" align=\"justify\"><b><i>Us\u0142ugi w&nbsp;zakresie serwisu<\/i><\/b> - dotycz\u0105ce serwis\u00f3w gwarancyjnych i&nbsp;pogwarancyjnych urz\u0105dze\u0144 w&nbsp;ramach dostaw w\u0142asnych i&nbsp;obcych.<\/p>\n<p style=\"text-align: left;\"><b><i>Nasza oferta w&nbsp;szczeg\u00f3lno\u015bci obejmuje: <\/i><\/b><\/p>\n<ul class=\"services\" style=\"text-align: left;\">\n<li>statycznych uk\u0142ad\u00f3w wzbudzenia i&nbsp;regulacji napi\u0119cia generator\u00f3w synchronicznych zar\u00f3wno wielkich jak i&nbsp;ma\u0142ych mocy<\/li>\n<li>uk\u0142ad\u00f3w sterowania, rejestracji, wizualizacji i&nbsp;sygnalizacji<\/li>\n<li>uk\u0142ad\u00f3w elektroenergetycznej automatyki zabezpieczeniowej EAZ transformator\u00f3w, generator\u00f3w, energetycznych linii kablowych i&nbsp;napowietrznych nN, SN, WN<\/li>\n<li>uk\u0142ad\u00f3w nap\u0119dowych i&nbsp;przemiennik\u00f3w cz\u0119stotliwo\u015bci dla&nbsp;p\u0142ynnej regulacji pr\u0119dko\u015bci obrotowej silnik\u00f3w asynchronicznych klatkowych<\/li>\n<li>uk\u0142ad\u00f3w pr\u0105du sta\u0142ego i&nbsp;baterii akumulator\u00f3w wraz z&nbsp;urz\u0105dzeniami do&nbsp;\u0142adowania<\/li>\n<li>system\u00f3w sterowania nadrz\u0119dnego.\n<\/li>\n<\/ul>\n<p style=\"text-align: left;\"><b><i>Ponadto oferujemy wykonanie:<\/i><\/b><\/p>\n<ul class=\"services\" style=\"text-align: justify;\">\n<li style=\"text-align: left;\">instalacji i&nbsp;urz\u0105dze\u0144 obwod\u00f3w wt\u00f3rnych elektrowni, elektrociep\u0142owni i&nbsp;stacji energetycznych<\/li>\n<li style=\"text-align: left;\">uk\u0142ad\u00f3w synchronizacji<\/li>\n<li style=\"text-align: left;\">uk\u0142ad\u00f3w SZR i&nbsp;PPZ<\/li>\n<li style=\"text-align: left;\">uk\u0142ad\u00f3w AKPiA<\/li>\n<li style=\"text-align: left;\">instalacji i&nbsp;rozdzielni elektrycznych<\/li>\n<li style=\"text-align: left;\">o\u015bwietlenia elektrycznego<\/li>\n<li style=\"text-align: left;\">system\u00f3w zasila\u0144 rezerwowych.\n<\/li>\n<\/ul>\n<p class=\"offer\" style=\"text-align: justify;\">Jako us\u0142ugowa firma in\u017cynierska prowadzimy wieloletni\u0105 wsp\u00f3\u0142prac\u0119 techniczno - handlow\u0105 ze \u015bwiatowymi liderami w&nbsp;produkcji urz\u0105dze\u0144 i&nbsp;system\u00f3w dla&nbsp;elektroenergetyki. Posiadamy odpowiedni\u0105 wiedz\u0119 i&nbsp;do\u015bwiadczenie aby&nbsp;oferowa\u0107 oraz prowadzi\u0107 prace w&nbsp;oparciu o&nbsp;urz\u0105dzenia elektroenergetycznej automatyki zabezpieczeniowej produkcji SIEMENS, Schneider-Electric, ALSTOM, ZEG-Energetyka, JM-Tronik, BASLER ELECTRIC, GE, Woodward.<\/p>\n<\/div>\n<\/div><\/div><\/div><\/div><div id=\"pgc-98-2-1\"  class=\"panel-grid-cell\" ><div id=\"panel-98-2-1-0\" class=\"so-panel widget widget_sow-editor panel-first-child panel-last-child\" data-index=\"3\" ><div class=\"panel-widget-style panel-widget-style-for-98-2-1-0\" ><div\n\t\t\t\n\t\t\tclass=\"so-widget-sow-editor so-widget-sow-editor-base\"\n\t\t\t\n\t\t>\n<div class=\"siteorigin-widget-tinymce textwidget\">\n\t<p><strong>Oferta<\/strong><\/p>\n<ul>\n<li><a href=\"http:\/\/qenergi.pl\/projektowanie-i-doradztwo-techniczne\/\">Projektowanie i&nbsp;doradztwo techniczne<\/a><\/li>\n<li><a href=\"http:\/\/qenergi.pl\/produkcja-i-prefabrykacja\/\">Produkcja i&nbsp;prefabrykacja<\/a><\/li>\n<li><a href=\"http:\/\/qenergi.pl\/wykonawstwo-obiektowe\/\">Wykonawstwo obiektowe<\/a><\/li>\n<li><a href=\"http:\/\/qenergi.pl\/automatyka-elektroenergetyczna-i-eaz\/\">Automatyka elektroenergetyczna i&nbsp;EAZ<\/a><\/li>\n<li><a href=\"http:\/\/qenergi.pl\/inteligentne-systemy-sterowania-i-nadzoru-ssin\/\">Inteligentne systemy sterowania i&nbsp;nadzoru (SSIN)<\/a><\/li>\n<li><a href=\"http:\/\/qenergi.pl\/pomiary-i-uruchomienia\/\">Pomiary i&nbsp;uruchomienia<\/a><\/li>\n<li><a href=\"http:\/\/qenergi.pl\/serwis-gwarancyjny-i-pogwarancyjny\/\">Serwis gwarancyjny i&nbsp;pogwarancyjny<\/a><\/li>\n<li><a href=\"http:\/\/qenergi.pl\/generalna-realizacja-inwestycji\/\">Generalna realizacja inwestycji<\/a><\/li>\n<\/ul>\n<p><strong>Przydatne linki<\/strong><\/p>\n<ul class=\"services\">\n<li><a href=\"http:\/\/www.ure.gov.pl\"> Urz\u0105d Regulacji Energetyki<\/a><\/li>\n<li><a href=\"http:\/\/www.cire.pl\">Centrum Informacji o&nbsp;Rynku Energii<\/a><\/li>\n<li><a href=\"http:\/\/www.sep.katowice.pl\">SEP Katowice<\/a><\/li>\n<\/ul>\n<\/div>\n<\/div><\/div><\/div><\/div><\/div><\/div><\/div>","protected":false},"excerpt":{"rendered":"<p>Automatyka elektroenergetyczna i&nbsp;EAZ Wykonujemy kompleksowe modernizacje oraz realizujemy zadania wycinkowe w&nbsp;zakresie urz\u0105dze\u0144 automatyki i&nbsp;instalacji elektroenergetycznych. Nasz\u0105 ofert\u0119 us\u0142ug in\u017cynierskich kierujemy do&nbsp;elektrowni, elektrociep\u0142owni i&nbsp;przemys\u0142u. Obejmuj\u0105 one:Us\u0142ugi projektowe &#8211; w&nbsp;zakresie dokumentacji technicznych, analiz techniczno-ekonomicznych, inwentaryzacji, projekt\u00f3w technicznych, dokumentacji powykonawczych instalacji elektrycznych i&nbsp;uk\u0142ad\u00f3w automatyki. Grupa ta oferuje realizacj\u0119 prac elektromonta\u017cowych w&nbsp;zakresie:Us\u0142ugi uk\u0142ad\u00f3w automatyki elektroenergetycznej i&nbsp;system\u00f3w sterowania &#8211; dotycz\u0105ce [&hellip;]<\/p>\n","protected":false},"author":2,"featured_media":1579,"parent":0,"menu_order":0,"comment_status":"closed","ping_status":"closed","template":"page-templates\/page_front-page.php","meta":{"ngg_post_thumbnail":0},"_links":{"self":[{"href":"https:\/\/qenergi.pl\/pl\/wp-json\/wp\/v2\/pages\/98"}],"collection":[{"href":"https:\/\/qenergi.pl\/pl\/wp-json\/wp\/v2\/pages"}],"about":[{"href":"https:\/\/qenergi.pl\/pl\/wp-json\/wp\/v2\/types\/page"}],"author":[{"embeddable":true,"href":"https:\/\/qenergi.pl\/pl\/wp-json\/wp\/v2\/users\/2"}],"replies":[{"embeddable":true,"href":"https:\/\/qenergi.pl\/pl\/wp-json\/wp\/v2\/comments?post=98"}],"version-history":[{"count":0,"href":"https:\/\/qenergi.pl\/pl\/wp-json\/wp\/v2\/pages\/98\/revisions"}],"wp:featuredmedia":[{"embeddable":true,"href":"https:\/\/qenergi.pl\/pl\/wp-json\/wp\/v2\/media\/1579"}],"wp:attachment":[{"href":"https:\/\/qenergi.pl\/pl\/wp-json\/wp\/v2\/media?parent=98"}],"curies":[{"name":"wp","href":"https:\/\/api.w.org\/{rel}","templated":true}]}}